{"id":14087,"date":"2025-09-15T16:52:40","date_gmt":"2025-09-15T14:52:40","guid":{"rendered":"https:\/\/boreait.com\/fr\/?post_type=product&#038;p=14087"},"modified":"2026-01-27T13:21:27","modified_gmt":"2026-01-27T12:21:27","slug":"13n1-7ea0811-dissipateur-thermique-asus-authentique-pour-chromebook-flip-c434t","status":"publish","type":"product","link":"https:\/\/boreait.com\/fr\/produit\/13n1-7ea0811-dissipateur-thermique-asus-authentique-pour-chromebook-flip-c434t\/","title":{"rendered":"13N1-7EA0811 DISSIPATEUR THERMIQUE ASUS AUTHENTIQUE POUR CHROMEBOOK FLIP C434T"},"content":{"rendered":"<p>Am\u00e9liorez le refroidissement de votre ASUS Chromebook Flip C434T avec le dissipateur thermique d&rsquo;origine (r\u00e9f\u00e9rence 13N1-7EA0811). Con\u00e7ue pour la durabilit\u00e9 et la compatibilit\u00e9, cette pi\u00e8ce de rechange authentique assure une dissipation thermique optimale et une installation facile.<\/p>\n<p>Principales caract\u00e9ristiques\u00a0:<\/p>\n<p>&#8211; Pi\u00e8ce de rechange ASUS d&rsquo;origine\u00a0: Compatibilit\u00e9 et fiabilit\u00e9 garanties avec une pi\u00e8ce de rechange authentique.<\/p>\n<p>&#8211; Refroidissement am\u00e9lior\u00e9\u00a0: Am\u00e9liorez les performances de votre appareil en maintenant des temp\u00e9ratures de fonctionnement optimales.<\/p>\n<p>&#8211; Installation facile\u00a0: Am\u00e9liorez le syst\u00e8me de refroidissement de votre appareil sans effort gr\u00e2ce \u00e0 une installation simple.<\/p>\n<p>&#8211; Construction durable\u00a0: Con\u00e7u pour r\u00e9sister \u00e0 l&rsquo;usure, garantissant long\u00e9vit\u00e9 et fiabilit\u00e9.<\/p>\n<p>Mettez \u00e0 niveau votre ASUS Chromebook Flip C434T d\u00e8s aujourd&rsquo;hui avec le dissipateur thermique d&rsquo;origine. Achetez en toute confiance, sachant que vous investissez dans une pi\u00e8ce de rechange de qualit\u00e9. Pour toute question ou assistance, n&rsquo;h\u00e9sitez pas \u00e0 nous contacter. Nous sommes l\u00e0 pour vous aider \u00e0 am\u00e9liorer les performances de votre appareil.<\/p>\n","protected":false},"excerpt":{"rendered":"<p>Am\u00e9liorez le syst\u00e8me de refroidissement de votre ASUS Chromebook Flip C434T avec ce dissipateur thermique d&rsquo;origine. Con\u00e7u pour une dissipation thermique optimale et compatible avec la r\u00e9f\u00e9rence 13N1-7EA0811, il optimisera les performances de votre appareil d\u00e8s aujourd&rsquo;hui\u00a0!<\/p>\n","protected":false},"featured_media":14132,"template":"","meta":[],"product_brand":[],"product_cat":[69],"product_tag":[66],"class_list":{"0":"post-14087","1":"product","2":"type-product","3":"status-publish","4":"has-post-thumbnail","6":"product_cat-cpu-fans-heatsinks","7":"product_tag-asus","9":"first","10":"instock","11":"taxable","12":"shipping-taxable","13":"purchasable","14":"product-type-simple"},"_links":{"self":[{"href":"https:\/\/boreait.com\/fr\/wp-json\/wp\/v2\/product\/14087","targetHints":{"allow":["GET"]}}],"collection":[{"href":"https:\/\/boreait.com\/fr\/wp-json\/wp\/v2\/product"}],"about":[{"href":"https:\/\/boreait.com\/fr\/wp-json\/wp\/v2\/types\/product"}],"wp:featuredmedia":[{"embeddable":true,"href":"https:\/\/boreait.com\/fr\/wp-json\/wp\/v2\/media\/14132"}],"wp:attachment":[{"href":"https:\/\/boreait.com\/fr\/wp-json\/wp\/v2\/media?parent=14087"}],"wp:term":[{"taxonomy":"product_brand","embeddable":true,"href":"https:\/\/boreait.com\/fr\/wp-json\/wp\/v2\/product_brand?post=14087"},{"taxonomy":"product_cat","embeddable":true,"href":"https:\/\/boreait.com\/fr\/wp-json\/wp\/v2\/product_cat?post=14087"},{"taxonomy":"product_tag","embeddable":true,"href":"https:\/\/boreait.com\/fr\/wp-json\/wp\/v2\/product_tag?post=14087"}],"curies":[{"name":"wp","href":"https:\/\/api.w.org\/{rel}","templated":true}]}}