{"id":14069,"date":"2025-09-15T16:52:14","date_gmt":"2025-09-15T14:52:14","guid":{"rendered":"https:\/\/boreait.com\/fr\/?post_type=product&#038;p=14069"},"modified":"2025-09-15T16:53:19","modified_gmt":"2025-09-15T14:53:19","slug":"carte-mere-dorigine-pour-ordinateur-portable-asus-chromebook-flip-c434ta-m3-8100y-8-go-64-go","status":"publish","type":"product","link":"https:\/\/boreait.com\/fr\/produit\/carte-mere-dorigine-pour-ordinateur-portable-asus-chromebook-flip-c434ta-m3-8100y-8-go-64-go\/","title":{"rendered":"Carte m\u00e8re d&rsquo;origine pour ordinateur portable ASUS Chromebook Flip C434TA M3-8100Y \/ 8 Go \/ 64 Go"},"content":{"rendered":"<p><strong>ENTI\u00c8REMENT TEST\u00c9E\u00a0!<\/strong><\/p>\n<p>Am\u00e9liorez les performances de votre ASUS Chromebook Flip C434TA avec cette carte m\u00e8re d&rsquo;origine. Con\u00e7ue pour une compatibilit\u00e9 et une fiabilit\u00e9 optimales, cette pi\u00e8ce de rechange authentique garantit des performances optimales pour votre appareil. <\/p>\n<p>Sp\u00e9cifications\u00a0:<\/p>\n<ul>\n<li><span data-sheets-root=\"1\" data-sheets-value=\"{&quot;1&quot;:2,&quot;2&quot;:&quot;M3-8100Y&quot;}\" data-sheets-userformat=\"{&quot;2&quot;:13185,&quot;3&quot;:{&quot;1&quot;:0},&quot;10&quot;:2,&quot;11&quot;:0,&quot;12&quot;:0,&quot;15&quot;:&quot;Calibri&quot;,&quot;16&quot;:11}\">Processeur M3-8100Y<\/span><\/li>\n<li>8\u00a0Go de RAM<\/li>\n<li>Disque dur de 64\u00a0Go<\/li>\n<\/ul>\n<p>Principales caract\u00e9ristiques\u00a0:<\/p>\n<p>&#8211; Pi\u00e8ce de rechange ASUS d&rsquo;origine\u00a0: Compatibilit\u00e9 garantie et Fiabilit\u00e9 avec une pi\u00e8ce de rechange authentique.<\/p>\n<p>&#8211; Installation facile\u00a0: Mettez \u00e0 niveau votre appareil sans effort gr\u00e2ce \u00e0 une installation simple.<\/p>\n<p>&#8211; Performances am\u00e9lior\u00e9es\u00a0: Optimisez les fonctionnalit\u00e9s et la vitesse de votre Chromebook avec cette carte m\u00e8re.<\/p>\n<p>&#8211; Compatibilit\u00e9\u00a0: Con\u00e7ue sp\u00e9cifiquement pour l&rsquo;ASUS Chromebook Flip C434TA pour une compatibilit\u00e9 parfaite et une int\u00e9gration fluide.<\/p>\n<p>&#8211; Assurance qualit\u00e9\u00a0: Ayez l&rsquo;esprit tranquille\u00a0: vous investissez dans une technologie ASUS authentique, soutenue par des tests rigoureux de qualit\u00e9.<\/p>\n<p>Mettez \u00e0 niveau votre ASUS Chromebook Flip C434TA d\u00e8s aujourd&rsquo;hui avec la carte m\u00e8re d&rsquo;origine pour ordinateur portable. Achetez en toute confiance, sachant que vous investissez dans une pi\u00e8ce de rechange de qualit\u00e9 pour votre appareil. Pour toute question ou besoin d&rsquo;aide, n&rsquo;h\u00e9sitez pas \u00e0 nous contacter. Nous sommes l\u00e0 pour vous aider \u00e0 am\u00e9liorer les performances de votre Chromebook.<\/p>\n","protected":false},"excerpt":{"rendered":"<p>Am\u00e9liorez votre ASUS Chromebook Flip C434TA avec cette carte m\u00e8re d&rsquo;origine pour ordinateur portable. Facile \u00e0 installer et compatible avec votre appareil, cette carte m\u00e8re garantit des performances fiables. Optimisez les fonctionnalit\u00e9s de votre Chromebook d\u00e8s aujourd&rsquo;hui\u00a0!<\/p>\n","protected":false},"featured_media":14128,"template":"","meta":[],"product_brand":[],"product_cat":[63],"product_tag":[66],"class_list":{"0":"post-14069","1":"product","2":"type-product","3":"status-publish","4":"has-post-thumbnail","6":"product_cat-motherboards-board-parts","7":"product_tag-asus","9":"first","10":"instock","11":"taxable","12":"shipping-taxable","13":"purchasable","14":"product-type-simple"},"_links":{"self":[{"href":"https:\/\/boreait.com\/fr\/wp-json\/wp\/v2\/product\/14069","targetHints":{"allow":["GET"]}}],"collection":[{"href":"https:\/\/boreait.com\/fr\/wp-json\/wp\/v2\/product"}],"about":[{"href":"https:\/\/boreait.com\/fr\/wp-json\/wp\/v2\/types\/product"}],"wp:featuredmedia":[{"embeddable":true,"href":"https:\/\/boreait.com\/fr\/wp-json\/wp\/v2\/media\/14128"}],"wp:attachment":[{"href":"https:\/\/boreait.com\/fr\/wp-json\/wp\/v2\/media?parent=14069"}],"wp:term":[{"taxonomy":"product_brand","embeddable":true,"href":"https:\/\/boreait.com\/fr\/wp-json\/wp\/v2\/product_brand?post=14069"},{"taxonomy":"product_cat","embeddable":true,"href":"https:\/\/boreait.com\/fr\/wp-json\/wp\/v2\/product_cat?post=14069"},{"taxonomy":"product_tag","embeddable":true,"href":"https:\/\/boreait.com\/fr\/wp-json\/wp\/v2\/product_tag?post=14069"}],"curies":[{"name":"wp","href":"https:\/\/api.w.org\/{rel}","templated":true}]}}