{"id":14054,"date":"2025-09-15T16:51:50","date_gmt":"2025-09-15T14:51:50","guid":{"rendered":"https:\/\/boreait.com\/fr\/?post_type=product&#038;p=14054"},"modified":"2026-01-27T12:02:36","modified_gmt":"2026-01-27T11:02:36","slug":"pare-chocs-arriere-gauche-en-caoutchouc-robuste-pour-dell-latitude-14-7404-2","status":"publish","type":"product","link":"https:\/\/boreait.com\/fr\/produit\/pare-chocs-arriere-gauche-en-caoutchouc-robuste-pour-dell-latitude-14-7404-2\/","title":{"rendered":"Pare-chocs arri\u00e8re gauche en caoutchouc robuste pour Dell Latitude 14 7404"},"content":{"rendered":"<p>Am\u00e9liorez la protection de votre ordinateur portable Dell Latitude 14 7404 Rugged Extreme gr\u00e2ce \u00e0 la protection d&rsquo;angle arri\u00e8re gauche en caoutchouc d&rsquo;origine. Con\u00e7ue pour une durabilit\u00e9 et un ajustement parfait, cette pi\u00e8ce de rechange authentique garantit la robustesse et la protection de votre ordinateur portable.<\/p>\n<p>Principales caract\u00e9ristiques\u00a0:<\/p>\n<p>&#8211; Pi\u00e8ce de rechange Dell d&rsquo;origine\u00a0: Compatibilit\u00e9 et fiabilit\u00e9 garanties gr\u00e2ce \u00e0 une pi\u00e8ce de rechange authentique.<\/p>\n<p>&#8211; Installation facile\u00a0: Am\u00e9liorez la protection de votre ordinateur portable sans effort gr\u00e2ce \u00e0 une installation simple.<\/p>\n<p>&#8211; Protection renforc\u00e9e\u00a0: Prot\u00e9gez l&rsquo;angle arri\u00e8re gauche de votre ordinateur portable des chocs et de l&rsquo;usure.<\/p>\n<p>&#8211; Construction durable\u00a0: Con\u00e7ue pour r\u00e9sister aux conditions extr\u00eames, elle garantit long\u00e9vit\u00e9 et fiabilit\u00e9.<\/p>\n<p>Am\u00e9liorez votre ordinateur portable Dell Latitude 14 7404 Rugged Extreme d\u00e8s aujourd&rsquo;hui avec la protection d&rsquo;angle arri\u00e8re gauche en caoutchouc d&rsquo;origine. Achetez en toute confiance, sachant que vous investissez dans une pi\u00e8ce de rechange de qualit\u00e9. Pour toute question ou assistance, n&rsquo;h\u00e9sitez pas \u00e0 nous contacter. Nous sommes l\u00e0 pour vous aider \u00e0 am\u00e9liorer la protection et la durabilit\u00e9 de votre ordinateur portable.<\/p>\n","protected":false},"excerpt":{"rendered":"<p>Prot\u00e9gez votre Dell Latitude 14 7404 Rugged Extreme avec ce pare-chocs arri\u00e8re gauche en caoutchouc d&rsquo;origine. Facile \u00e0 installer et durable, ce pare-chocs assure la robustesse et la long\u00e9vit\u00e9 de votre ordinateur portable. Am\u00e9liorez la protection de votre ordinateur portable d\u00e8s aujourd&rsquo;hui\u00a0!<\/p>\n","protected":false},"featured_media":14107,"template":"","meta":[],"product_brand":[],"product_cat":[52],"product_tag":[53],"class_list":{"0":"post-14054","1":"product","2":"type-product","3":"status-publish","4":"has-post-thumbnail","6":"product_cat-laptop-housing","7":"product_tag-dell","9":"first","10":"instock","11":"taxable","12":"shipping-taxable","13":"purchasable","14":"product-type-simple"},"_links":{"self":[{"href":"https:\/\/boreait.com\/fr\/wp-json\/wp\/v2\/product\/14054","targetHints":{"allow":["GET"]}}],"collection":[{"href":"https:\/\/boreait.com\/fr\/wp-json\/wp\/v2\/product"}],"about":[{"href":"https:\/\/boreait.com\/fr\/wp-json\/wp\/v2\/types\/product"}],"wp:featuredmedia":[{"embeddable":true,"href":"https:\/\/boreait.com\/fr\/wp-json\/wp\/v2\/media\/14107"}],"wp:attachment":[{"href":"https:\/\/boreait.com\/fr\/wp-json\/wp\/v2\/media?parent=14054"}],"wp:term":[{"taxonomy":"product_brand","embeddable":true,"href":"https:\/\/boreait.com\/fr\/wp-json\/wp\/v2\/product_brand?post=14054"},{"taxonomy":"product_cat","embeddable":true,"href":"https:\/\/boreait.com\/fr\/wp-json\/wp\/v2\/product_cat?post=14054"},{"taxonomy":"product_tag","embeddable":true,"href":"https:\/\/boreait.com\/fr\/wp-json\/wp\/v2\/product_tag?post=14054"}],"curies":[{"name":"wp","href":"https:\/\/api.w.org\/{rel}","templated":true}]}}