{"id":14053,"date":"2025-09-15T16:51:49","date_gmt":"2025-09-15T14:51:49","guid":{"rendered":"https:\/\/boreait.com\/fr\/?post_type=product&#038;p=14053"},"modified":"2026-01-27T12:02:21","modified_gmt":"2026-01-27T11:02:21","slug":"pare-chocs-robustes-et-authentiques-pour-dell-latitude-7404-3","status":"publish","type":"product","link":"https:\/\/boreait.com\/fr\/produit\/pare-chocs-robustes-et-authentiques-pour-dell-latitude-7404-3\/","title":{"rendered":"Pare-chocs robustes et authentiques pour Dell Latitude 7404"},"content":{"rendered":"<p>Am\u00e9liorez la durabilit\u00e9 et la robustesse de votre ordinateur portable Dell Latitude 7404 Rugged gr\u00e2ce \u00e0 ces protections d&rsquo;origine. Con\u00e7ues pour durer et sp\u00e9cialement pour votre appareil, ces protections offrent une protection renforc\u00e9e contre les chocs et les impacts.<\/p>\n<p>Principales caract\u00e9ristiques\u00a0:<\/p>\n<p>&#8211; Pi\u00e8ce de rechange Dell d&rsquo;origine\u00a0: Compatibilit\u00e9 et fiabilit\u00e9 garanties avec des pi\u00e8ces de rechange authentiques.<\/p>\n<p>&#8211; Durabilit\u00e9 accrue\u00a0: Prot\u00e9gez votre ordinateur portable des chocs et des impacts gr\u00e2ce \u00e0 ces protections robustes.<\/p>\n<p>&#8211; Installation facile\u00a0: Am\u00e9liorez la durabilit\u00e9 de votre ordinateur portable sans effort gr\u00e2ce \u00e0 une installation simple.<\/p>\n<p>&#8211; Con\u00e7u pour une utilisation intensive\u00a0: Con\u00e7u pour r\u00e9sister aux conditions difficiles, garantissant long\u00e9vit\u00e9 et fiabilit\u00e9.<\/p>\n<p>Am\u00e9liorez votre ordinateur portable Dell Latitude 7404 Rugged d\u00e8s aujourd&rsquo;hui avec ces protections d&rsquo;origine. Achetez en toute confiance, sachant que vous investissez dans des pi\u00e8ces de rechange de qualit\u00e9 pour votre appareil. Pour toute question ou besoin d&rsquo;aide, n&rsquo;h\u00e9sitez pas \u00e0 nous contacter. Nous sommes l\u00e0 pour vous aider \u00e0 am\u00e9liorer la durabilit\u00e9 de votre appareil.<\/p>\n","protected":false},"excerpt":{"rendered":"<p>Am\u00e9liorez la durabilit\u00e9 de votre Dell Latitude 7404 Rugged gr\u00e2ce \u00e0 ces protections d&rsquo;origine. Con\u00e7ues pour une utilisation intensive, elles offrent une protection renforc\u00e9e \u00e0 votre appareil. Am\u00e9liorez la durabilit\u00e9 de votre ordinateur portable d\u00e8s aujourd&rsquo;hui\u00a0!<\/p>\n","protected":false},"featured_media":14106,"template":"","meta":[],"product_brand":[],"product_cat":[52],"product_tag":[53],"class_list":{"0":"post-14053","1":"product","2":"type-product","3":"status-publish","4":"has-post-thumbnail","6":"product_cat-laptop-housing","7":"product_tag-dell","9":"first","10":"instock","11":"taxable","12":"shipping-taxable","13":"purchasable","14":"product-type-simple"},"_links":{"self":[{"href":"https:\/\/boreait.com\/fr\/wp-json\/wp\/v2\/product\/14053","targetHints":{"allow":["GET"]}}],"collection":[{"href":"https:\/\/boreait.com\/fr\/wp-json\/wp\/v2\/product"}],"about":[{"href":"https:\/\/boreait.com\/fr\/wp-json\/wp\/v2\/types\/product"}],"wp:featuredmedia":[{"embeddable":true,"href":"https:\/\/boreait.com\/fr\/wp-json\/wp\/v2\/media\/14106"}],"wp:attachment":[{"href":"https:\/\/boreait.com\/fr\/wp-json\/wp\/v2\/media?parent=14053"}],"wp:term":[{"taxonomy":"product_brand","embeddable":true,"href":"https:\/\/boreait.com\/fr\/wp-json\/wp\/v2\/product_brand?post=14053"},{"taxonomy":"product_cat","embeddable":true,"href":"https:\/\/boreait.com\/fr\/wp-json\/wp\/v2\/product_cat?post=14053"},{"taxonomy":"product_tag","embeddable":true,"href":"https:\/\/boreait.com\/fr\/wp-json\/wp\/v2\/product_tag?post=14053"}],"curies":[{"name":"wp","href":"https:\/\/api.w.org\/{rel}","templated":true}]}}