{"id":14049,"date":"2025-09-15T16:51:49","date_gmt":"2025-09-15T14:51:49","guid":{"rendered":"https:\/\/boreait.com\/fr\/?post_type=product&#038;p=14049"},"modified":"2026-01-27T12:01:29","modified_gmt":"2026-01-27T11:01:29","slug":"cache-de-batterie-dorigine-pour-dell-latitude-7404-rugged-x0ydk","status":"publish","type":"product","link":"https:\/\/boreait.com\/fr\/produit\/cache-de-batterie-dorigine-pour-dell-latitude-7404-rugged-x0ydk\/","title":{"rendered":"Cache de batterie d&rsquo;origine pour Dell Latitude 7404 Rugged X0YDK"},"content":{"rendered":"<p>Am\u00e9liorez la s\u00e9curit\u00e9 et la protection de votre ordinateur portable Dell Latitude 7404 Rugged gr\u00e2ce au cache de verrouillage du compartiment \u00e0 batterie d&rsquo;origine, r\u00e9f\u00e9rence X0YDK. Con\u00e7ue pour offrir durabilit\u00e9 et compatibilit\u00e9, cette pi\u00e8ce de rechange authentique garantit le verrouillage du compartiment \u00e0 batterie de votre appareil.<\/p>\n<p>Principales caract\u00e9ristiques\u00a0:<\/p>\n<p>&#8211; Pi\u00e8ce de rechange Dell d&rsquo;origine\u00a0: Compatibilit\u00e9 et fiabilit\u00e9 garanties gr\u00e2ce \u00e0 une pi\u00e8ce de rechange authentique.<\/p>\n<p>&#8211; Installation facile\u00a0: Mettez \u00e0 niveau votre appareil sans effort gr\u00e2ce \u00e0 une installation simple.<\/p>\n<p>&#8211; S\u00e9curit\u00e9 renforc\u00e9e\u00a0: Maintenez le compartiment \u00e0 batterie de votre ordinateur portable bien verrouill\u00e9 et prot\u00e9g\u00e9.<\/p>\n<p>&#8211; Construction robuste\u00a0: Con\u00e7ue pour r\u00e9sister \u00e0 une utilisation intensive, elle garantit long\u00e9vit\u00e9 et fiabilit\u00e9.<\/p>\n<p>Am\u00e9liorez votre ordinateur portable Dell Latitude 7404 Rugged d\u00e8s aujourd&rsquo;hui gr\u00e2ce au cache de verrouillage du compartiment \u00e0 batterie d&rsquo;origine. Achetez en toute confiance, sachant que vous investissez dans une pi\u00e8ce de rechange de qualit\u00e9 pour votre appareil. Pour toute question ou besoin d&rsquo;aide, n&rsquo;h\u00e9sitez pas \u00e0 nous contacter. Nous sommes l\u00e0 pour vous aider \u00e0 am\u00e9liorer la s\u00e9curit\u00e9 et la protection de votre appareil.<\/p>\n","protected":false},"excerpt":{"rendered":"<p>Remplacez le cache du couvercle de la batterie de votre Dell Latitude 7404 Rugged par cette pi\u00e8ce d&rsquo;origine. Facile \u00e0 installer et compatible avec la r\u00e9f\u00e9rence X0YDK, elle garantit la s\u00e9curit\u00e9 et la protection de votre appareil\u00a0!<\/p>\n","protected":false},"featured_media":14102,"template":"","meta":[],"product_brand":[],"product_cat":[52],"product_tag":[53],"class_list":{"0":"post-14049","1":"product","2":"type-product","3":"status-publish","4":"has-post-thumbnail","6":"product_cat-laptop-housing","7":"product_tag-dell","9":"first","10":"instock","11":"taxable","12":"shipping-taxable","13":"purchasable","14":"product-type-simple"},"_links":{"self":[{"href":"https:\/\/boreait.com\/fr\/wp-json\/wp\/v2\/product\/14049","targetHints":{"allow":["GET"]}}],"collection":[{"href":"https:\/\/boreait.com\/fr\/wp-json\/wp\/v2\/product"}],"about":[{"href":"https:\/\/boreait.com\/fr\/wp-json\/wp\/v2\/types\/product"}],"wp:featuredmedia":[{"embeddable":true,"href":"https:\/\/boreait.com\/fr\/wp-json\/wp\/v2\/media\/14102"}],"wp:attachment":[{"href":"https:\/\/boreait.com\/fr\/wp-json\/wp\/v2\/media?parent=14049"}],"wp:term":[{"taxonomy":"product_brand","embeddable":true,"href":"https:\/\/boreait.com\/fr\/wp-json\/wp\/v2\/product_brand?post=14049"},{"taxonomy":"product_cat","embeddable":true,"href":"https:\/\/boreait.com\/fr\/wp-json\/wp\/v2\/product_cat?post=14049"},{"taxonomy":"product_tag","embeddable":true,"href":"https:\/\/boreait.com\/fr\/wp-json\/wp\/v2\/product_tag?post=14049"}],"curies":[{"name":"wp","href":"https:\/\/api.w.org\/{rel}","templated":true}]}}