{"id":14047,"date":"2025-09-15T16:51:49","date_gmt":"2025-09-15T14:51:49","guid":{"rendered":"https:\/\/boreait.com\/fr\/?post_type=product&#038;p=14047"},"modified":"2025-09-15T16:52:51","modified_gmt":"2025-09-15T14:52:51","slug":"cache-de-port-e-s-robuste-oem-dell-latitude-7404-7414-mal12-ytthh","status":"publish","type":"product","link":"https:\/\/boreait.com\/fr\/produit\/cache-de-port-e-s-robuste-oem-dell-latitude-7404-7414-mal12-ytthh\/","title":{"rendered":"Cache de port E\/S robuste OEM Dell Latitude 7404 7414 MAL12 YTTHH"},"content":{"rendered":"<p>Am\u00e9liorez la protection de votre ordinateur portable Dell Latitude 7404 ou 7414 Rugged gr\u00e2ce au cache-ports E\/S OEM, r\u00e9f\u00e9rences MAL12 et YTTHH. Con\u00e7ue pour une durabilit\u00e9 et un ajustement parfait, cette pi\u00e8ce de rechange authentique prot\u00e8ge les ports de votre appareil de la poussi\u00e8re et des dommages.<\/p>\n<p>Principales caract\u00e9ristiques\u00a0:<\/p>\n<p>&#8211; Remplacement OEM Dell\u00a0: Compatibilit\u00e9 et fiabilit\u00e9 garanties gr\u00e2ce \u00e0 une pi\u00e8ce de rechange authentique.<\/p>\n<p>&#8211; Installation facile\u00a0: Mettez \u00e0 niveau votre appareil sans effort gr\u00e2ce \u00e0 une installation simple.<\/p>\n<p>&#8211; Protection renforc\u00e9e\u00a0: Prot\u00e9gez les ports de votre ordinateur portable de la poussi\u00e8re, des d\u00e9bris et des dommages potentiels.<\/p>\n<p>&#8211; Construction robuste\u00a0: Con\u00e7ue pour r\u00e9sister \u00e0 une utilisation intensive, elle garantit long\u00e9vit\u00e9 et fiabilit\u00e9.<\/p>\n<p>Mettez \u00e0 niveau votre ordinateur portable Dell Latitude 7404 ou 7414 Rugged d\u00e8s aujourd&rsquo;hui avec le cache-ports E\/S OEM. Achetez en toute confiance, sachant que vous investissez dans une pi\u00e8ce de rechange de qualit\u00e9 pour votre appareil. Pour toute question ou assistance, n&rsquo;h\u00e9sitez pas \u00e0 nous contacter. Nous sommes l\u00e0 pour vous aider \u00e0 prot\u00e9ger et \u00e0 am\u00e9liorer les fonctionnalit\u00e9s de votre appareil.<\/p>\n","protected":false},"excerpt":{"rendered":"<p>Am\u00e9liorez votre ordinateur portable Dell Latitude 7404 ou 7414 Rugged avec ce cache de port E\/S OEM. Facile \u00e0 installer et compatible avec les r\u00e9f\u00e9rences MAL12 et YTTHH. Prot\u00e9gez les ports de votre appareil d\u00e8s aujourd&rsquo;hui\u00a0!<\/p>\n","protected":false},"featured_media":14100,"template":"","meta":[],"product_brand":[],"product_cat":[52],"product_tag":[53],"class_list":{"0":"post-14047","1":"product","2":"type-product","3":"status-publish","4":"has-post-thumbnail","6":"product_cat-laptop-housing","7":"product_tag-dell","9":"first","10":"instock","11":"taxable","12":"shipping-taxable","13":"purchasable","14":"product-type-simple"},"_links":{"self":[{"href":"https:\/\/boreait.com\/fr\/wp-json\/wp\/v2\/product\/14047","targetHints":{"allow":["GET"]}}],"collection":[{"href":"https:\/\/boreait.com\/fr\/wp-json\/wp\/v2\/product"}],"about":[{"href":"https:\/\/boreait.com\/fr\/wp-json\/wp\/v2\/types\/product"}],"wp:featuredmedia":[{"embeddable":true,"href":"https:\/\/boreait.com\/fr\/wp-json\/wp\/v2\/media\/14100"}],"wp:attachment":[{"href":"https:\/\/boreait.com\/fr\/wp-json\/wp\/v2\/media?parent=14047"}],"wp:term":[{"taxonomy":"product_brand","embeddable":true,"href":"https:\/\/boreait.com\/fr\/wp-json\/wp\/v2\/product_brand?post=14047"},{"taxonomy":"product_cat","embeddable":true,"href":"https:\/\/boreait.com\/fr\/wp-json\/wp\/v2\/product_cat?post=14047"},{"taxonomy":"product_tag","embeddable":true,"href":"https:\/\/boreait.com\/fr\/wp-json\/wp\/v2\/product_tag?post=14047"}],"curies":[{"name":"wp","href":"https:\/\/api.w.org\/{rel}","templated":true}]}}