{"id":14046,"date":"2025-09-15T16:51:48","date_gmt":"2025-09-15T14:51:48","guid":{"rendered":"https:\/\/boreait.com\/fr\/?post_type=product&#038;p=14046"},"modified":"2026-01-27T12:00:53","modified_gmt":"2026-01-27T11:00:53","slug":"veritable-dell-latitude-14-7404-rugged-flap-7404sdcvr-a","status":"publish","type":"product","link":"https:\/\/boreait.com\/fr\/produit\/veritable-dell-latitude-14-7404-rugged-flap-7404sdcvr-a\/","title":{"rendered":"V\u00e9ritable DELL Latitude 14 7404 Rugged Flap 7404SDCVR A"},"content":{"rendered":"<p>Am\u00e9liorez la durabilit\u00e9 et les fonctionnalit\u00e9s de votre ordinateur portable Dell Latitude 14 7404 Rugged gr\u00e2ce au rabat d&rsquo;origine (r\u00e9f\u00e9rence 7404SDCVR A). Con\u00e7ue pour offrir robustesse et fiabilit\u00e9, cette pi\u00e8ce de rechange authentique garantit la protection et le bon fonctionnement de votre appareil.<\/p>\n<p>Principales caract\u00e9ristiques\u00a0:<\/p>\n<p>&#8211; Pi\u00e8ce de rechange Dell d&rsquo;origine\u00a0: Compatibilit\u00e9 et fiabilit\u00e9 garanties gr\u00e2ce \u00e0 une pi\u00e8ce de rechange authentique.<\/p>\n<p>&#8211; Installation facile\u00a0: Mettez \u00e0 niveau votre appareil sans effort gr\u00e2ce \u00e0 une installation simple.<\/p>\n<p>&#8211; Durabilit\u00e9 accrue\u00a0: Am\u00e9liorez la protection de votre ordinateur portable gr\u00e2ce \u00e0 ce rabat durable et robuste.<\/p>\n<p>&#8211; Construction robuste\u00a0: Con\u00e7u pour r\u00e9sister aux environnements difficiles, pour des performances durables.<\/p>\n<p>Mettez \u00e0 niveau votre ordinateur portable Dell Latitude 14 7404 Rugged d\u00e8s aujourd&rsquo;hui avec le rabat d&rsquo;origine. Achetez en toute confiance, sachant que vous investissez dans une pi\u00e8ce de rechange de qualit\u00e9. Pour toute question ou assistance, n&rsquo;h\u00e9sitez pas \u00e0 nous contacter. Nous sommes l\u00e0 pour vous aider \u00e0 am\u00e9liorer la durabilit\u00e9 et les fonctionnalit\u00e9s de votre appareil.<\/p>\n","protected":false},"excerpt":{"rendered":"<p>Am\u00e9liorez la durabilit\u00e9 de votre Dell Latitude 14 7404 Rugged avec ce rabat d&rsquo;origine. Facile \u00e0 installer et compatible avec la r\u00e9f\u00e9rence 7404SDCVR A. Am\u00e9liorez la durabilit\u00e9 de votre appareil d\u00e8s aujourd&rsquo;hui\u00a0!<\/p>\n","protected":false},"featured_media":14099,"template":"","meta":[],"product_brand":[],"product_cat":[52],"product_tag":[53],"class_list":{"0":"post-14046","1":"product","2":"type-product","3":"status-publish","4":"has-post-thumbnail","6":"product_cat-laptop-housing","7":"product_tag-dell","9":"first","10":"instock","11":"taxable","12":"shipping-taxable","13":"purchasable","14":"product-type-simple"},"_links":{"self":[{"href":"https:\/\/boreait.com\/fr\/wp-json\/wp\/v2\/product\/14046","targetHints":{"allow":["GET"]}}],"collection":[{"href":"https:\/\/boreait.com\/fr\/wp-json\/wp\/v2\/product"}],"about":[{"href":"https:\/\/boreait.com\/fr\/wp-json\/wp\/v2\/types\/product"}],"wp:featuredmedia":[{"embeddable":true,"href":"https:\/\/boreait.com\/fr\/wp-json\/wp\/v2\/media\/14099"}],"wp:attachment":[{"href":"https:\/\/boreait.com\/fr\/wp-json\/wp\/v2\/media?parent=14046"}],"wp:term":[{"taxonomy":"product_brand","embeddable":true,"href":"https:\/\/boreait.com\/fr\/wp-json\/wp\/v2\/product_brand?post=14046"},{"taxonomy":"product_cat","embeddable":true,"href":"https:\/\/boreait.com\/fr\/wp-json\/wp\/v2\/product_cat?post=14046"},{"taxonomy":"product_tag","embeddable":true,"href":"https:\/\/boreait.com\/fr\/wp-json\/wp\/v2\/product_tag?post=14046"}],"curies":[{"name":"wp","href":"https:\/\/api.w.org\/{rel}","templated":true}]}}