{"id":14001,"date":"2025-09-15T16:51:02","date_gmt":"2025-09-15T14:51:02","guid":{"rendered":"https:\/\/boreait.com\/fr\/?post_type=product&#038;p=14001"},"modified":"2026-01-27T11:46:14","modified_gmt":"2026-01-27T10:46:14","slug":"pare-chocs-arriere-droit-en-caoutchouc-robuste-pour-dell-latitude-14-7404","status":"publish","type":"product","link":"https:\/\/boreait.com\/fr\/produit\/pare-chocs-arriere-droit-en-caoutchouc-robuste-pour-dell-latitude-14-7404\/","title":{"rendered":"Pare-chocs arri\u00e8re droit en caoutchouc robuste pour Dell Latitude 14 7404"},"content":{"rendered":"<p>Am\u00e9liorez la protection et la durabilit\u00e9 de votre ordinateur portable Dell Latitude 14 7404 Rugged Extreme gr\u00e2ce \u00e0 la protection d&rsquo;angle arri\u00e8re droite en caoutchouc d&rsquo;origine. Con\u00e7ue sp\u00e9cifiquement pour votre mod\u00e8le, cette pi\u00e8ce de rechange authentique garantit un ajustement parfait et des performances durables.<\/p>\n<p>Principales caract\u00e9ristiques\u00a0:<\/p>\n<p>&#8211; Pi\u00e8ce de rechange Dell d&rsquo;origine\u00a0: Compatibilit\u00e9 et fiabilit\u00e9 garanties gr\u00e2ce \u00e0 une pi\u00e8ce de rechange authentique.<\/p>\n<p>&#8211; Installation facile\u00a0: Am\u00e9liorez la protection de votre ordinateur portable sans effort gr\u00e2ce \u00e0 une installation simple.<\/p>\n<p>&#8211; Durabilit\u00e9 accrue\u00a0: Prot\u00e9gez les coins de votre ordinateur portable des dommages gr\u00e2ce \u00e0 cette protection en caoutchouc durable.<\/p>\n<p>&#8211; Ajustement sp\u00e9cifique\u00a0: Con\u00e7u sp\u00e9cifiquement pour l&rsquo;arri\u00e8re droit du Dell Latitude 14 7404 Rugged Extreme.<\/p>\n<p>Am\u00e9liorez votre ordinateur portable Dell Latitude 14 7404 Rugged Extreme d\u00e8s aujourd&rsquo;hui avec la protection d&rsquo;angle arri\u00e8re droite en caoutchouc d&rsquo;origine. Achetez en toute confiance, sachant que vous investissez dans une pi\u00e8ce de rechange de qualit\u00e9. Pour toute question ou assistance, n&rsquo;h\u00e9sitez pas \u00e0 nous contacter. Nous sommes l\u00e0 pour vous aider \u00e0 am\u00e9liorer la durabilit\u00e9 de votre ordinateur portable.<\/p>\n","protected":false},"excerpt":{"rendered":"<p>Am\u00e9liorez la protection de votre Dell Latitude 14 7404 Rugged Extreme avec ce pare-chocs d&rsquo;angle arri\u00e8re droit en caoutchouc d&rsquo;origine. Facile \u00e0 installer et durable. Am\u00e9liorez la durabilit\u00e9 de votre ordinateur portable d\u00e8s aujourd&rsquo;hui\u00a0!<\/p>\n","protected":false},"featured_media":14045,"template":"","meta":[],"product_brand":[],"product_cat":[52],"product_tag":[53],"class_list":{"0":"post-14001","1":"product","2":"type-product","3":"status-publish","4":"has-post-thumbnail","6":"product_cat-laptop-housing","7":"product_tag-dell","9":"first","10":"instock","11":"taxable","12":"shipping-taxable","13":"purchasable","14":"product-type-simple"},"_links":{"self":[{"href":"https:\/\/boreait.com\/fr\/wp-json\/wp\/v2\/product\/14001","targetHints":{"allow":["GET"]}}],"collection":[{"href":"https:\/\/boreait.com\/fr\/wp-json\/wp\/v2\/product"}],"about":[{"href":"https:\/\/boreait.com\/fr\/wp-json\/wp\/v2\/types\/product"}],"wp:featuredmedia":[{"embeddable":true,"href":"https:\/\/boreait.com\/fr\/wp-json\/wp\/v2\/media\/14045"}],"wp:attachment":[{"href":"https:\/\/boreait.com\/fr\/wp-json\/wp\/v2\/media?parent=14001"}],"wp:term":[{"taxonomy":"product_brand","embeddable":true,"href":"https:\/\/boreait.com\/fr\/wp-json\/wp\/v2\/product_brand?post=14001"},{"taxonomy":"product_cat","embeddable":true,"href":"https:\/\/boreait.com\/fr\/wp-json\/wp\/v2\/product_cat?post=14001"},{"taxonomy":"product_tag","embeddable":true,"href":"https:\/\/boreait.com\/fr\/wp-json\/wp\/v2\/product_tag?post=14001"}],"curies":[{"name":"wp","href":"https:\/\/api.w.org\/{rel}","templated":true}]}}