{"id":13947,"date":"2025-09-15T16:49:49","date_gmt":"2025-09-15T14:49:49","guid":{"rendered":"https:\/\/boreait.com\/fr\/?post_type=product&#038;p=13947"},"modified":"2026-01-27T11:30:14","modified_gmt":"2026-01-27T10:30:14","slug":"module-de-memoire-ibm-ddr2-667-mhz-pc2-5300-non-ecc-sans-tampon-cl5-200-broches-sodimm-double-rangee-36p3362-1-go","status":"publish","type":"product","link":"https:\/\/boreait.com\/fr\/produit\/module-de-memoire-ibm-ddr2-667-mhz-pc2-5300-non-ecc-sans-tampon-cl5-200-broches-sodimm-double-rangee-36p3362-1-go\/","title":{"rendered":"Module de m\u00e9moire IBM DDR2-667 MHz PC2-5300 non ECC sans tampon CL5 200 broches SoDimm double rang\u00e9e 36P3362 1 Go"},"content":{"rendered":"<p>Augmentez la capacit\u00e9 de m\u00e9moire de votre ordinateur portable sans effort gr\u00e2ce au module de m\u00e9moire IBM 1 Go DDR2-667 MHz PC2-5300 non-ECC SoDimm d&rsquo;origine, r\u00e9f\u00e9rence 36P3362. Con\u00e7u avec pr\u00e9cision et fiabilit\u00e9, ce module m\u00e9moire authentique est con\u00e7u pour am\u00e9liorer les performances globales de votre ordinateur portable.<\/p>\n<p>Principales caract\u00e9ristiques\u00a0:<\/p>\n<p>&#8211; Pi\u00e8ce de rechange IBM d&rsquo;origine\u00a0: Compatibilit\u00e9 et fiabilit\u00e9 garanties gr\u00e2ce \u00e0 une pi\u00e8ce de rechange authentique.<\/p>\n<p>&#8211; Installation facile\u00a0: Augmentez la m\u00e9moire de votre ordinateur portable sans effort gr\u00e2ce \u00e0 une installation simple.<\/p>\n<p>&#8211; Performances am\u00e9lior\u00e9es\u00a0: B\u00e9n\u00e9ficiez de capacit\u00e9s multit\u00e2ches am\u00e9lior\u00e9es et d&rsquo;un fonctionnement plus fluide avec ce module de m\u00e9moire DDR2.<\/p>\n<p>&#8211; Compatibilit\u00e9\u00a0: Test\u00e9 pour une compatibilit\u00e9 \u00e9tendue avec diff\u00e9rents mod\u00e8les d&rsquo;ordinateurs portables.<\/p>\n<p>&#8211; Assurance qualit\u00e9\u00a0: Ayez l&rsquo;esprit tranquille\u00a0: vous investissez dans une technologie IBM authentique, soutenue par des tests rigoureux de qualit\u00e9.<\/p>\n<p>Mettez votre ordinateur portable \u00e0 niveau d\u00e8s aujourd&rsquo;hui avec le module de m\u00e9moire IBM 1 Go DDR2-667 MHz PC2-5300 non-ECC SoDimm\u00a0: un investissement judicieux pour des performances et une efficacit\u00e9 accrues. Pour toute question ou besoin d&rsquo;aide, n&rsquo;h\u00e9sitez pas \u00e0 nous contacter. Nous sommes l\u00e0 pour vous aider \u00e0 am\u00e9liorer votre exp\u00e9rience informatique.<\/p>\n","protected":false},"excerpt":{"rendered":"<p>Am\u00e9liorez les performances de votre ordinateur portable avec ce module m\u00e9moire IBM DDR2-667 MHz PC2-5300 SoDimm non-ECC d&rsquo;origine de 1 Go. Con\u00e7u pour une compatibilit\u00e9 optimale et une vitesse optimale, ce module m\u00e9moire est un choix fiable pour la mise \u00e0 niveau de votre appareil. Mettez \u00e0 niveau la m\u00e9moire de votre ordinateur portable d\u00e8s aujourd&rsquo;hui\u00a0!<\/p>\n","protected":false},"featured_media":14011,"template":"","meta":[],"product_brand":[],"product_cat":[77,72],"product_tag":[62],"class_list":{"0":"post-13947","1":"product","2":"type-product","3":"status-publish","4":"has-post-thumbnail","6":"product_cat-ddr2","7":"product_cat-ram-memory","8":"product_tag-lenovo","10":"first","11":"instock","12":"taxable","13":"shipping-taxable","14":"purchasable","15":"product-type-simple"},"_links":{"self":[{"href":"https:\/\/boreait.com\/fr\/wp-json\/wp\/v2\/product\/13947","targetHints":{"allow":["GET"]}}],"collection":[{"href":"https:\/\/boreait.com\/fr\/wp-json\/wp\/v2\/product"}],"about":[{"href":"https:\/\/boreait.com\/fr\/wp-json\/wp\/v2\/types\/product"}],"wp:featuredmedia":[{"embeddable":true,"href":"https:\/\/boreait.com\/fr\/wp-json\/wp\/v2\/media\/14011"}],"wp:attachment":[{"href":"https:\/\/boreait.com\/fr\/wp-json\/wp\/v2\/media?parent=13947"}],"wp:term":[{"taxonomy":"product_brand","embeddable":true,"href":"https:\/\/boreait.com\/fr\/wp-json\/wp\/v2\/product_brand?post=13947"},{"taxonomy":"product_cat","embeddable":true,"href":"https:\/\/boreait.com\/fr\/wp-json\/wp\/v2\/product_cat?post=13947"},{"taxonomy":"product_tag","embeddable":true,"href":"https:\/\/boreait.com\/fr\/wp-json\/wp\/v2\/product_tag?post=13947"}],"curies":[{"name":"wp","href":"https:\/\/api.w.org\/{rel}","templated":true}]}}