{"id":13946,"date":"2025-09-15T16:49:48","date_gmt":"2025-09-15T14:49:48","guid":{"rendered":"https:\/\/boreait.com\/fr\/?post_type=product&#038;p=13946"},"modified":"2026-01-27T11:29:54","modified_gmt":"2026-01-27T10:29:54","slug":"module-de-memoire-ram-hynix-512-mo-2rx16-pc2-5300-555-12-pour-ordinateur-portable","status":"publish","type":"product","link":"https:\/\/boreait.com\/fr\/produit\/module-de-memoire-ram-hynix-512-mo-2rx16-pc2-5300-555-12-pour-ordinateur-portable\/","title":{"rendered":"Module de m\u00e9moire RAM Hynix 512 Mo 2Rx16 PC2-5300-555-12 pour ordinateur portable"},"content":{"rendered":"<p>Am\u00e9liorez les performances de votre ordinateur portable avec le module de m\u00e9moire RAM Hynix 512 Mo 2Rx16 PC2-5300-555-12. Con\u00e7u pour une compatibilit\u00e9 optimale et une vitesse optimale, ce module m\u00e9moire est un choix fiable pour la mise \u00e0 niveau de votre appareil.<\/p>\n<p>Principales caract\u00e9ristiques\u00a0:<\/p>\n<p>&#8211; Capacit\u00e9\u00a0: 512 Mo<\/p>\n<p>&#8211; Type\u00a0: DDR2<\/p>\n<p>&#8211; Vitesse\u00a0: PC2-5300 (667\u00a0MHz)<\/p>\n<p>&#8211; Configuration\u00a0: 2Rx16<\/p>\n<p>&#8211; Latence CAS\u00a0: CL5<\/p>\n<p>&#8211; Compatibilit\u00e9\u00a0: Test\u00e9 sur une large gamme de mod\u00e8les d&rsquo;ordinateurs portables<\/p>\n<p>&#8211; Performances fiables\u00a0: B\u00e9n\u00e9ficiez de capacit\u00e9s multit\u00e2ches am\u00e9lior\u00e9es et d&rsquo;un fonctionnement plus fluide gr\u00e2ce \u00e0 ce module de m\u00e9moire Hynix.<\/p>\n<p>Mettez \u00e0 niveau la m\u00e9moire de votre ordinateur portable d\u00e8s aujourd&rsquo;hui avec le module RAM Hynix 512 Mo\u00a0: un investissement judicieux pour des performances et une efficacit\u00e9 accrues. Pour toute question ou besoin d&rsquo;aide, n&rsquo;h\u00e9sitez pas \u00e0 nous contacter. Nous sommes l\u00e0 pour vous aider \u00e0 am\u00e9liorer votre exp\u00e9rience informatique.<\/p>\n","protected":false},"excerpt":{"rendered":"<p>Am\u00e9liorez la m\u00e9moire de votre ordinateur portable avec ce module RAM Hynix 512 Mo 2Rx16 PC2-5300-555-12. Optimisez les performances de votre appareil gr\u00e2ce \u00e0 une mise \u00e0 niveau de m\u00e9moire fiable. Achetez d\u00e8s maintenant et profitez d&rsquo;un multit\u00e2che am\u00e9lior\u00e9\u00a0!<\/p>\n","protected":false},"featured_media":14010,"template":"","meta":[],"product_brand":[],"product_cat":[77,72],"product_tag":[],"class_list":{"0":"post-13946","1":"product","2":"type-product","3":"status-publish","4":"has-post-thumbnail","6":"product_cat-ddr2","7":"product_cat-ram-memory","9":"first","10":"instock","11":"taxable","12":"shipping-taxable","13":"purchasable","14":"product-type-simple"},"_links":{"self":[{"href":"https:\/\/boreait.com\/fr\/wp-json\/wp\/v2\/product\/13946","targetHints":{"allow":["GET"]}}],"collection":[{"href":"https:\/\/boreait.com\/fr\/wp-json\/wp\/v2\/product"}],"about":[{"href":"https:\/\/boreait.com\/fr\/wp-json\/wp\/v2\/types\/product"}],"wp:featuredmedia":[{"embeddable":true,"href":"https:\/\/boreait.com\/fr\/wp-json\/wp\/v2\/media\/14010"}],"wp:attachment":[{"href":"https:\/\/boreait.com\/fr\/wp-json\/wp\/v2\/media?parent=13946"}],"wp:term":[{"taxonomy":"product_brand","embeddable":true,"href":"https:\/\/boreait.com\/fr\/wp-json\/wp\/v2\/product_brand?post=13946"},{"taxonomy":"product_cat","embeddable":true,"href":"https:\/\/boreait.com\/fr\/wp-json\/wp\/v2\/product_cat?post=13946"},{"taxonomy":"product_tag","embeddable":true,"href":"https:\/\/boreait.com\/fr\/wp-json\/wp\/v2\/product_tag?post=13946"}],"curies":[{"name":"wp","href":"https:\/\/api.w.org\/{rel}","templated":true}]}}