{"id":13945,"date":"2025-09-15T16:49:48","date_gmt":"2025-09-15T14:49:48","guid":{"rendered":"https:\/\/boreait.com\/fr\/?post_type=product&#038;p=13945"},"modified":"2026-01-27T11:29:40","modified_gmt":"2026-01-27T10:29:40","slug":"pave-tactile-et-boutons-de-souris-dorigine-ibm-lenovo-t60-39t7208-39t7210","status":"publish","type":"product","link":"https:\/\/boreait.com\/fr\/produit\/pave-tactile-et-boutons-de-souris-dorigine-ibm-lenovo-t60-39t7208-39t7210\/","title":{"rendered":"Pav\u00e9 tactile et boutons de souris d&rsquo;origine IBM Lenovo T60 39T7208 39T7210"},"content":{"rendered":"<p>Am\u00e9liorez l&rsquo;ergonomie de votre ordinateur portable IBM Lenovo T60 avec le pav\u00e9 tactile de boutons de souris d&rsquo;origine, compatible avec les r\u00e9f\u00e9rences 39T7208 et 39T7210. Con\u00e7ues pour la durabilit\u00e9 et la compatibilit\u00e9, ces pi\u00e8ces de rechange authentiques garantissent des performances fiables et une installation facile.<\/p>\n<p>Principales caract\u00e9ristiques\u00a0:<\/p>\n<p>&#8211; Pi\u00e8ce de rechange IBM Lenovo d&rsquo;origine\u00a0: Compatibilit\u00e9 et fiabilit\u00e9 garanties avec des pi\u00e8ces de rechange authentiques.<\/p>\n<p>&#8211; Installation facile\u00a0: Am\u00e9liorez le pav\u00e9 tactile de votre ordinateur portable sans effort gr\u00e2ce \u00e0 une installation simple.<\/p>\n<p>&#8211; Ergonomie am\u00e9lior\u00e9e\u00a0: Am\u00e9liorez les fonctionnalit\u00e9s de votre ordinateur portable gr\u00e2ce \u00e0 des boutons de souris r\u00e9actifs.<\/p>\n<p>&#8211; Construction durable\u00a0: Con\u00e7ue pour r\u00e9sister \u00e0 une utilisation quotidienne, elle garantit long\u00e9vit\u00e9 et fiabilit\u00e9.<\/p>\n<p>Am\u00e9liorez votre ordinateur portable IBM Lenovo T60 d\u00e8s aujourd&rsquo;hui avec le pav\u00e9 tactile de boutons de souris d&rsquo;origine. Achetez en toute confiance, sachant que vous investissez dans des pi\u00e8ces de rechange de qualit\u00e9 pour votre appareil. Pour toute question ou besoin d&rsquo;aide, n&rsquo;h\u00e9sitez pas \u00e0 nous contacter. Nous sommes l\u00e0 pour vous aider \u00e0 am\u00e9liorer l&rsquo;ergonomie de votre ordinateur portable.<\/p>\n","protected":false},"excerpt":{"rendered":"<p>Am\u00e9liorez le pav\u00e9 tactile de votre IBM Lenovo T60 avec ces boutons de souris tactiles d&rsquo;origine. Faciles \u00e0 installer et compatibles avec les r\u00e9f\u00e9rences 39T7208 et 39T7210. Optimisez l&rsquo;utilisation de votre ordinateur portable d\u00e8s aujourd&rsquo;hui\u00a0!<\/p>\n","protected":false},"featured_media":14008,"template":"","meta":[],"product_brand":[],"product_cat":[78],"product_tag":[62],"class_list":{"0":"post-13945","1":"product","2":"type-product","3":"status-publish","4":"has-post-thumbnail","6":"product_cat-laptop-touchpads","7":"product_tag-lenovo","9":"first","10":"instock","11":"taxable","12":"shipping-taxable","13":"purchasable","14":"product-type-simple"},"_links":{"self":[{"href":"https:\/\/boreait.com\/fr\/wp-json\/wp\/v2\/product\/13945","targetHints":{"allow":["GET"]}}],"collection":[{"href":"https:\/\/boreait.com\/fr\/wp-json\/wp\/v2\/product"}],"about":[{"href":"https:\/\/boreait.com\/fr\/wp-json\/wp\/v2\/types\/product"}],"wp:featuredmedia":[{"embeddable":true,"href":"https:\/\/boreait.com\/fr\/wp-json\/wp\/v2\/media\/14008"}],"wp:attachment":[{"href":"https:\/\/boreait.com\/fr\/wp-json\/wp\/v2\/media?parent=13945"}],"wp:term":[{"taxonomy":"product_brand","embeddable":true,"href":"https:\/\/boreait.com\/fr\/wp-json\/wp\/v2\/product_brand?post=13945"},{"taxonomy":"product_cat","embeddable":true,"href":"https:\/\/boreait.com\/fr\/wp-json\/wp\/v2\/product_cat?post=13945"},{"taxonomy":"product_tag","embeddable":true,"href":"https:\/\/boreait.com\/fr\/wp-json\/wp\/v2\/product_tag?post=13945"}],"curies":[{"name":"wp","href":"https:\/\/api.w.org\/{rel}","templated":true}]}}