{"id":13943,"date":"2025-09-15T16:49:47","date_gmt":"2025-09-15T14:49:47","guid":{"rendered":"https:\/\/boreait.com\/fr\/?post_type=product&#038;p=13943"},"modified":"2026-01-27T11:29:11","modified_gmt":"2026-01-27T10:29:11","slug":"lecteur-dempreintes-digitales-dorigine-lenovo-thinkpad-t61-42w3007","status":"publish","type":"product","link":"https:\/\/boreait.com\/fr\/produit\/lecteur-dempreintes-digitales-dorigine-lenovo-thinkpad-t61-42w3007\/","title":{"rendered":"Lecteur d&#8217;empreintes digitales d&rsquo;origine Lenovo ThinkPad T61 42W3007"},"content":{"rendered":"<p>Am\u00e9liorez la s\u00e9curit\u00e9 et les fonctionnalit\u00e9s de votre ordinateur portable Lenovo ThinkPad T61 avec le lecteur d&#8217;empreintes digitales d&rsquo;origine, r\u00e9f\u00e9rence 42W3007. Con\u00e7ue pour une compatibilit\u00e9 optimale et des performances fiables, cette pi\u00e8ce de rechange authentique offre une s\u00e9curit\u00e9 suppl\u00e9mentaire \u00e0 votre appareil.<\/p>\n<p>Principales caract\u00e9ristiques\u00a0:<\/p>\n<p>&#8211; Pi\u00e8ce de rechange Lenovo d&rsquo;origine\u00a0: Compatibilit\u00e9 et fiabilit\u00e9 garanties gr\u00e2ce \u00e0 une pi\u00e8ce de rechange authentique.<\/p>\n<p>&#8211; Installation facile\u00a0: Am\u00e9liorez la s\u00e9curit\u00e9 de votre ordinateur portable sans effort gr\u00e2ce \u00e0 une installation simple.<\/p>\n<p>&#8211; S\u00e9curit\u00e9 renforc\u00e9e\u00a0: Ajoutez la s\u00e9curit\u00e9 biom\u00e9trique \u00e0 votre Lenovo ThinkPad T61 pour une protection renforc\u00e9e.<\/p>\n<p>&#8211; Performances fiables\u00a0: B\u00e9n\u00e9ficiez de performances constantes et fiables gr\u00e2ce \u00e0 ce lecteur d&#8217;empreintes digitales durable.<\/p>\n<p>Am\u00e9liorez votre ordinateur portable Lenovo ThinkPad T61 d\u00e8s aujourd&rsquo;hui avec le lecteur d&#8217;empreintes digitales d&rsquo;origine. Achetez en toute confiance, sachant que vous investissez dans une pi\u00e8ce de rechange de qualit\u00e9. Pour toute question ou besoin d&rsquo;aide, n&rsquo;h\u00e9sitez pas \u00e0 nous contacter. Nous sommes l\u00e0 pour vous aider \u00e0 am\u00e9liorer la s\u00e9curit\u00e9 et les fonctionnalit\u00e9s de votre appareil.<\/p>\n","protected":false},"excerpt":{"rendered":"<p>Am\u00e9liorez la s\u00e9curit\u00e9 de votre Lenovo ThinkPad T61 avec ce lecteur d&#8217;empreintes digitales d&rsquo;origine. Facile \u00e0 installer et compatible avec la r\u00e9f\u00e9rence 42W3007. Am\u00e9liorez la s\u00e9curit\u00e9 de votre ordinateur portable d\u00e8s aujourd&rsquo;hui\u00a0!<\/p>\n","protected":false},"featured_media":13995,"template":"","meta":[],"product_brand":[],"product_cat":[63],"product_tag":[62],"class_list":{"0":"post-13943","1":"product","2":"type-product","3":"status-publish","4":"has-post-thumbnail","6":"product_cat-motherboards-board-parts","7":"product_tag-lenovo","9":"first","10":"instock","11":"taxable","12":"shipping-taxable","13":"purchasable","14":"product-type-simple"},"_links":{"self":[{"href":"https:\/\/boreait.com\/fr\/wp-json\/wp\/v2\/product\/13943","targetHints":{"allow":["GET"]}}],"collection":[{"href":"https:\/\/boreait.com\/fr\/wp-json\/wp\/v2\/product"}],"about":[{"href":"https:\/\/boreait.com\/fr\/wp-json\/wp\/v2\/types\/product"}],"wp:featuredmedia":[{"embeddable":true,"href":"https:\/\/boreait.com\/fr\/wp-json\/wp\/v2\/media\/13995"}],"wp:attachment":[{"href":"https:\/\/boreait.com\/fr\/wp-json\/wp\/v2\/media?parent=13943"}],"wp:term":[{"taxonomy":"product_brand","embeddable":true,"href":"https:\/\/boreait.com\/fr\/wp-json\/wp\/v2\/product_brand?post=13943"},{"taxonomy":"product_cat","embeddable":true,"href":"https:\/\/boreait.com\/fr\/wp-json\/wp\/v2\/product_cat?post=13943"},{"taxonomy":"product_tag","embeddable":true,"href":"https:\/\/boreait.com\/fr\/wp-json\/wp\/v2\/product_tag?post=13943"}],"curies":[{"name":"wp","href":"https:\/\/api.w.org\/{rel}","templated":true}]}}