{"id":13929,"date":"2025-09-15T16:49:24","date_gmt":"2025-09-15T14:49:24","guid":{"rendered":"https:\/\/boreait.com\/fr\/?post_type=product&#038;p=13929"},"modified":"2025-09-15T16:50:49","modified_gmt":"2025-09-15T14:50:49","slug":"charnieres-pour-ecran-lcd-dordinateur-portable-lenovo-thinkpad-x220-x220i-x230-x230i-3","status":"publish","type":"product","link":"https:\/\/boreait.com\/fr\/produit\/charnieres-pour-ecran-lcd-dordinateur-portable-lenovo-thinkpad-x220-x220i-x230-x230i-3\/","title":{"rendered":"Charni\u00e8res pour \u00e9cran LCD d&rsquo;ordinateur portable Lenovo ThinkPad X220 X220i X230 X230i"},"content":{"rendered":"<p>Am\u00e9liorez l&rsquo;exp\u00e9rience visuelle de votre ordinateur portable Lenovo ThinkPad X220 ou X230 avec ces charni\u00e8res LCD d&rsquo;origine. Con\u00e7ues pour la durabilit\u00e9 et la compatibilit\u00e9, ces pi\u00e8ces de rechange authentiques garantissent des performances fiables et une installation facile.<\/p>\n<p>Principales caract\u00e9ristiques\u00a0:<\/p>\n<p>&#8211; Remplacement Lenovo d&rsquo;origine\u00a0: Compatibilit\u00e9 et fiabilit\u00e9 garanties avec des pi\u00e8ces de rechange authentiques.<\/p>\n<p>&#8211; Installation facile\u00a0: Am\u00e9liorez l&rsquo;\u00e9cran de votre ordinateur portable sans effort gr\u00e2ce \u00e0 une installation simple.<\/p>\n<p>&#8211; Exp\u00e9rience visuelle am\u00e9lior\u00e9e\u00a0: Am\u00e9liorez la stabilit\u00e9 et les fonctionnalit\u00e9s de l&rsquo;\u00e9cran de votre ordinateur portable avec ces charni\u00e8res de haute qualit\u00e9.<\/p>\n<p>&#8211; Construction durable\u00a0: Con\u00e7ue pour r\u00e9sister \u00e0 une utilisation r\u00e9guli\u00e8re, elle garantit long\u00e9vit\u00e9 et fiabilit\u00e9.<\/p>\n<p>Am\u00e9liorez votre ordinateur portable Lenovo ThinkPad X220 ou X230 d\u00e8s aujourd&rsquo;hui avec les charni\u00e8res LCD d&rsquo;origine. Achetez en toute confiance, sachant que vous investissez dans des pi\u00e8ces de rechange de qualit\u00e9 pour votre appareil. Pour toute question ou besoin d&rsquo;aide, n&rsquo;h\u00e9sitez pas \u00e0 nous contacter. Nous sommes l\u00e0 pour vous aider \u00e0 am\u00e9liorer votre exp\u00e9rience visuelle.<\/p>\n","protected":false},"excerpt":{"rendered":"<p>Am\u00e9liorez l&rsquo;\u00e9cran de votre ordinateur portable Lenovo ThinkPad X220 ou X230 avec ces charni\u00e8res LCD d&rsquo;origine. Faciles \u00e0 installer et compatibles avec de nombreux mod\u00e8les, elles vous garantissent une exp\u00e9rience visuelle optimale d\u00e8s aujourd&rsquo;hui\u00a0!<\/p>\n","protected":false},"featured_media":13989,"template":"","meta":[],"product_brand":[],"product_cat":[55],"product_tag":[62],"class_list":{"0":"post-13929","1":"product","2":"type-product","3":"status-publish","4":"has-post-thumbnail","6":"product_cat-screen-hinge","7":"product_tag-lenovo","9":"first","10":"instock","11":"taxable","12":"shipping-taxable","13":"purchasable","14":"product-type-simple"},"_links":{"self":[{"href":"https:\/\/boreait.com\/fr\/wp-json\/wp\/v2\/product\/13929","targetHints":{"allow":["GET"]}}],"collection":[{"href":"https:\/\/boreait.com\/fr\/wp-json\/wp\/v2\/product"}],"about":[{"href":"https:\/\/boreait.com\/fr\/wp-json\/wp\/v2\/types\/product"}],"wp:featuredmedia":[{"embeddable":true,"href":"https:\/\/boreait.com\/fr\/wp-json\/wp\/v2\/media\/13989"}],"wp:attachment":[{"href":"https:\/\/boreait.com\/fr\/wp-json\/wp\/v2\/media?parent=13929"}],"wp:term":[{"taxonomy":"product_brand","embeddable":true,"href":"https:\/\/boreait.com\/fr\/wp-json\/wp\/v2\/product_brand?post=13929"},{"taxonomy":"product_cat","embeddable":true,"href":"https:\/\/boreait.com\/fr\/wp-json\/wp\/v2\/product_cat?post=13929"},{"taxonomy":"product_tag","embeddable":true,"href":"https:\/\/boreait.com\/fr\/wp-json\/wp\/v2\/product_tag?post=13929"}],"curies":[{"name":"wp","href":"https:\/\/api.w.org\/{rel}","templated":true}]}}