{"id":13926,"date":"2025-09-15T16:49:23","date_gmt":"2025-09-15T14:49:23","guid":{"rendered":"https:\/\/boreait.com\/fr\/?post_type=product&#038;p=13926"},"modified":"2026-01-27T11:27:34","modified_gmt":"2026-01-27T10:27:34","slug":"cache-inferieur-de-la-ram-dorigine-lenovo-thinkpad-x220-x220i-x230-x230i-x220t-x230t-pn04w6948","status":"publish","type":"product","link":"https:\/\/boreait.com\/fr\/produit\/cache-inferieur-de-la-ram-dorigine-lenovo-thinkpad-x220-x220i-x230-x230i-x220t-x230t-pn04w6948\/","title":{"rendered":"Cache inf\u00e9rieur de la RAM d&rsquo;origine Lenovo ThinkPad X220 X220I X230 X230I X220T X230T PN04W6948"},"content":{"rendered":"<p>Am\u00e9liorez l&rsquo;esth\u00e9tique et la protection de votre ordinateur portable Lenovo Thinkpad X220\/X220I\/X230\/X230I\/X220T\/X230T avec le cache inf\u00e9rieur de RAM d&rsquo;origine PN04W6948. Fabriqu\u00e9 avec pr\u00e9cision et con\u00e7u sp\u00e9cifiquement pour de nombreux mod\u00e8les, ce cache de remplacement authentique am\u00e9liore non seulement l&rsquo;apparence de votre ordinateur portable, mais offre \u00e9galement une protection suppl\u00e9mentaire au compartiment RAM.<\/p>\n<p>Principales caract\u00e9ristiques\u00a0:<\/p>\n<p>&#8211; Pi\u00e8ce de rechange Lenovo d&rsquo;origine\u00a0: Compatibilit\u00e9 et fiabilit\u00e9 garanties avec une pi\u00e8ce de rechange authentique.<\/p>\n<p>&#8211; Installation facile\u00a0: Mettez \u00e0 niveau le cache RAM de votre appareil sans effort gr\u00e2ce \u00e0 une installation simple.<\/p>\n<p>&#8211; Esth\u00e9tique am\u00e9lior\u00e9e\u00a0: Transformez l&rsquo;apparence de votre ordinateur portable avec ce cache inf\u00e9rieur \u00e9l\u00e9gant.<\/p>\n<p>&#8211; Protection renforc\u00e9e\u00a0: Prot\u00e9gez le compartiment RAM de la poussi\u00e8re, des d\u00e9bris et des dommages potentiels gr\u00e2ce \u00e0 ce cache robuste. <\/p>\n<p>Am\u00e9liorez votre ordinateur portable Lenovo Thinkpad X220\/X220I\/X230\/X230I\/X220T\/X230T d\u00e8s aujourd&rsquo;hui avec le cache RAM inf\u00e9rieur d&rsquo;origine PN04W6948. Achetez en toute confiance, sachant que vous investissez dans une pi\u00e8ce de rechange de qualit\u00e9 pour votre appareil. Pour toute question ou assistance, n&rsquo;h\u00e9sitez pas \u00e0 nous contacter. Nous sommes l\u00e0 pour vous aider \u00e0 am\u00e9liorer l&rsquo;esth\u00e9tique et la protection de votre appareil.<\/p>\n","protected":false},"excerpt":{"rendered":"<p>Am\u00e9liorez le cache RAM de votre Lenovo Thinkpad X220\/X220I\/X230\/X230I\/X220T\/X230T avec ce cache inf\u00e9rieur d&rsquo;origine PN04W6948. Facile \u00e0 installer et compatible avec de nombreux mod\u00e8les, il am\u00e9liorera l&rsquo;esth\u00e9tique et la protection de votre appareil d\u00e8s aujourd&rsquo;hui\u00a0!<\/p>\n","protected":false},"featured_media":13985,"template":"","meta":[],"product_brand":[],"product_cat":[52],"product_tag":[62],"class_list":{"0":"post-13926","1":"product","2":"type-product","3":"status-publish","4":"has-post-thumbnail","6":"product_cat-laptop-housing","7":"product_tag-lenovo","9":"first","10":"instock","11":"taxable","12":"shipping-taxable","13":"purchasable","14":"product-type-simple"},"_links":{"self":[{"href":"https:\/\/boreait.com\/fr\/wp-json\/wp\/v2\/product\/13926","targetHints":{"allow":["GET"]}}],"collection":[{"href":"https:\/\/boreait.com\/fr\/wp-json\/wp\/v2\/product"}],"about":[{"href":"https:\/\/boreait.com\/fr\/wp-json\/wp\/v2\/types\/product"}],"wp:featuredmedia":[{"embeddable":true,"href":"https:\/\/boreait.com\/fr\/wp-json\/wp\/v2\/media\/13985"}],"wp:attachment":[{"href":"https:\/\/boreait.com\/fr\/wp-json\/wp\/v2\/media?parent=13926"}],"wp:term":[{"taxonomy":"product_brand","embeddable":true,"href":"https:\/\/boreait.com\/fr\/wp-json\/wp\/v2\/product_brand?post=13926"},{"taxonomy":"product_cat","embeddable":true,"href":"https:\/\/boreait.com\/fr\/wp-json\/wp\/v2\/product_cat?post=13926"},{"taxonomy":"product_tag","embeddable":true,"href":"https:\/\/boreait.com\/fr\/wp-json\/wp\/v2\/product_tag?post=13926"}],"curies":[{"name":"wp","href":"https:\/\/api.w.org\/{rel}","templated":true}]}}