{"id":13925,"date":"2025-09-15T16:49:23","date_gmt":"2025-09-15T14:49:23","guid":{"rendered":"https:\/\/boreait.com\/fr\/?post_type=product&#038;p=13925"},"modified":"2025-09-15T16:50:43","modified_gmt":"2025-09-15T14:50:43","slug":"lecteur-dempreintes-digitales-rf-dorigine-pour-lenovo-thinkpad-t430s-48-4qe17-011-55-4ra02-011","status":"publish","type":"product","link":"https:\/\/boreait.com\/fr\/produit\/lecteur-dempreintes-digitales-rf-dorigine-pour-lenovo-thinkpad-t430s-48-4qe17-011-55-4ra02-011\/","title":{"rendered":"Lecteur d&#8217;empreintes digitales (RF) d&rsquo;origine pour Lenovo Thinkpad T430S 48.4QE17.011 55.4RA02.011"},"content":{"rendered":"<p>Am\u00e9liorez la s\u00e9curit\u00e9 de votre Lenovo Thinkpad T430S avec le lecteur d&#8217;empreintes digitales (RF) d&rsquo;origine, r\u00e9f\u00e9rences 48.4QE17.011 et 55.4RA02.011. Con\u00e7ue pour sa fiabilit\u00e9 et sa compatibilit\u00e9, cette pi\u00e8ce de rechange authentique garantit un acc\u00e8s s\u00e9curis\u00e9 \u00e0 votre appareil gr\u00e2ce \u00e0 une installation facile.<\/p>\n<p>Principales caract\u00e9ristiques\u00a0:<\/p>\n<p>&#8211; Pi\u00e8ce de rechange Lenovo d&rsquo;origine\u00a0: Compatibilit\u00e9 et fiabilit\u00e9 garanties gr\u00e2ce \u00e0 des pi\u00e8ces de rechange authentiques.<\/p>\n<p>&#8211; Installation facile\u00a0: Am\u00e9liorez la s\u00e9curit\u00e9 de votre appareil sans effort gr\u00e2ce \u00e0 une installation simple.<\/p>\n<p>&#8211; S\u00e9curit\u00e9 renforc\u00e9e\u00a0: Acc\u00e8s s\u00e9curis\u00e9 \u00e0 votre appareil gr\u00e2ce au lecteur d&#8217;empreintes digitales int\u00e9gr\u00e9.<\/p>\n<p>&#8211; Compatibilit\u00e9\u00a0: Compatible avec le Lenovo Thinkpad T430S pour une int\u00e9gration transparente.<\/p>\n<p>Mettez \u00e0 niveau votre Lenovo Thinkpad T430S d\u00e8s aujourd&rsquo;hui avec le lecteur d&#8217;empreintes digitales (RF) d&rsquo;origine. Achetez en toute confiance, sachant que vous investissez dans une pi\u00e8ce de rechange de qualit\u00e9 pour votre appareil. Pour toute question ou assistance, n&rsquo;h\u00e9sitez pas \u00e0 nous contacter. Nous sommes l\u00e0 pour vous aider \u00e0 am\u00e9liorer la s\u00e9curit\u00e9 de votre appareil.<\/p>\n","protected":false},"excerpt":{"rendered":"<p>Am\u00e9liorez votre Lenovo Thinkpad T430S avec ce lecteur d&#8217;empreintes digitales (RF) d&rsquo;origine. Facile \u00e0 installer et compatible avec les r\u00e9f\u00e9rences 48.4QE17.011 et 55.4RA02.011. Am\u00e9liorez la s\u00e9curit\u00e9 de votre appareil d\u00e8s aujourd&rsquo;hui\u00a0!<\/p>\n","protected":false},"featured_media":13984,"template":"","meta":[],"product_brand":[],"product_cat":[63],"product_tag":[62],"class_list":{"0":"post-13925","1":"product","2":"type-product","3":"status-publish","4":"has-post-thumbnail","6":"product_cat-motherboards-board-parts","7":"product_tag-lenovo","9":"first","10":"instock","11":"taxable","12":"shipping-taxable","13":"purchasable","14":"product-type-simple"},"_links":{"self":[{"href":"https:\/\/boreait.com\/fr\/wp-json\/wp\/v2\/product\/13925","targetHints":{"allow":["GET"]}}],"collection":[{"href":"https:\/\/boreait.com\/fr\/wp-json\/wp\/v2\/product"}],"about":[{"href":"https:\/\/boreait.com\/fr\/wp-json\/wp\/v2\/types\/product"}],"wp:featuredmedia":[{"embeddable":true,"href":"https:\/\/boreait.com\/fr\/wp-json\/wp\/v2\/media\/13984"}],"wp:attachment":[{"href":"https:\/\/boreait.com\/fr\/wp-json\/wp\/v2\/media?parent=13925"}],"wp:term":[{"taxonomy":"product_brand","embeddable":true,"href":"https:\/\/boreait.com\/fr\/wp-json\/wp\/v2\/product_brand?post=13925"},{"taxonomy":"product_cat","embeddable":true,"href":"https:\/\/boreait.com\/fr\/wp-json\/wp\/v2\/product_cat?post=13925"},{"taxonomy":"product_tag","embeddable":true,"href":"https:\/\/boreait.com\/fr\/wp-json\/wp\/v2\/product_tag?post=13925"}],"curies":[{"name":"wp","href":"https:\/\/api.w.org\/{rel}","templated":true}]}}