{"id":13924,"date":"2025-09-15T16:49:23","date_gmt":"2025-09-15T14:49:23","guid":{"rendered":"https:\/\/boreait.com\/fr\/?post_type=product&#038;p=13924"},"modified":"2026-01-27T11:27:20","modified_gmt":"2026-01-27T10:27:20","slug":"lot-de-2-memoires-sodimm-ddr3-pc12800-1600-pour-ordinateur-portable-hynix-hmt325s6efr8c-pb-2-go","status":"publish","type":"product","link":"https:\/\/boreait.com\/fr\/produit\/lot-de-2-memoires-sodimm-ddr3-pc12800-1600-pour-ordinateur-portable-hynix-hmt325s6efr8c-pb-2-go\/","title":{"rendered":"Lot de 2 m\u00e9moires SODIMM DDR3 PC12800 (1600) pour ordinateur portable HYNIX HMT325S6EFR8C-PB 2 Go"},"content":{"rendered":"<p><strong>2 CL\u00c9 M\u00c9MOIRE DANS LE BO\u00ceTIER\u00a0!<\/strong><\/p>\n<p>Am\u00e9liorez les performances de votre ordinateur portable avec la m\u00e9moire DDR3 SODIMM PC12800(1600) HYNIX authentique de 2\u00a0Go. Con\u00e7ue pour une compatibilit\u00e9 optimale et une vitesse optimale, cette barrette m\u00e9moire est un choix fiable pour la mise \u00e0 niveau de votre appareil.<\/p>\n<p>Principales caract\u00e9ristiques\u00a0:<\/p>\n<p>&#8211; Pi\u00e8ce de rechange HYNIX authentique\u00a0: Compatibilit\u00e9 et fiabilit\u00e9 garanties avec une pi\u00e8ce de rechange authentique.<\/p>\n<p>&#8211; Performances am\u00e9lior\u00e9es\u00a0: Multit\u00e2che plus rapide et fonctionnement plus fluide gr\u00e2ce \u00e0 une m\u00e9moire am\u00e9lior\u00e9e.<\/p>\n<p>&#8211; Installation facile\u00a0: Mettez \u00e0 niveau la m\u00e9moire de votre ordinateur portable sans effort pour des performances am\u00e9lior\u00e9es.<\/p>\n<p>&#8211; Compatibilit\u00e9\u00a0: Con\u00e7ue pour une compatibilit\u00e9 optimale avec une large gamme de mod\u00e8les d&rsquo;ordinateurs portables.<\/p>\n<p>&#8211; Assurance qualit\u00e9\u00a0: Ayez l&rsquo;esprit tranquille\u00a0: vous investissez dans la technologie HYNIX authentique.<\/p>\n<p>Mettez votre ordinateur portable \u00e0 niveau d\u00e8s aujourd&rsquo;hui avec la carte m\u00e8re HYNIX 2 Go SODIMM DDR3 PC12800(1600)\u00a0: un investissement judicieux pour des performances et une efficacit\u00e9 accrues. Pour toute question ou besoin d&rsquo;aide, n&rsquo;h\u00e9sitez pas \u00e0 nous contacter. Nous sommes l\u00e0 pour vous aider \u00e0 am\u00e9liorer votre exp\u00e9rience informatique.<\/p>\n","protected":false},"excerpt":{"rendered":"<p>Am\u00e9liorez la m\u00e9moire de votre ordinateur portable avec cette authentique carte m\u00e9moire HYNIX 2 Go SODIMM DDR3 PC12800(1600). Am\u00e9liorez les performances et les capacit\u00e9s multit\u00e2ches de votre appareil. Am\u00e9liorez la m\u00e9moire de votre ordinateur portable d\u00e8s aujourd&rsquo;hui\u00a0!<\/p>\n","protected":false},"featured_media":13983,"template":"","meta":[],"product_brand":[],"product_cat":[72],"product_tag":[53],"class_list":{"0":"post-13924","1":"product","2":"type-product","3":"status-publish","4":"has-post-thumbnail","6":"product_cat-ram-memory","7":"product_tag-dell","9":"first","10":"instock","11":"taxable","12":"shipping-taxable","13":"purchasable","14":"product-type-simple"},"_links":{"self":[{"href":"https:\/\/boreait.com\/fr\/wp-json\/wp\/v2\/product\/13924","targetHints":{"allow":["GET"]}}],"collection":[{"href":"https:\/\/boreait.com\/fr\/wp-json\/wp\/v2\/product"}],"about":[{"href":"https:\/\/boreait.com\/fr\/wp-json\/wp\/v2\/types\/product"}],"wp:featuredmedia":[{"embeddable":true,"href":"https:\/\/boreait.com\/fr\/wp-json\/wp\/v2\/media\/13983"}],"wp:attachment":[{"href":"https:\/\/boreait.com\/fr\/wp-json\/wp\/v2\/media?parent=13924"}],"wp:term":[{"taxonomy":"product_brand","embeddable":true,"href":"https:\/\/boreait.com\/fr\/wp-json\/wp\/v2\/product_brand?post=13924"},{"taxonomy":"product_cat","embeddable":true,"href":"https:\/\/boreait.com\/fr\/wp-json\/wp\/v2\/product_cat?post=13924"},{"taxonomy":"product_tag","embeddable":true,"href":"https:\/\/boreait.com\/fr\/wp-json\/wp\/v2\/product_tag?post=13924"}],"curies":[{"name":"wp","href":"https:\/\/api.w.org\/{rel}","templated":true}]}}