{"id":13881,"date":"2025-09-15T16:48:36","date_gmt":"2025-09-15T14:48:36","guid":{"rendered":"https:\/\/boreait.com\/fr\/?post_type=product&#038;p=13881"},"modified":"2025-09-15T16:49:51","modified_gmt":"2025-09-15T14:49:51","slug":"cadre-de-support-de-clavier-dorigine-dell-latitude-e7470-0378c4-am1dl0009000","status":"publish","type":"product","link":"https:\/\/boreait.com\/fr\/produit\/cadre-de-support-de-clavier-dorigine-dell-latitude-e7470-0378c4-am1dl0009000\/","title":{"rendered":"Cadre de support de clavier d&rsquo;origine Dell Latitude E7470 0378C4 AM1DL0009000"},"content":{"rendered":"<p>Am\u00e9liorez la durabilit\u00e9 et la stabilit\u00e9 du clavier de votre ordinateur portable Dell Latitude E7470 gr\u00e2ce au cadre de support de clavier d&rsquo;origine (r\u00e9f\u00e9rence 0378C4 AM1DL0009000). Con\u00e7u pour une fiabilit\u00e9 et une installation faciles, ce cadre de remplacement authentique garantit la s\u00e9curit\u00e9 de votre clavier pendant son utilisation.<\/p>\n<p>Principales caract\u00e9ristiques\u00a0:<\/p>\n<p>&#8211; Pi\u00e8ce de rechange Dell d&rsquo;origine\u00a0: Compatibilit\u00e9 et fiabilit\u00e9 garanties gr\u00e2ce \u00e0 une pi\u00e8ce de rechange authentique.<\/p>\n<p>&#8211; Installation facile\u00a0: Am\u00e9liorez la stabilit\u00e9 du clavier de votre ordinateur portable sans effort gr\u00e2ce \u00e0 une installation simple.<\/p>\n<p>&#8211; Durabilit\u00e9 accrue\u00a0: Prolongez la dur\u00e9e de vie du clavier de votre ordinateur portable gr\u00e2ce \u00e0 ce cadre de support robuste.<\/p>\n<p>&#8211; Stabilit\u00e9 am\u00e9lior\u00e9e du clavier\u00a0: Emp\u00eachez les oscillations du clavier et am\u00e9liorez votre exp\u00e9rience de frappe gr\u00e2ce \u00e0 ce cadre de support.<\/p>\n<p>Am\u00e9liorez votre ordinateur portable Dell Latitude E7470 d\u00e8s aujourd&rsquo;hui avec le cadre de support de clavier d&rsquo;origine. Achetez en toute confiance, sachant que vous investissez dans une pi\u00e8ce de rechange de qualit\u00e9 pour votre appareil. Pour toute question ou assistance, n&rsquo;h\u00e9sitez pas \u00e0 nous contacter. Nous sommes l\u00e0 pour vous aider \u00e0 am\u00e9liorer la durabilit\u00e9 et la fonctionnalit\u00e9 de votre ordinateur portable.<\/p>\n","protected":false},"excerpt":{"rendered":"<p>Am\u00e9liorez la stabilit\u00e9 du clavier de votre Dell Latitude E7470 gr\u00e2ce \u00e0 ce cadre de support de clavier d&rsquo;origine. Facile \u00e0 installer, il est compatible avec la r\u00e9f\u00e9rence 0378C4 AM1DL0009000. Am\u00e9liorez la durabilit\u00e9 de votre ordinateur portable d\u00e8s aujourd&rsquo;hui\u00a0!<\/p>\n","protected":false},"featured_media":13950,"template":"","meta":[],"product_brand":[],"product_cat":[52],"product_tag":[53],"class_list":{"0":"post-13881","1":"product","2":"type-product","3":"status-publish","4":"has-post-thumbnail","6":"product_cat-laptop-housing","7":"product_tag-dell","9":"first","10":"instock","11":"taxable","12":"shipping-taxable","13":"purchasable","14":"product-type-simple"},"_links":{"self":[{"href":"https:\/\/boreait.com\/fr\/wp-json\/wp\/v2\/product\/13881","targetHints":{"allow":["GET"]}}],"collection":[{"href":"https:\/\/boreait.com\/fr\/wp-json\/wp\/v2\/product"}],"about":[{"href":"https:\/\/boreait.com\/fr\/wp-json\/wp\/v2\/types\/product"}],"wp:featuredmedia":[{"embeddable":true,"href":"https:\/\/boreait.com\/fr\/wp-json\/wp\/v2\/media\/13950"}],"wp:attachment":[{"href":"https:\/\/boreait.com\/fr\/wp-json\/wp\/v2\/media?parent=13881"}],"wp:term":[{"taxonomy":"product_brand","embeddable":true,"href":"https:\/\/boreait.com\/fr\/wp-json\/wp\/v2\/product_brand?post=13881"},{"taxonomy":"product_cat","embeddable":true,"href":"https:\/\/boreait.com\/fr\/wp-json\/wp\/v2\/product_cat?post=13881"},{"taxonomy":"product_tag","embeddable":true,"href":"https:\/\/boreait.com\/fr\/wp-json\/wp\/v2\/product_tag?post=13881"}],"curies":[{"name":"wp","href":"https:\/\/api.w.org\/{rel}","templated":true}]}}