{"id":13880,"date":"2025-09-15T16:48:36","date_gmt":"2025-09-15T14:48:36","guid":{"rendered":"https:\/\/boreait.com\/fr\/?post_type=product&#038;p=13880"},"modified":"2026-01-27T11:15:49","modified_gmt":"2026-01-27T10:15:49","slug":"support-de-port-de-station-daccueil-arriere-dorigine-pour-dell-latitude-e7470-n9p5m","status":"publish","type":"product","link":"https:\/\/boreait.com\/fr\/produit\/support-de-port-de-station-daccueil-arriere-dorigine-pour-dell-latitude-e7470-n9p5m\/","title":{"rendered":"Support de port de station d&rsquo;accueil arri\u00e8re d&rsquo;origine pour Dell Latitude E7470 N9P5M"},"content":{"rendered":"<p>Am\u00e9liorez la connectivit\u00e9 de votre ordinateur portable Dell Latitude E7470 avec le support de port de station d&rsquo;accueil arri\u00e8re d&rsquo;origine, r\u00e9f\u00e9rence N9P5M. Con\u00e7ue pour la durabilit\u00e9 et la compatibilit\u00e9, cette pi\u00e8ce de rechange authentique garantit des performances fiables et une installation facile.<\/p>\n<p>Principales caract\u00e9ristiques\u00a0:<\/p>\n<p>&#8211; Pi\u00e8ce de rechange Dell d&rsquo;origine\u00a0: Compatibilit\u00e9 et fiabilit\u00e9 garanties gr\u00e2ce \u00e0 une pi\u00e8ce de rechange authentique.<\/p>\n<p>&#8211; Installation facile\u00a0: Am\u00e9liorez les capacit\u00e9s de station d&rsquo;accueil de votre ordinateur portable sans effort gr\u00e2ce \u00e0 une installation simple.<\/p>\n<p>&#8211; Connectivit\u00e9 am\u00e9lior\u00e9e\u00a0: Augmentez les options de connectivit\u00e9 de votre ordinateur portable pour des fonctionnalit\u00e9s am\u00e9lior\u00e9es.<\/p>\n<p>&#8211; Construction durable\u00a0: Con\u00e7ue pour r\u00e9sister \u00e0 l&rsquo;usure, elle garantit long\u00e9vit\u00e9 et fiabilit\u00e9.<\/p>\n<p>Am\u00e9liorez votre ordinateur portable Dell Latitude E7470 d\u00e8s aujourd&rsquo;hui avec le support de port de station d&rsquo;accueil arri\u00e8re d&rsquo;origine. Achetez en toute confiance, sachant que vous investissez dans une pi\u00e8ce de rechange de qualit\u00e9 pour votre appareil. Pour toute question ou besoin d&rsquo;aide, n&rsquo;h\u00e9sitez pas \u00e0 nous contacter. Nous sommes l\u00e0 pour vous aider \u00e0 am\u00e9liorer les fonctionnalit\u00e9s de votre appareil.<\/p>\n","protected":false},"excerpt":{"rendered":"<p>Am\u00e9liorez la connectivit\u00e9 de votre Dell Latitude E7470 avec ce support de port de station d&rsquo;accueil arri\u00e8re d&rsquo;origine. Facile \u00e0 installer et compatible avec la r\u00e9f\u00e9rence N9P5M. Am\u00e9liorez les capacit\u00e9s d&rsquo;accueil de votre ordinateur portable d\u00e8s aujourd&rsquo;hui\u00a0!<\/p>\n","protected":false},"featured_media":13942,"template":"","meta":[],"product_brand":[],"product_cat":[63],"product_tag":[53],"class_list":{"0":"post-13880","1":"product","2":"type-product","3":"status-publish","4":"has-post-thumbnail","6":"product_cat-motherboards-board-parts","7":"product_tag-dell","9":"first","10":"instock","11":"taxable","12":"shipping-taxable","13":"purchasable","14":"product-type-simple"},"_links":{"self":[{"href":"https:\/\/boreait.com\/fr\/wp-json\/wp\/v2\/product\/13880","targetHints":{"allow":["GET"]}}],"collection":[{"href":"https:\/\/boreait.com\/fr\/wp-json\/wp\/v2\/product"}],"about":[{"href":"https:\/\/boreait.com\/fr\/wp-json\/wp\/v2\/types\/product"}],"wp:featuredmedia":[{"embeddable":true,"href":"https:\/\/boreait.com\/fr\/wp-json\/wp\/v2\/media\/13942"}],"wp:attachment":[{"href":"https:\/\/boreait.com\/fr\/wp-json\/wp\/v2\/media?parent=13880"}],"wp:term":[{"taxonomy":"product_brand","embeddable":true,"href":"https:\/\/boreait.com\/fr\/wp-json\/wp\/v2\/product_brand?post=13880"},{"taxonomy":"product_cat","embeddable":true,"href":"https:\/\/boreait.com\/fr\/wp-json\/wp\/v2\/product_cat?post=13880"},{"taxonomy":"product_tag","embeddable":true,"href":"https:\/\/boreait.com\/fr\/wp-json\/wp\/v2\/product_tag?post=13880"}],"curies":[{"name":"wp","href":"https:\/\/api.w.org\/{rel}","templated":true}]}}