{"id":13878,"date":"2025-09-15T16:48:35","date_gmt":"2025-09-15T14:48:35","guid":{"rendered":"https:\/\/boreait.com\/fr\/?post_type=product&#038;p=13878"},"modified":"2026-01-27T11:15:35","modified_gmt":"2026-01-27T10:15:35","slug":"kit-de-haut-parleurs-dorigine-lenovo-thinkpad-x220-x220i-04w1412-23-40861-001","status":"publish","type":"product","link":"https:\/\/boreait.com\/fr\/produit\/kit-de-haut-parleurs-dorigine-lenovo-thinkpad-x220-x220i-04w1412-23-40861-001\/","title":{"rendered":"Kit de haut-parleurs d&rsquo;origine Lenovo Thinkpad X220 X220i 04W1412 23.40861.001"},"content":{"rendered":"<p>Am\u00e9liorez la qualit\u00e9 audio de votre ordinateur portable Lenovo Thinkpad X220 X220i avec le kit de haut-parleurs d&rsquo;origine, r\u00e9f\u00e9rence 04W1412 23.40861.001. Con\u00e7u pour durer et \u00eatre compatible, ce kit de remplacement authentique garantit un son clair et net.<\/p>\n<p>Principales caract\u00e9ristiques\u00a0:<\/p>\n<p>&#8211; Pi\u00e8ce de rechange Lenovo d&rsquo;origine\u00a0: Compatibilit\u00e9 et fiabilit\u00e9 garanties avec une pi\u00e8ce de rechange authentique.<\/p>\n<p>&#8211; Installation facile\u00a0: Am\u00e9liorez le son de votre appareil sans effort gr\u00e2ce \u00e0 une installation simple.<\/p>\n<p>&#8211; Qualit\u00e9 audio am\u00e9lior\u00e9e\u00a0: Profitez d&rsquo;un son clair et net pour une exp\u00e9rience audio immersive.<\/p>\n<p>&#8211; Construction durable\u00a0: Con\u00e7u pour r\u00e9sister \u00e0 l&rsquo;usure, il garantit long\u00e9vit\u00e9 et fiabilit\u00e9.<\/p>\n<p>Am\u00e9liorez votre ordinateur portable Lenovo Thinkpad X220 X220i d\u00e8s aujourd&rsquo;hui avec le kit de haut-parleurs d&rsquo;origine. Achetez en toute confiance, sachant que vous investissez dans une pi\u00e8ce de rechange de qualit\u00e9. Pour toute question ou assistance, n&rsquo;h\u00e9sitez pas \u00e0 nous contacter. Nous sommes l\u00e0 pour vous aider \u00e0 am\u00e9liorer l&rsquo;exp\u00e9rience audio de votre appareil.<\/p>\n","protected":false},"excerpt":{"rendered":"<p>Am\u00e9liorez le son de votre Lenovo Thinkpad X220 X220i avec ce kit de haut-parleurs d&rsquo;origine. Facile \u00e0 installer et compatible avec la r\u00e9f\u00e9rence 04W1412 23.40861.001. Am\u00e9liorez la qualit\u00e9 audio de votre appareil d\u00e8s aujourd&rsquo;hui\u00a0!<\/p>\n","protected":false},"featured_media":13939,"template":"","meta":[],"product_brand":[],"product_cat":[54],"product_tag":[62],"class_list":{"0":"post-13878","1":"product","2":"type-product","3":"status-publish","4":"has-post-thumbnail","6":"product_cat-laptop-speakers","7":"product_tag-lenovo","9":"first","10":"instock","11":"taxable","12":"shipping-taxable","13":"purchasable","14":"product-type-simple"},"_links":{"self":[{"href":"https:\/\/boreait.com\/fr\/wp-json\/wp\/v2\/product\/13878","targetHints":{"allow":["GET"]}}],"collection":[{"href":"https:\/\/boreait.com\/fr\/wp-json\/wp\/v2\/product"}],"about":[{"href":"https:\/\/boreait.com\/fr\/wp-json\/wp\/v2\/types\/product"}],"wp:featuredmedia":[{"embeddable":true,"href":"https:\/\/boreait.com\/fr\/wp-json\/wp\/v2\/media\/13939"}],"wp:attachment":[{"href":"https:\/\/boreait.com\/fr\/wp-json\/wp\/v2\/media?parent=13878"}],"wp:term":[{"taxonomy":"product_brand","embeddable":true,"href":"https:\/\/boreait.com\/fr\/wp-json\/wp\/v2\/product_brand?post=13878"},{"taxonomy":"product_cat","embeddable":true,"href":"https:\/\/boreait.com\/fr\/wp-json\/wp\/v2\/product_cat?post=13878"},{"taxonomy":"product_tag","embeddable":true,"href":"https:\/\/boreait.com\/fr\/wp-json\/wp\/v2\/product_tag?post=13878"}],"curies":[{"name":"wp","href":"https:\/\/api.w.org\/{rel}","templated":true}]}}