{"id":13875,"date":"2025-09-15T16:48:34","date_gmt":"2025-09-15T14:48:34","guid":{"rendered":"https:\/\/boreait.com\/fr\/?post_type=product&#038;p=13875"},"modified":"2026-01-27T11:14:47","modified_gmt":"2026-01-27T10:14:47","slug":"module-bluetooth-4-0-pour-lenovo-thinkpad-x200-x200s-60y3303","status":"publish","type":"product","link":"https:\/\/boreait.com\/fr\/produit\/module-bluetooth-4-0-pour-lenovo-thinkpad-x200-x200s-60y3303\/","title":{"rendered":"Module Bluetooth 4.0 pour Lenovo ThinkPad X200 X200s 60y3303"},"content":{"rendered":"<p>Am\u00e9liorez les capacit\u00e9s sans fil de votre Lenovo ThinkPad X200 ou X200s avec ce module Bluetooth 4.0. Con\u00e7u pour une compatibilit\u00e9 optimale et des performances fiables, ce module constitue une mise \u00e0 niveau id\u00e9ale pour votre ordinateur portable. R\u00e9f\u00e9rence\u00a0: 60y3303. \u00c9galement compatible avec d\u2019autres mod\u00e8les.<\/p>\n<p>Principales caract\u00e9ristiques\u00a0:<\/p>\n<p>&#8211; Compatibilit\u00e9 optimale\u00a0: Sp\u00e9cialement con\u00e7u pour les Lenovo ThinkPad X200 et X200s.<\/p>\n<p>&#8211; Bluetooth 4.0\u00a0: B\u00e9n\u00e9ficiez d\u2019une connectivit\u00e9 sans fil et de vitesses de transfert de donn\u00e9es am\u00e9lior\u00e9es.<\/p>\n<p>&#8211; Installation facile\u00a0: Mettez \u00e0 niveau votre ordinateur portable sans effort, sans l\u2019aide d\u2019un professionnel.<\/p>\n<p>&#8211; Performances fiables\u00a0: Garantit des connexions sans fil stables et efficaces pour vos appareils.<\/p>\n<p>Am\u00e9liorez les performances de votre ordinateur portable\u00a0:<\/p>\n<p>Profitez d\u2019une fonctionnalit\u00e9 et d\u2019une connectivit\u00e9 sans fil am\u00e9lior\u00e9es en mettant \u00e0 niveau votre ordinateur portable avec ce module Bluetooth 4.0.<\/p>\n<p>Installation facile\u00a0:<\/p>\n<p>Am\u00e9liorez facilement les capacit\u00e9s sans fil de votre ordinateur portable gr\u00e2ce \u00e0 une installation simple, sans l\u2019aide d\u2019un professionnel.<\/p>\n<p>Assurance qualit\u00e9\u00a0:<\/p>\n<p>Soyez assur\u00e9 d&rsquo;investir dans un module Bluetooth de haute qualit\u00e9, con\u00e7u pour une fiabilit\u00e9 et une long\u00e9vit\u00e9 optimales.<\/p>\n<p>Mettez \u00e0 niveau votre Lenovo ThinkPad X200 ou X200s d\u00e8s aujourd&rsquo;hui avec le module Bluetooth 4.0. Achetez en toute confiance, sachant que vous investissez dans une pi\u00e8ce de rechange de qualit\u00e9 pour votre ordinateur portable. Pour toute question ou assistance, n&rsquo;h\u00e9sitez pas \u00e0 nous contacter. Nous sommes l\u00e0 pour vous aider \u00e0 am\u00e9liorer votre exp\u00e9rience informatique.<\/p>\n","protected":false},"excerpt":{"rendered":"<p>Am\u00e9liorez votre Lenovo ThinkPad X200 ou X200s avec ce module Bluetooth 4.0. Facile \u00e0 installer, il garantit une connectivit\u00e9 sans fil fiable. Optimisez les performances de votre ordinateur portable d\u00e8s aujourd&rsquo;hui\u00a0!<\/p>\n","protected":false},"featured_media":13935,"template":"","meta":[],"product_brand":[],"product_cat":[63],"product_tag":[62],"class_list":{"0":"post-13875","1":"product","2":"type-product","3":"status-publish","4":"has-post-thumbnail","6":"product_cat-motherboards-board-parts","7":"product_tag-lenovo","9":"first","10":"instock","11":"taxable","12":"shipping-taxable","13":"purchasable","14":"product-type-simple"},"_links":{"self":[{"href":"https:\/\/boreait.com\/fr\/wp-json\/wp\/v2\/product\/13875","targetHints":{"allow":["GET"]}}],"collection":[{"href":"https:\/\/boreait.com\/fr\/wp-json\/wp\/v2\/product"}],"about":[{"href":"https:\/\/boreait.com\/fr\/wp-json\/wp\/v2\/types\/product"}],"wp:featuredmedia":[{"embeddable":true,"href":"https:\/\/boreait.com\/fr\/wp-json\/wp\/v2\/media\/13935"}],"wp:attachment":[{"href":"https:\/\/boreait.com\/fr\/wp-json\/wp\/v2\/media?parent=13875"}],"wp:term":[{"taxonomy":"product_brand","embeddable":true,"href":"https:\/\/boreait.com\/fr\/wp-json\/wp\/v2\/product_brand?post=13875"},{"taxonomy":"product_cat","embeddable":true,"href":"https:\/\/boreait.com\/fr\/wp-json\/wp\/v2\/product_cat?post=13875"},{"taxonomy":"product_tag","embeddable":true,"href":"https:\/\/boreait.com\/fr\/wp-json\/wp\/v2\/product_tag?post=13875"}],"curies":[{"name":"wp","href":"https:\/\/api.w.org\/{rel}","templated":true}]}}