{"id":13860,"date":"2025-09-15T16:48:12","date_gmt":"2025-09-15T14:48:12","guid":{"rendered":"https:\/\/boreait.com\/fr\/?post_type=product&#038;p=13860"},"modified":"2026-01-27T11:14:18","modified_gmt":"2026-01-27T10:14:18","slug":"webcam-dorigine-pour-ordinateur-portable-ibm-lenovo-thinkpad-x220-x230-x220t","status":"publish","type":"product","link":"https:\/\/boreait.com\/fr\/produit\/webcam-dorigine-pour-ordinateur-portable-ibm-lenovo-thinkpad-x220-x230-x220t\/","title":{"rendered":"Webcam d&rsquo;origine pour ordinateur portable IBM Lenovo ThinkPad X220 X230 X220T"},"content":{"rendered":"<p>Am\u00e9liorez les performances de votre ordinateur portable IBM Lenovo ThinkPad X220, X230 ou X220T avec cette webcam d&rsquo;origine. Profitez d&rsquo;appels vid\u00e9o et de conf\u00e9rences d&rsquo;une grande clart\u00e9 gr\u00e2ce \u00e0 cette pi\u00e8ce de rechange de haute qualit\u00e9. Facile \u00e0 installer, elle garantit une int\u00e9gration parfaite avec votre appareil.<\/p>\n<p>Principales caract\u00e9ristiques\u00a0:<\/p>\n<p>&#8211; Pi\u00e8ce de rechange IBM Lenovo d&rsquo;origine\u00a0: Compatibilit\u00e9 et fiabilit\u00e9 garanties avec une pi\u00e8ce de rechange d&rsquo;origine.<\/p>\n<p>&#8211; Vid\u00e9o haute qualit\u00e9\u00a0: Profitez d&rsquo;appels vid\u00e9o et de conf\u00e9rences d&rsquo;une clart\u00e9 et d&rsquo;une nettet\u00e9 exceptionnelles.<\/p>\n<p>&#8211; Installation facile\u00a0: Am\u00e9liorez les fonctionnalit\u00e9s de votre ordinateur portable sans effort gr\u00e2ce \u00e0 une installation simple.<\/p>\n<p>&#8211; Compatibilit\u00e9\u00a0: Con\u00e7ue sp\u00e9cifiquement pour les mod\u00e8les IBM Lenovo ThinkPad X220, X230 et X220T.<\/p>\n<p>&#8211; Performances fiables\u00a0: B\u00e9n\u00e9ficiez de performances fiables avec cette webcam de haute qualit\u00e9.<\/p>\n<p>Am\u00e9liorez votre ordinateur portable IBM Lenovo ThinkPad X220, X230 ou X220T d\u00e8s aujourd&rsquo;hui avec cette webcam d&rsquo;origine. Achetez en toute confiance, sachant que vous investissez dans une pi\u00e8ce de rechange de qualit\u00e9 pour votre appareil. Pour toute question ou besoin d&rsquo;aide, n&rsquo;h\u00e9sitez pas \u00e0 nous contacter. Nous sommes l\u00e0 pour vous aider \u00e0 am\u00e9liorer les fonctionnalit\u00e9s de votre ordinateur portable.<\/p>\n","protected":false},"excerpt":{"rendered":"<p>Am\u00e9liorez votre ordinateur portable IBM Lenovo ThinkPad X220, X230 ou X220T avec cette webcam d&rsquo;origine. Profitez d&rsquo;appels vid\u00e9o et de visioconf\u00e9rences d&rsquo;une grande clart\u00e9. Installation facile. Am\u00e9liorez les fonctionnalit\u00e9s de votre ordinateur portable d\u00e8s aujourd&rsquo;hui\u00a0!<\/p>\n","protected":false},"featured_media":13922,"template":"","meta":[],"product_brand":[],"product_cat":[59],"product_tag":[62],"class_list":{"0":"post-13860","1":"product","2":"type-product","3":"status-publish","4":"has-post-thumbnail","6":"product_cat-laptop-camera","7":"product_tag-lenovo","9":"first","10":"instock","11":"taxable","12":"shipping-taxable","13":"purchasable","14":"product-type-simple"},"_links":{"self":[{"href":"https:\/\/boreait.com\/fr\/wp-json\/wp\/v2\/product\/13860","targetHints":{"allow":["GET"]}}],"collection":[{"href":"https:\/\/boreait.com\/fr\/wp-json\/wp\/v2\/product"}],"about":[{"href":"https:\/\/boreait.com\/fr\/wp-json\/wp\/v2\/types\/product"}],"wp:featuredmedia":[{"embeddable":true,"href":"https:\/\/boreait.com\/fr\/wp-json\/wp\/v2\/media\/13922"}],"wp:attachment":[{"href":"https:\/\/boreait.com\/fr\/wp-json\/wp\/v2\/media?parent=13860"}],"wp:term":[{"taxonomy":"product_brand","embeddable":true,"href":"https:\/\/boreait.com\/fr\/wp-json\/wp\/v2\/product_brand?post=13860"},{"taxonomy":"product_cat","embeddable":true,"href":"https:\/\/boreait.com\/fr\/wp-json\/wp\/v2\/product_cat?post=13860"},{"taxonomy":"product_tag","embeddable":true,"href":"https:\/\/boreait.com\/fr\/wp-json\/wp\/v2\/product_tag?post=13860"}],"curies":[{"name":"wp","href":"https:\/\/api.w.org\/{rel}","templated":true}]}}