{"id":13857,"date":"2025-09-15T16:48:11","date_gmt":"2025-09-15T14:48:11","guid":{"rendered":"https:\/\/boreait.com\/fr\/?post_type=product&#038;p=13857"},"modified":"2026-01-27T11:13:48","modified_gmt":"2026-01-27T10:13:48","slug":"charnieres-pour-ecran-lcd-dordinateur-portable-lenovo-thinkpad-x220-x220i-x230-x230i-2","status":"publish","type":"product","link":"https:\/\/boreait.com\/fr\/produit\/charnieres-pour-ecran-lcd-dordinateur-portable-lenovo-thinkpad-x220-x220i-x230-x230i-2\/","title":{"rendered":"Charni\u00e8res pour \u00e9cran LCD d&rsquo;ordinateur portable Lenovo ThinkPad X220 X220i X230 X230i"},"content":{"rendered":"<p>Am\u00e9liorez la stabilit\u00e9 et la fonctionnalit\u00e9 de l&rsquo;\u00e9cran de votre ordinateur portable Lenovo ThinkPad X220\/X220i\/X230\/X230i gr\u00e2ce \u00e0 ces charni\u00e8res LCD. Con\u00e7ues pour une durabilit\u00e9 et une compatibilit\u00e9 optimales, ces charni\u00e8res garantissent un fonctionnement fluide et des performances fiables.<\/p>\n<p>Principales caract\u00e9ristiques\u00a0:<\/p>\n<p>&#8211; Mod\u00e8les compatibles\u00a0: Con\u00e7ues sp\u00e9cifiquement pour les ordinateurs portables Lenovo ThinkPad X220, X220i, X230 et X230i.<\/p>\n<p>&#8211; Fonctionnement stable et fluide\u00a0: Am\u00e9liorez les charni\u00e8res de l&rsquo;\u00e9cran de votre ordinateur portable pour un mouvement stable et fluide.<\/p>\n<p>&#8211; Installation facile\u00a0: Remplacez facilement les charni\u00e8res de votre ordinateur portable gr\u00e2ce \u00e0 des instructions d&rsquo;installation simples.<\/p>\n<p>&#8211; Durabilit\u00e9 accrue\u00a0: Fabriqu\u00e9 avec des mat\u00e9riaux de haute qualit\u00e9 pour des performances durables.<\/p>\n<p>Am\u00e9liorez votre ordinateur portable Lenovo ThinkPad d\u00e8s aujourd&rsquo;hui avec ces charni\u00e8res LCD d&rsquo;origine. Achetez en toute confiance, sachant que vous investissez dans des pi\u00e8ces de rechange de qualit\u00e9. Pour toute question ou assistance, n&rsquo;h\u00e9sitez pas \u00e0 nous contacter. Nous sommes l\u00e0 pour vous aider \u00e0 am\u00e9liorer les fonctionnalit\u00e9s de votre ordinateur portable.<\/p>\n","protected":false},"excerpt":{"rendered":"<p>Am\u00e9liorez les charni\u00e8res de l&rsquo;\u00e9cran de votre Lenovo ThinkPad X220\/X220i\/X230\/X230i avec ces charni\u00e8res pour \u00e9cran LCD. Assurez un fonctionnement stable et fluide de votre \u00e9cran. Achetez d\u00e8s maintenant pour une durabilit\u00e9 accrue\u00a0!<\/p>\n","protected":false},"featured_media":13918,"template":"","meta":[],"product_brand":[],"product_cat":[55],"product_tag":[62],"class_list":{"0":"post-13857","1":"product","2":"type-product","3":"status-publish","4":"has-post-thumbnail","6":"product_cat-screen-hinge","7":"product_tag-lenovo","9":"first","10":"instock","11":"taxable","12":"shipping-taxable","13":"purchasable","14":"product-type-simple"},"_links":{"self":[{"href":"https:\/\/boreait.com\/fr\/wp-json\/wp\/v2\/product\/13857","targetHints":{"allow":["GET"]}}],"collection":[{"href":"https:\/\/boreait.com\/fr\/wp-json\/wp\/v2\/product"}],"about":[{"href":"https:\/\/boreait.com\/fr\/wp-json\/wp\/v2\/types\/product"}],"wp:featuredmedia":[{"embeddable":true,"href":"https:\/\/boreait.com\/fr\/wp-json\/wp\/v2\/media\/13918"}],"wp:attachment":[{"href":"https:\/\/boreait.com\/fr\/wp-json\/wp\/v2\/media?parent=13857"}],"wp:term":[{"taxonomy":"product_brand","embeddable":true,"href":"https:\/\/boreait.com\/fr\/wp-json\/wp\/v2\/product_brand?post=13857"},{"taxonomy":"product_cat","embeddable":true,"href":"https:\/\/boreait.com\/fr\/wp-json\/wp\/v2\/product_cat?post=13857"},{"taxonomy":"product_tag","embeddable":true,"href":"https:\/\/boreait.com\/fr\/wp-json\/wp\/v2\/product_tag?post=13857"}],"curies":[{"name":"wp","href":"https:\/\/api.w.org\/{rel}","templated":true}]}}