{"id":13847,"date":"2025-09-15T16:47:49","date_gmt":"2025-09-15T14:47:49","guid":{"rendered":"https:\/\/boreait.com\/fr\/?post_type=product&#038;p=13847"},"modified":"2025-11-29T08:30:35","modified_gmt":"2025-11-29T07:30:35","slug":"prise-dalimentation-secteur-pour-ordinateur-portable-lenovo-thinkpad-x220-x220i-x230-x230i-port-de-charge-04w1680","status":"publish","type":"product","link":"https:\/\/boreait.com\/fr\/produit\/prise-dalimentation-secteur-pour-ordinateur-portable-lenovo-thinkpad-x220-x220i-x230-x230i-port-de-charge-04w1680\/","title":{"rendered":"Prise d&rsquo;alimentation secteur pour ordinateur portable Lenovo ThinkPad X220 X220i X230 X230i, port de charge 04W1680"},"content":{"rendered":"<p>Am\u00e9liorez la capacit\u00e9 de charge de votre ordinateur portable Lenovo Thinkpad X220\/X220i\/X230\/X230i avec ce port de charge d&rsquo;origine pour prise d&rsquo;alimentation CA\/CC. Con\u00e7u pour la compatibilit\u00e9 et la durabilit\u00e9, ce connecteur authentique garantit une connexion \u00e9lectrique fiable. R\u00e9f\u00e9rence Lenovo\u00a0: 04W1680.<\/p>\n<p>Principales caract\u00e9ristiques\u00a0:<\/p>\n<p>&#8211; Pi\u00e8ce de rechange Lenovo d&rsquo;origine\u00a0: Compatibilit\u00e9 et fiabilit\u00e9 garanties avec une pi\u00e8ce de rechange authentique.<\/p>\n<p>&#8211; Installation facile\u00a0: Remplacez le port de charge sans effort gr\u00e2ce \u00e0 des instructions d&rsquo;installation simples.<\/p>\n<p>&#8211; Connectivit\u00e9 \u00e9lectrique fiable\u00a0: Charge et connexion \u00e9lectrique constantes pour une utilisation ininterrompue.<\/p>\n<p>&#8211; Compatibilit\u00e9\u00a0: Con\u00e7u sp\u00e9cifiquement pour les mod\u00e8les Lenovo Thinkpad X220, X220i, X230 et X230i.<\/p>\n<p>&#8211; Construction durable\u00a0: Con\u00e7u pour r\u00e9sister \u00e0 une utilisation r\u00e9guli\u00e8re, garantissant long\u00e9vit\u00e9 et fiabilit\u00e9.<\/p>\n<p>Am\u00e9liorez la capacit\u00e9 de charge de votre ordinateur portable Lenovo Thinkpad X220\/X220i\/X230\/X230i gr\u00e2ce \u00e0 ce port de charge d&rsquo;origine pour prise d&rsquo;alimentation CA\/CC. Investissez dans la qualit\u00e9 et la fiabilit\u00e9 de votre appareil. Pour toute question ou besoin d&rsquo;aide, n&rsquo;h\u00e9sitez pas \u00e0 nous contacter. Nous sommes l\u00e0 pour vous aider \u00e0 am\u00e9liorer les fonctionnalit\u00e9s de votre ordinateur portable.<\/p>\n","protected":false},"excerpt":{"rendered":"<p>Remplacez le port de charge de votre ordinateur portable Lenovo Thinkpad X220\/X220i\/X230\/X230i par cette pi\u00e8ce de rechange d&rsquo;origine. Assurez-vous une charge et une alimentation fiables pour votre appareil. Mettez \u00e0 niveau d\u00e8s maintenant\u00a0!<\/p>\n","protected":false},"featured_media":13916,"template":"","meta":[],"product_brand":[],"product_cat":[56],"product_tag":[62],"class_list":{"0":"post-13847","1":"product","2":"type-product","3":"status-publish","4":"has-post-thumbnail","6":"product_cat-cables","7":"product_tag-lenovo","9":"first","10":"instock","11":"taxable","12":"shipping-taxable","13":"purchasable","14":"product-type-simple"},"_links":{"self":[{"href":"https:\/\/boreait.com\/fr\/wp-json\/wp\/v2\/product\/13847","targetHints":{"allow":["GET"]}}],"collection":[{"href":"https:\/\/boreait.com\/fr\/wp-json\/wp\/v2\/product"}],"about":[{"href":"https:\/\/boreait.com\/fr\/wp-json\/wp\/v2\/types\/product"}],"wp:featuredmedia":[{"embeddable":true,"href":"https:\/\/boreait.com\/fr\/wp-json\/wp\/v2\/media\/13916"}],"wp:attachment":[{"href":"https:\/\/boreait.com\/fr\/wp-json\/wp\/v2\/media?parent=13847"}],"wp:term":[{"taxonomy":"product_brand","embeddable":true,"href":"https:\/\/boreait.com\/fr\/wp-json\/wp\/v2\/product_brand?post=13847"},{"taxonomy":"product_cat","embeddable":true,"href":"https:\/\/boreait.com\/fr\/wp-json\/wp\/v2\/product_cat?post=13847"},{"taxonomy":"product_tag","embeddable":true,"href":"https:\/\/boreait.com\/fr\/wp-json\/wp\/v2\/product_tag?post=13847"}],"curies":[{"name":"wp","href":"https:\/\/api.w.org\/{rel}","templated":true}]}}