{"id":13826,"date":"2025-09-15T16:47:26","date_gmt":"2025-09-15T14:47:26","guid":{"rendered":"https:\/\/boreait.com\/fr\/?post_type=product&#038;p=13826"},"modified":"2026-01-27T11:12:32","modified_gmt":"2026-01-27T10:12:32","slug":"cable-de-camera-lcd-dorigine-pour-lenovo-thinkpad-t430si-t430s-t420si-t420s-50-4kf05-001-04w1685","status":"publish","type":"product","link":"https:\/\/boreait.com\/fr\/produit\/cable-de-camera-lcd-dorigine-pour-lenovo-thinkpad-t430si-t430s-t420si-t420s-50-4kf05-001-04w1685\/","title":{"rendered":"C\u00e2ble de cam\u00e9ra LCD d&rsquo;origine pour Lenovo ThinkPad T430SI T430S T420si T420S 50.4KF05.001 04W1685"},"content":{"rendered":"<p>Am\u00e9liorez les fonctionnalit\u00e9s de la cam\u00e9ra de votre ordinateur portable Lenovo ThinkPad T430SI T430S T420si T420S avec le c\u00e2ble de cam\u00e9ra LCD d&rsquo;origine, r\u00e9f\u00e9rence 50.4KF05.001 04W1685. Con\u00e7ue pour la durabilit\u00e9 et la compatibilit\u00e9, cette pi\u00e8ce de rechange authentique garantit des performances fiables et une installation facile.<\/p>\n<p>Principales caract\u00e9ristiques\u00a0:<\/p>\n<p>&#8211; Pi\u00e8ce de rechange Lenovo d&rsquo;origine\u00a0: Compatibilit\u00e9 et fiabilit\u00e9 garanties avec une pi\u00e8ce de rechange authentique.<\/p>\n<p>&#8211; Installation facile\u00a0: Am\u00e9liorez la cam\u00e9ra de votre ordinateur portable sans effort gr\u00e2ce \u00e0 une installation simple.<\/p>\n<p>&#8211; Fonctionnalit\u00e9s am\u00e9lior\u00e9es de la cam\u00e9ra\u00a0: Am\u00e9liorez la qualit\u00e9 de la cam\u00e9ra de votre ordinateur portable pour de meilleurs appels vid\u00e9o et conf\u00e9rences.<\/p>\n<p>&#8211; Construction durable\u00a0: Con\u00e7ue pour r\u00e9sister \u00e0 une utilisation r\u00e9guli\u00e8re, elle garantit long\u00e9vit\u00e9 et fiabilit\u00e9.<\/p>\n<p>Am\u00e9liorez votre ordinateur portable Lenovo ThinkPad T430SI T430S T420si T420S d\u00e8s aujourd&rsquo;hui avec le c\u00e2ble de cam\u00e9ra LCD d&rsquo;origine. Achetez en toute confiance, sachant que vous investissez dans une pi\u00e8ce de rechange de qualit\u00e9 pour votre appareil. Pour toute question ou besoin d&rsquo;aide, n&rsquo;h\u00e9sitez pas \u00e0 nous contacter. Nous sommes l\u00e0 pour vous aider \u00e0 am\u00e9liorer les fonctionnalit\u00e9s de votre ordinateur portable.<\/p>\n","protected":false},"excerpt":{"rendered":"<p>Am\u00e9liorez le c\u00e2ble de la cam\u00e9ra LCD de votre Lenovo ThinkPad T430SI, T430S, T420si et T420S avec cette pi\u00e8ce de rechange d&rsquo;origine. Compatible avec la r\u00e9f\u00e9rence 50.4KF05.001 04W1685. Optimisez les fonctionnalit\u00e9s de la cam\u00e9ra de votre ordinateur portable d\u00e8s aujourd&rsquo;hui\u00a0!<\/p>\n","protected":false},"featured_media":13888,"template":"","meta":[],"product_brand":[],"product_cat":[56],"product_tag":[62],"class_list":{"0":"post-13826","1":"product","2":"type-product","3":"status-publish","4":"has-post-thumbnail","6":"product_cat-cables","7":"product_tag-lenovo","9":"first","10":"instock","11":"taxable","12":"shipping-taxable","13":"purchasable","14":"product-type-simple"},"_links":{"self":[{"href":"https:\/\/boreait.com\/fr\/wp-json\/wp\/v2\/product\/13826","targetHints":{"allow":["GET"]}}],"collection":[{"href":"https:\/\/boreait.com\/fr\/wp-json\/wp\/v2\/product"}],"about":[{"href":"https:\/\/boreait.com\/fr\/wp-json\/wp\/v2\/types\/product"}],"wp:featuredmedia":[{"embeddable":true,"href":"https:\/\/boreait.com\/fr\/wp-json\/wp\/v2\/media\/13888"}],"wp:attachment":[{"href":"https:\/\/boreait.com\/fr\/wp-json\/wp\/v2\/media?parent=13826"}],"wp:term":[{"taxonomy":"product_brand","embeddable":true,"href":"https:\/\/boreait.com\/fr\/wp-json\/wp\/v2\/product_brand?post=13826"},{"taxonomy":"product_cat","embeddable":true,"href":"https:\/\/boreait.com\/fr\/wp-json\/wp\/v2\/product_cat?post=13826"},{"taxonomy":"product_tag","embeddable":true,"href":"https:\/\/boreait.com\/fr\/wp-json\/wp\/v2\/product_tag?post=13826"}],"curies":[{"name":"wp","href":"https:\/\/api.w.org\/{rel}","templated":true}]}}