{"id":13823,"date":"2025-09-15T16:47:26","date_gmt":"2025-09-15T14:47:26","guid":{"rendered":"https:\/\/boreait.com\/fr\/?post_type=product&#038;p=13823"},"modified":"2026-01-27T11:12:02","modified_gmt":"2026-01-27T10:12:02","slug":"carte-de-connecteur-de-disque-dur-dorigine-lenovo-thinkpad-t430s-reference-04w3996","status":"publish","type":"product","link":"https:\/\/boreait.com\/fr\/produit\/carte-de-connecteur-de-disque-dur-dorigine-lenovo-thinkpad-t430s-reference-04w3996\/","title":{"rendered":"Carte de connecteur de disque dur d&rsquo;origine LENOVO THINKPAD T430S (r\u00e9f\u00e9rence\u00a0: 04W3996)"},"content":{"rendered":"<p>Am\u00e9liorez les capacit\u00e9s de stockage de votre ordinateur portable Lenovo ThinkPad T430S avec la carte de connexion pour disque dur HDD d&rsquo;origine, r\u00e9f\u00e9rence 04W3996. Con\u00e7ue pour la compatibilit\u00e9 et la fiabilit\u00e9, cette pi\u00e8ce de rechange authentique garantit des performances fiables et une installation facile.<\/p>\n<p>Principales caract\u00e9ristiques\u00a0:<\/p>\n<p>&#8211; Pi\u00e8ce de rechange Lenovo d&rsquo;origine\u00a0: Compatibilit\u00e9 et fiabilit\u00e9 garanties avec une pi\u00e8ce de rechange authentique.<\/p>\n<p>&#8211; Installation facile\u00a0: Am\u00e9liorez le stockage de votre appareil sans effort gr\u00e2ce \u00e0 une installation simple.<\/p>\n<p>&#8211; Capacit\u00e9s de stockage am\u00e9lior\u00e9es\u00a0: Augmentez la capacit\u00e9 de stockage de votre ordinateur portable pour des fonctionnalit\u00e9s am\u00e9lior\u00e9es.<\/p>\n<p>&#8211; Construction durable\u00a0: Con\u00e7ue pour r\u00e9sister \u00e0 l&rsquo;usure, elle garantit long\u00e9vit\u00e9 et fiabilit\u00e9.<\/p>\n<p>Am\u00e9liorez votre ordinateur portable Lenovo ThinkPad T430S d\u00e8s aujourd&rsquo;hui avec la carte de connexion pour disque dur HDD d&rsquo;origine. Achetez en toute confiance, sachant que vous investissez dans une pi\u00e8ce de rechange de qualit\u00e9 pour votre appareil. Pour toute question ou besoin d&rsquo;aide, n&rsquo;h\u00e9sitez pas \u00e0 nous contacter. Nous sommes l\u00e0 pour vous aider \u00e0 am\u00e9liorer les fonctionnalit\u00e9s de votre ordinateur portable.<\/p>\n","protected":false},"excerpt":{"rendered":"<p>Am\u00e9liorez votre Lenovo ThinkPad T430S avec cette carte de connexion pour disque dur HDD d&rsquo;origine. Facile \u00e0 installer et compatible avec la r\u00e9f\u00e9rence 04W3996. Optimisez les capacit\u00e9s de stockage de votre ordinateur portable d\u00e8s aujourd&rsquo;hui\u00a0!<\/p>\n","protected":false},"featured_media":13885,"template":"","meta":[],"product_brand":[],"product_cat":[63],"product_tag":[62],"class_list":{"0":"post-13823","1":"product","2":"type-product","3":"status-publish","4":"has-post-thumbnail","6":"product_cat-motherboards-board-parts","7":"product_tag-lenovo","9":"first","10":"instock","11":"taxable","12":"shipping-taxable","13":"purchasable","14":"product-type-simple"},"_links":{"self":[{"href":"https:\/\/boreait.com\/fr\/wp-json\/wp\/v2\/product\/13823","targetHints":{"allow":["GET"]}}],"collection":[{"href":"https:\/\/boreait.com\/fr\/wp-json\/wp\/v2\/product"}],"about":[{"href":"https:\/\/boreait.com\/fr\/wp-json\/wp\/v2\/types\/product"}],"wp:featuredmedia":[{"embeddable":true,"href":"https:\/\/boreait.com\/fr\/wp-json\/wp\/v2\/media\/13885"}],"wp:attachment":[{"href":"https:\/\/boreait.com\/fr\/wp-json\/wp\/v2\/media?parent=13823"}],"wp:term":[{"taxonomy":"product_brand","embeddable":true,"href":"https:\/\/boreait.com\/fr\/wp-json\/wp\/v2\/product_brand?post=13823"},{"taxonomy":"product_cat","embeddable":true,"href":"https:\/\/boreait.com\/fr\/wp-json\/wp\/v2\/product_cat?post=13823"},{"taxonomy":"product_tag","embeddable":true,"href":"https:\/\/boreait.com\/fr\/wp-json\/wp\/v2\/product_tag?post=13823"}],"curies":[{"name":"wp","href":"https:\/\/api.w.org\/{rel}","templated":true}]}}