{"id":13822,"date":"2025-09-15T16:47:26","date_gmt":"2025-09-15T14:47:26","guid":{"rendered":"https:\/\/boreait.com\/fr\/?post_type=product&#038;p=13822"},"modified":"2026-01-27T11:11:47","modified_gmt":"2026-01-27T10:11:47","slug":"ensemble-de-haut-parleurs-integres-pour-ordinateur-portable-lenovo-thinkpad-t420s-t430s-dorigine-fru-04w1688","status":"publish","type":"product","link":"https:\/\/boreait.com\/fr\/produit\/ensemble-de-haut-parleurs-integres-pour-ordinateur-portable-lenovo-thinkpad-t420s-t430s-dorigine-fru-04w1688\/","title":{"rendered":"Ensemble de haut-parleurs int\u00e9gr\u00e9s pour ordinateur portable Lenovo ThinkPad T420S T430S d&rsquo;origine (FRU 04W1688)"},"content":{"rendered":"<p>Am\u00e9liorez la qualit\u00e9 audio de votre ordinateur portable Lenovo ThinkPad T420S T430S avec le kit de haut-parleurs int\u00e9gr\u00e9s d&rsquo;origine, r\u00e9f\u00e9rence 04W1688. Con\u00e7u pour la durabilit\u00e9 et la compatibilit\u00e9, ce kit de remplacement authentique garantit des performances fiables et une installation facile.<\/p>\n<p>Principales caract\u00e9ristiques\u00a0:<\/p>\n<p>&#8211; Pi\u00e8ce de rechange Lenovo d&rsquo;origine\u00a0: Compatibilit\u00e9 et fiabilit\u00e9 garanties avec une pi\u00e8ce de rechange authentique.<\/p>\n<p>&#8211; Installation facile\u00a0: Am\u00e9liorez le son de votre appareil sans effort gr\u00e2ce \u00e0 une installation simple.<\/p>\n<p>&#8211; Qualit\u00e9 sonore am\u00e9lior\u00e9e\u00a0: Am\u00e9liorez la sortie audio de votre ordinateur portable pour une meilleure exp\u00e9rience d&rsquo;\u00e9coute.<\/p>\n<p>&#8211; Construction durable\u00a0: Con\u00e7u pour r\u00e9sister \u00e0 une utilisation quotidienne, il garantit long\u00e9vit\u00e9 et fiabilit\u00e9.<\/p>\n<p>Am\u00e9liorez votre ordinateur portable Lenovo ThinkPad T420S T430S d\u00e8s aujourd&rsquo;hui avec le kit de haut-parleurs int\u00e9gr\u00e9s d&rsquo;origine. Achetez en toute confiance, sachant que vous investissez dans une pi\u00e8ce de rechange de qualit\u00e9 pour votre appareil. Pour toute question ou besoin d&rsquo;aide, n&rsquo;h\u00e9sitez pas \u00e0 nous contacter. Nous sommes l\u00e0 pour vous aider \u00e0 am\u00e9liorer l&rsquo;exp\u00e9rience audio de votre appareil.<\/p>\n","protected":false},"excerpt":{"rendered":"<p>Am\u00e9liorez le son de votre ordinateur portable Lenovo ThinkPad T420S T430S avec ce kit de haut-parleurs int\u00e9gr\u00e9s d&rsquo;origine. Facile \u00e0 installer et compatible avec la r\u00e9f\u00e9rence 04W1688. Am\u00e9liorez la qualit\u00e9 sonore de votre appareil d\u00e8s aujourd&rsquo;hui\u00a0!<\/p>\n","protected":false},"featured_media":13884,"template":"","meta":[],"product_brand":[],"product_cat":[54],"product_tag":[62],"class_list":{"0":"post-13822","1":"product","2":"type-product","3":"status-publish","4":"has-post-thumbnail","6":"product_cat-laptop-speakers","7":"product_tag-lenovo","9":"first","10":"instock","11":"taxable","12":"shipping-taxable","13":"purchasable","14":"product-type-simple"},"_links":{"self":[{"href":"https:\/\/boreait.com\/fr\/wp-json\/wp\/v2\/product\/13822","targetHints":{"allow":["GET"]}}],"collection":[{"href":"https:\/\/boreait.com\/fr\/wp-json\/wp\/v2\/product"}],"about":[{"href":"https:\/\/boreait.com\/fr\/wp-json\/wp\/v2\/types\/product"}],"wp:featuredmedia":[{"embeddable":true,"href":"https:\/\/boreait.com\/fr\/wp-json\/wp\/v2\/media\/13884"}],"wp:attachment":[{"href":"https:\/\/boreait.com\/fr\/wp-json\/wp\/v2\/media?parent=13822"}],"wp:term":[{"taxonomy":"product_brand","embeddable":true,"href":"https:\/\/boreait.com\/fr\/wp-json\/wp\/v2\/product_brand?post=13822"},{"taxonomy":"product_cat","embeddable":true,"href":"https:\/\/boreait.com\/fr\/wp-json\/wp\/v2\/product_cat?post=13822"},{"taxonomy":"product_tag","embeddable":true,"href":"https:\/\/boreait.com\/fr\/wp-json\/wp\/v2\/product_tag?post=13822"}],"curies":[{"name":"wp","href":"https:\/\/api.w.org\/{rel}","templated":true}]}}