{"id":13797,"date":"2025-09-15T16:46:59","date_gmt":"2025-09-15T14:46:59","guid":{"rendered":"https:\/\/boreait.com\/fr\/?post_type=product&#038;p=13797"},"modified":"2025-09-15T16:48:15","modified_gmt":"2025-09-15T14:48:15","slug":"au-optronics-b150xg07-v-5-v5-v-6-v6-v-7-v7-ecran-lcd-dordinateur-portable-15-xga","status":"publish","type":"product","link":"https:\/\/boreait.com\/fr\/produit\/au-optronics-b150xg07-v-5-v5-v-6-v6-v-7-v7-ecran-lcd-dordinateur-portable-15-xga\/","title":{"rendered":"AU OPTRONICS B150XG07 V.5 V5 V.6 V6 V.7 V7 \u00c9CRAN LCD D&rsquo;ORDINATEUR PORTABLE 15 XGA"},"content":{"rendered":"<p><strong>Taille\u00a0: 15\u00a0pouces (diagonale visible)<\/p>\n<p><strong>Finition\u00a0: Brillant<\/p>\n<p><strong>R\u00e9solution\u00a0: 1024 x 768 &#8211; XGA<\/p>\n<p><strong>Type de connecteur\u00a0: 30 broches, en haut \u00e0 droite, LVDS-30P1C6B-030C<\/p>\n<p><strong>Type de r\u00e9tro\u00e9clairage\u00a0: CCFL<\/p>\n<p>Mod\u00e8le\u00a0: b150xg07 v.5<\/p>\n<p>Am\u00e9liorez l&rsquo;exp\u00e9rience visuelle de votre ordinateur portable avec l&rsquo;\u00e9cran LCD AU OPTRONICS B150XG07 V.5 V6 V.7. Con\u00e7u pour la compatibilit\u00e9 et la clart\u00e9, cet \u00e9cran XGA de remplacement de 15\u00a0pouces offre des images \u00e9clatantes et des d\u00e9tails nets pour une exp\u00e9rience visuelle am\u00e9lior\u00e9e. <\/p>\n<p>Principales caract\u00e9ristiques\u00a0:<\/p>\n<p>&#8211; Compatibilit\u00e9\u00a0: Compatible avec diff\u00e9rents mod\u00e8les d&rsquo;ordinateurs portables pour une utilisation polyvalente.<\/p>\n<p>&#8211; Visuels \u00e9clatants\u00a0: Profitez de couleurs \u00e9clatantes et de d\u00e9tails nets avec cet \u00e9cran LCD de remplacement de haute qualit\u00e9.<\/p>\n<p>&#8211; Installation facile\u00a0: Am\u00e9liorez l&rsquo;\u00e9cran de votre ordinateur portable sans effort gr\u00e2ce \u00e0 une installation simple.<\/p>\n<p>&#8211; Exp\u00e9rience visuelle am\u00e9lior\u00e9e\u00a0: Am\u00e9liorez votre exp\u00e9rience visuelle avec une clart\u00e9 et une luminosit\u00e9 am\u00e9lior\u00e9es.<\/p>\n<p>Am\u00e9liorez votre ordinateur portable d\u00e8s aujourd&rsquo;hui avec l&rsquo;\u00e9cran LCD AU OPTRONICS B150XG07 V.5 V6 V.7. Achetez en toute confiance, sachant que vous investissez dans une pi\u00e8ce de rechange de qualit\u00e9. Pour toute question ou besoin d&rsquo;aide, n&rsquo;h\u00e9sitez pas \u00e0 nous contacter. Nous sommes l\u00e0 pour vous aider \u00e0 am\u00e9liorer l&rsquo;\u00e9cran de votre ordinateur portable.<\/p>\n","protected":false},"excerpt":{"rendered":"<p>Am\u00e9liorez l&rsquo;\u00e9cran de votre ordinateur portable avec cet \u00e9cran LCD AU OPTRONICS B150XG07 V.5 V6 V.7. Compatible avec de nombreux mod\u00e8les, cet \u00e9cran XGA de remplacement de 15 pouces garantit des images \u00e9clatantes pour une exp\u00e9rience visuelle am\u00e9lior\u00e9e. Am\u00e9liorez l&rsquo;\u00e9cran de votre ordinateur portable d\u00e8s aujourd&rsquo;hui\u00a0!<\/p>\n<p><strong>Taille\u00a0: 15 pouces (diagonale visible)<\/p>\n<p><strong>Finition\u00a0: Brillant<\/p>\n<p><strong>R\u00e9solution\u00a0: 1024 x 768 &#8211; XGA<\/p>\n<p><strong>Type de connecteur\u00a0: 30 broches, en haut \u00e0 droite, LVDS-30P1C6B-030C<\/p>\n<p><strong>Type de r\u00e9tro\u00e9clairage\u00a0: CCFL<\/p>\n<p>Mod\u00e8le\u00a0: b150xg07 v.5<\/p>\n","protected":false},"featured_media":13862,"template":"","meta":[],"product_brand":[],"product_cat":[101,57],"product_tag":[],"class_list":{"0":"post-13797","1":"product","2":"type-product","3":"status-publish","4":"has-post-thumbnail","6":"product_cat-101","7":"product_cat-laptop-screens-lcd-panels","9":"first","10":"instock","11":"taxable","12":"shipping-taxable","13":"purchasable","14":"product-type-simple"},"_links":{"self":[{"href":"https:\/\/boreait.com\/fr\/wp-json\/wp\/v2\/product\/13797","targetHints":{"allow":["GET"]}}],"collection":[{"href":"https:\/\/boreait.com\/fr\/wp-json\/wp\/v2\/product"}],"about":[{"href":"https:\/\/boreait.com\/fr\/wp-json\/wp\/v2\/types\/product"}],"wp:featuredmedia":[{"embeddable":true,"href":"https:\/\/boreait.com\/fr\/wp-json\/wp\/v2\/media\/13862"}],"wp:attachment":[{"href":"https:\/\/boreait.com\/fr\/wp-json\/wp\/v2\/media?parent=13797"}],"wp:term":[{"taxonomy":"product_brand","embeddable":true,"href":"https:\/\/boreait.com\/fr\/wp-json\/wp\/v2\/product_brand?post=13797"},{"taxonomy":"product_cat","embeddable":true,"href":"https:\/\/boreait.com\/fr\/wp-json\/wp\/v2\/product_cat?post=13797"},{"taxonomy":"product_tag","embeddable":true,"href":"https:\/\/boreait.com\/fr\/wp-json\/wp\/v2\/product_tag?post=13797"}],"curies":[{"name":"wp","href":"https:\/\/api.w.org\/{rel}","templated":true}]}}