{"id":13779,"date":"2025-09-15T16:46:34","date_gmt":"2025-09-15T14:46:34","guid":{"rendered":"https:\/\/boreait.com\/fr\/?post_type=product&#038;p=13779"},"modified":"2025-09-15T16:47:46","modified_gmt":"2025-09-15T14:47:46","slug":"latitude-14-7404-xfr-cache-repose-poignets-noir-empreinte-digitale-ytthh-0ytthh","status":"publish","type":"product","link":"https:\/\/boreait.com\/fr\/produit\/latitude-14-7404-xfr-cache-repose-poignets-noir-empreinte-digitale-ytthh-0ytthh\/","title":{"rendered":"Latitude 14 7404 XFR Cache repose-poignets noir + empreinte digitale YTTHH 0YTTHH"},"content":{"rendered":"<p>Am\u00e9liorez l&rsquo;apparence et la s\u00e9curit\u00e9 de votre Latitude 14 7404 XFR avec le cache repose-poignets noir d&rsquo;origine avec lecteur d&#8217;empreintes digitales (r\u00e9f\u00e9rence YTTHH 0YTTHH). Con\u00e7ue pour la durabilit\u00e9 et la fonctionnalit\u00e9, cette pi\u00e8ce de rechange authentique offre \u00e0 la fois une esth\u00e9tique am\u00e9lior\u00e9e et des fonctionnalit\u00e9s de s\u00e9curit\u00e9 avanc\u00e9es.<\/p>\n<p>Principales caract\u00e9ristiques\u00a0:<\/p>\n<p>&#8211; Pi\u00e8ce de rechange Dell d&rsquo;origine\u00a0: Compatibilit\u00e9 et fiabilit\u00e9 garanties avec une pi\u00e8ce de rechange authentique.<\/p>\n<p>&#8211; Apparence am\u00e9lior\u00e9e\u00a0: Transformez l&rsquo;apparence de votre Latitude 14 7404 XFR avec ce cache repose-poignets noir \u00e9l\u00e9gant.<\/p>\n<p>&#8211; S\u00e9curit\u00e9 am\u00e9lior\u00e9e\u00a0: Prot\u00e9gez votre appareil gr\u00e2ce au lecteur d&#8217;empreintes digitales int\u00e9gr\u00e9 pour une s\u00e9curit\u00e9 renforc\u00e9e.<\/p>\n<p>&#8211; Installation facile\u00a0: Mettez \u00e0 niveau votre appareil sans effort gr\u00e2ce \u00e0 une installation simple.<\/p>\n<p>Mettez \u00e0 niveau votre Latitude 14 7404 XFR d\u00e8s aujourd&rsquo;hui avec le cache repose-poignets noir d&rsquo;origine avec lecteur d&#8217;empreintes digitales. Achetez en toute confiance, sachant que vous investissez dans une pi\u00e8ce de rechange de qualit\u00e9. Pour toute question ou assistance, n&rsquo;h\u00e9sitez pas \u00e0 nous contacter. Nous sommes l\u00e0 pour vous aider \u00e0 am\u00e9liorer l&rsquo;apparence et la s\u00e9curit\u00e9 de votre appareil.<\/p>\n","protected":false},"excerpt":{"rendered":"<p>Am\u00e9liorez l&rsquo;apparence et la s\u00e9curit\u00e9 de votre Latitude 14 7404 XFR avec ce repose-poignets noir d&rsquo;origine avec lecteur d&#8217;empreintes digitales. Compatible avec la r\u00e9f\u00e9rence YTTHH 0YTTHH. Mettez \u00e0 niveau votre appareil d\u00e8s aujourd&rsquo;hui\u00a0!<\/p>\n","protected":false},"featured_media":13838,"template":"","meta":[],"product_brand":[],"product_cat":[52],"product_tag":[53],"class_list":{"0":"post-13779","1":"product","2":"type-product","3":"status-publish","4":"has-post-thumbnail","6":"product_cat-laptop-housing","7":"product_tag-dell","9":"first","10":"instock","11":"taxable","12":"shipping-taxable","13":"purchasable","14":"product-type-simple"},"_links":{"self":[{"href":"https:\/\/boreait.com\/fr\/wp-json\/wp\/v2\/product\/13779","targetHints":{"allow":["GET"]}}],"collection":[{"href":"https:\/\/boreait.com\/fr\/wp-json\/wp\/v2\/product"}],"about":[{"href":"https:\/\/boreait.com\/fr\/wp-json\/wp\/v2\/types\/product"}],"wp:featuredmedia":[{"embeddable":true,"href":"https:\/\/boreait.com\/fr\/wp-json\/wp\/v2\/media\/13838"}],"wp:attachment":[{"href":"https:\/\/boreait.com\/fr\/wp-json\/wp\/v2\/media?parent=13779"}],"wp:term":[{"taxonomy":"product_brand","embeddable":true,"href":"https:\/\/boreait.com\/fr\/wp-json\/wp\/v2\/product_brand?post=13779"},{"taxonomy":"product_cat","embeddable":true,"href":"https:\/\/boreait.com\/fr\/wp-json\/wp\/v2\/product_cat?post=13779"},{"taxonomy":"product_tag","embeddable":true,"href":"https:\/\/boreait.com\/fr\/wp-json\/wp\/v2\/product_tag?post=13779"}],"curies":[{"name":"wp","href":"https:\/\/api.w.org\/{rel}","templated":true}]}}