{"id":13776,"date":"2025-09-15T16:46:33","date_gmt":"2025-09-15T14:46:33","guid":{"rendered":"https:\/\/boreait.com\/fr\/?post_type=product&#038;p=13776"},"modified":"2026-01-27T11:05:18","modified_gmt":"2026-01-27T10:05:18","slug":"loquet-de-verrouillage-de-batterie-oem-pour-dell-latitude-14-7404-xfr-chb02-ytthh","status":"publish","type":"product","link":"https:\/\/boreait.com\/fr\/produit\/loquet-de-verrouillage-de-batterie-oem-pour-dell-latitude-14-7404-xfr-chb02-ytthh\/","title":{"rendered":"Loquet de verrouillage de batterie OEM pour Dell Latitude 14 7404 XFR CHB02 YTTHH"},"content":{"rendered":"<p>Am\u00e9liorez la s\u00e9curit\u00e9 et la fiabilit\u00e9 de votre ordinateur portable Dell Latitude 14 7404 XFR gr\u00e2ce au loquet de verrouillage de batterie OEM CHB02 YTTHH. Con\u00e7ue pour la pr\u00e9cision et la durabilit\u00e9, cette pi\u00e8ce de rechange Dell d&rsquo;origine garantit un positionnement s\u00e9curis\u00e9 de la batterie de votre ordinateur portable.<\/p>\n<p>Principales caract\u00e9ristiques\u00a0:<\/p>\n<p>&#8211; Remplacement Dell OEM\u00a0: Compatibilit\u00e9 et fiabilit\u00e9 garanties gr\u00e2ce \u00e0 une pi\u00e8ce de rechange OEM authentique.<\/p>\n<p>&#8211; Positionnement s\u00e9curis\u00e9 de la batterie\u00a0: Emp\u00eachez tout d\u00e9placement ou endommagement accidentel de la batterie de votre ordinateur portable gr\u00e2ce \u00e0 ce loquet de verrouillage.<\/p>\n<p>&#8211; Installation facile\u00a0: Am\u00e9liorez la s\u00e9curit\u00e9 de votre ordinateur portable sans effort gr\u00e2ce \u00e0 une installation simple.<\/p>\n<p>&#8211; Fiabilit\u00e9 accrue\u00a0: Gardez l&rsquo;esprit tranquille en sachant que la batterie de votre ordinateur portable est solidement verrouill\u00e9e.<\/p>\n<p>Am\u00e9liorez votre ordinateur portable Dell Latitude 14 7404 XFR d\u00e8s aujourd&rsquo;hui gr\u00e2ce au loquet de verrouillage de batterie OEM. Achetez en toute confiance, sachant que vous investissez dans une pi\u00e8ce de rechange de qualit\u00e9 pour votre appareil. Pour toute question ou assistance, n&rsquo;h\u00e9sitez pas \u00e0 nous contacter. Nous sommes l\u00e0 pour vous aider \u00e0 am\u00e9liorer la s\u00e9curit\u00e9 et la fiabilit\u00e9 de votre ordinateur portable.<\/p>\n","protected":false},"excerpt":{"rendered":"<p>Assurez un positionnement s\u00fbr de la batterie de votre Dell Latitude 14 7404 XFR gr\u00e2ce au loquet de verrouillage de batterie OEM CHB02 YTTHH. Am\u00e9liorez la fiabilit\u00e9 de votre ordinateur portable d\u00e8s aujourd&rsquo;hui\u00a0!<\/p>\n","protected":false},"featured_media":13833,"template":"","meta":[],"product_brand":[],"product_cat":[52],"product_tag":[53],"class_list":{"0":"post-13776","1":"product","2":"type-product","3":"status-publish","4":"has-post-thumbnail","6":"product_cat-laptop-housing","7":"product_tag-dell","9":"first","10":"instock","11":"taxable","12":"shipping-taxable","13":"purchasable","14":"product-type-simple"},"_links":{"self":[{"href":"https:\/\/boreait.com\/fr\/wp-json\/wp\/v2\/product\/13776","targetHints":{"allow":["GET"]}}],"collection":[{"href":"https:\/\/boreait.com\/fr\/wp-json\/wp\/v2\/product"}],"about":[{"href":"https:\/\/boreait.com\/fr\/wp-json\/wp\/v2\/types\/product"}],"wp:featuredmedia":[{"embeddable":true,"href":"https:\/\/boreait.com\/fr\/wp-json\/wp\/v2\/media\/13833"}],"wp:attachment":[{"href":"https:\/\/boreait.com\/fr\/wp-json\/wp\/v2\/media?parent=13776"}],"wp:term":[{"taxonomy":"product_brand","embeddable":true,"href":"https:\/\/boreait.com\/fr\/wp-json\/wp\/v2\/product_brand?post=13776"},{"taxonomy":"product_cat","embeddable":true,"href":"https:\/\/boreait.com\/fr\/wp-json\/wp\/v2\/product_cat?post=13776"},{"taxonomy":"product_tag","embeddable":true,"href":"https:\/\/boreait.com\/fr\/wp-json\/wp\/v2\/product_tag?post=13776"}],"curies":[{"name":"wp","href":"https:\/\/api.w.org\/{rel}","templated":true}]}}