{"id":13775,"date":"2025-09-15T16:46:33","date_gmt":"2025-09-15T14:46:33","guid":{"rendered":"https:\/\/boreait.com\/fr\/?post_type=product&#038;p=13775"},"modified":"2025-10-06T08:17:44","modified_gmt":"2025-10-06T06:17:44","slug":"disque-dur-dell-latitude-14-rugged-extreme-7414-authentique-avec-loquet-de-securite-ivj10-ytwtm","status":"publish","type":"product","link":"https:\/\/boreait.com\/fr\/produit\/disque-dur-dell-latitude-14-rugged-extreme-7414-authentique-avec-loquet-de-securite-ivj10-ytwtm\/","title":{"rendered":"Disque dur Dell Latitude 14 Rugged Extreme 7414 authentique avec loquet de s\u00e9curit\u00e9 IVJ10 YTWTM"},"content":{"rendered":"<p>Am\u00e9liorez la s\u00e9curit\u00e9 du stockage de votre ordinateur portable Dell Latitude 14 Rugged Extreme 7414 gr\u00e2ce au loquet de s\u00e9curit\u00e9 pour disque dur HDD d&rsquo;origine, r\u00e9f\u00e9rence IVJ10 YTWTM. Con\u00e7ue pour la durabilit\u00e9 et la compatibilit\u00e9, cette pi\u00e8ce de rechange authentique garantit des performances fiables et une installation facile.<\/p>\n<p>Principales caract\u00e9ristiques\u00a0:<\/p>\n<p>&#8211; Pi\u00e8ce de rechange Dell d&rsquo;origine\u00a0: Compatibilit\u00e9 et fiabilit\u00e9 garanties gr\u00e2ce \u00e0 une pi\u00e8ce de rechange authentique.<\/p>\n<p>&#8211; Installation facile\u00a0: Am\u00e9liorez la s\u00e9curit\u00e9 du stockage de votre appareil sans effort gr\u00e2ce \u00e0 une installation simple.<\/p>\n<p>&#8211; S\u00e9curit\u00e9 de stockage renforc\u00e9e\u00a0: Am\u00e9liorez la s\u00e9curit\u00e9 du stockage de votre ordinateur portable pour une protection renforc\u00e9e.<\/p>\n<p>&#8211; Construction durable\u00a0: Con\u00e7u pour r\u00e9sister \u00e0 une utilisation intensive, garantissant long\u00e9vit\u00e9 et fiabilit\u00e9.<\/p>\n<p>Am\u00e9liorez votre ordinateur portable Dell Latitude 14 Rugged Extreme 7414 d\u00e8s aujourd&rsquo;hui avec le loquet de s\u00e9curit\u00e9 pour disque dur HDD d&rsquo;origine. Achetez en toute confiance, sachant que vous investissez dans une pi\u00e8ce de rechange de qualit\u00e9 pour votre appareil. Pour toute question ou besoin d&rsquo;aide, n&rsquo;h\u00e9sitez pas \u00e0 nous contacter. Nous sommes l\u00e0 pour vous aider \u00e0 am\u00e9liorer la s\u00e9curit\u00e9 de votre appareil.<\/p>\n","protected":false},"excerpt":{"rendered":"<p>Am\u00e9liorez le stockage de votre Dell Latitude 14 Rugged Extreme 7414 avec ce loquet de s\u00e9curit\u00e9 pour disque dur d&rsquo;origine. Facile \u00e0 installer et compatible avec la r\u00e9f\u00e9rence IVJ10 YTWTM. Am\u00e9liorez la s\u00e9curit\u00e9 du stockage de votre appareil d\u00e8s aujourd&rsquo;hui\u00a0!<\/p>\n","protected":false},"featured_media":13832,"template":"","meta":[],"product_brand":[],"product_cat":[52],"product_tag":[53],"class_list":{"0":"post-13775","1":"product","2":"type-product","3":"status-publish","4":"has-post-thumbnail","6":"product_cat-laptop-housing","7":"product_tag-dell","9":"first","10":"instock","11":"taxable","12":"shipping-taxable","13":"purchasable","14":"product-type-simple"},"_links":{"self":[{"href":"https:\/\/boreait.com\/fr\/wp-json\/wp\/v2\/product\/13775","targetHints":{"allow":["GET"]}}],"collection":[{"href":"https:\/\/boreait.com\/fr\/wp-json\/wp\/v2\/product"}],"about":[{"href":"https:\/\/boreait.com\/fr\/wp-json\/wp\/v2\/types\/product"}],"wp:featuredmedia":[{"embeddable":true,"href":"https:\/\/boreait.com\/fr\/wp-json\/wp\/v2\/media\/13832"}],"wp:attachment":[{"href":"https:\/\/boreait.com\/fr\/wp-json\/wp\/v2\/media?parent=13775"}],"wp:term":[{"taxonomy":"product_brand","embeddable":true,"href":"https:\/\/boreait.com\/fr\/wp-json\/wp\/v2\/product_brand?post=13775"},{"taxonomy":"product_cat","embeddable":true,"href":"https:\/\/boreait.com\/fr\/wp-json\/wp\/v2\/product_cat?post=13775"},{"taxonomy":"product_tag","embeddable":true,"href":"https:\/\/boreait.com\/fr\/wp-json\/wp\/v2\/product_tag?post=13775"}],"curies":[{"name":"wp","href":"https:\/\/api.w.org\/{rel}","templated":true}]}}