{"id":13750,"date":"2025-09-15T16:46:07","date_gmt":"2025-09-15T14:46:07","guid":{"rendered":"https:\/\/boreait.com\/fr\/?post_type=product&#038;p=13750"},"modified":"2026-01-27T11:04:57","modified_gmt":"2026-01-27T10:04:57","slug":"veritable-pare-chocs-en-caoutchouc-robuste-pour-dell-latitude-14-7404-cote-arriere-droit","status":"publish","type":"product","link":"https:\/\/boreait.com\/fr\/produit\/veritable-pare-chocs-en-caoutchouc-robuste-pour-dell-latitude-14-7404-cote-arriere-droit\/","title":{"rendered":"V\u00e9ritable pare-chocs en caoutchouc robuste pour Dell Latitude 14 7404, c\u00f4t\u00e9 arri\u00e8re droit"},"content":{"rendered":"<p>Prot\u00e9gez votre Dell Latitude 14 7404 Rugged Extreme des chocs et des impacts gr\u00e2ce \u00e0 la protection d&rsquo;angle en caoutchouc d&rsquo;origine, con\u00e7ue pour le c\u00f4t\u00e9 arri\u00e8re droit. Con\u00e7ue pour une utilisation intensive, cette protection am\u00e9liore la durabilit\u00e9 de votre appareil tout en offrant une protection suppl\u00e9mentaire.<\/p>\n<p>Principales caract\u00e9ristiques\u00a0:<\/p>\n<p>&#8211; Pi\u00e8ce de rechange Dell d&rsquo;origine\u00a0: Compatibilit\u00e9 et fiabilit\u00e9 garanties avec une pi\u00e8ce de rechange authentique.<\/p>\n<p>&#8211; Conception robuste\u00a0: Con\u00e7ue pour r\u00e9sister aux conditions difficiles et \u00e0 une utilisation intensive, elle garantit long\u00e9vit\u00e9 et fiabilit\u00e9.<\/p>\n<p>&#8211; Installation facile\u00a0: Am\u00e9liorez la durabilit\u00e9 de votre appareil sans effort gr\u00e2ce \u00e0 une installation simple.<\/p>\n<p>&#8211; Protection renforc\u00e9e\u00a0: Prot\u00e9gez votre appareil des chocs et des impacts pour prolonger sa dur\u00e9e de vie.<\/p>\n<p>Am\u00e9liorez votre Dell Latitude 14 7404 Rugged Extreme d\u00e8s aujourd&rsquo;hui avec la protection d&rsquo;angle en caoutchouc d&rsquo;origine. Achetez en toute confiance, sachant que vous investissez dans une pi\u00e8ce de rechange de qualit\u00e9. Pour toute question ou besoin d&rsquo;aide, n&rsquo;h\u00e9sitez pas \u00e0 nous contacter. Nous sommes l\u00e0 pour vous aider \u00e0 am\u00e9liorer la durabilit\u00e9 de votre appareil.<\/p>\n","protected":false},"excerpt":{"rendered":"<p>Am\u00e9liorez la durabilit\u00e9 de votre Dell Latitude 14 7404 Rugged Extreme avec ce pare-chocs d&rsquo;angle en caoutchouc d&rsquo;origine pour le c\u00f4t\u00e9 arri\u00e8re droit. Con\u00e7u pour une utilisation intensive, ce pare-chocs offre une protection renforc\u00e9e contre les chocs et les impacts. Am\u00e9liorez la durabilit\u00e9 de votre appareil d\u00e8s aujourd&rsquo;hui\u00a0!<\/p>\n","protected":false},"featured_media":13814,"template":"","meta":[],"product_brand":[],"product_cat":[52],"product_tag":[53],"class_list":{"0":"post-13750","1":"product","2":"type-product","3":"status-publish","4":"has-post-thumbnail","6":"product_cat-laptop-housing","7":"product_tag-dell","9":"first","10":"instock","11":"taxable","12":"shipping-taxable","13":"purchasable","14":"product-type-simple"},"_links":{"self":[{"href":"https:\/\/boreait.com\/fr\/wp-json\/wp\/v2\/product\/13750","targetHints":{"allow":["GET"]}}],"collection":[{"href":"https:\/\/boreait.com\/fr\/wp-json\/wp\/v2\/product"}],"about":[{"href":"https:\/\/boreait.com\/fr\/wp-json\/wp\/v2\/types\/product"}],"wp:featuredmedia":[{"embeddable":true,"href":"https:\/\/boreait.com\/fr\/wp-json\/wp\/v2\/media\/13814"}],"wp:attachment":[{"href":"https:\/\/boreait.com\/fr\/wp-json\/wp\/v2\/media?parent=13750"}],"wp:term":[{"taxonomy":"product_brand","embeddable":true,"href":"https:\/\/boreait.com\/fr\/wp-json\/wp\/v2\/product_brand?post=13750"},{"taxonomy":"product_cat","embeddable":true,"href":"https:\/\/boreait.com\/fr\/wp-json\/wp\/v2\/product_cat?post=13750"},{"taxonomy":"product_tag","embeddable":true,"href":"https:\/\/boreait.com\/fr\/wp-json\/wp\/v2\/product_tag?post=13750"}],"curies":[{"name":"wp","href":"https:\/\/api.w.org\/{rel}","templated":true}]}}