{"id":13711,"date":"2025-09-15T16:45:17","date_gmt":"2025-09-15T14:45:17","guid":{"rendered":"https:\/\/boreait.com\/fr\/?post_type=product&#038;p=13711"},"modified":"2025-09-15T16:46:38","modified_gmt":"2025-09-15T14:46:38","slug":"carte-mere-pour-ordinateur-portable-dell-latitude-12-7204-6346h-cn-06346h-processeur-i5-4310u-entierement-teste","status":"publish","type":"product","link":"https:\/\/boreait.com\/fr\/produit\/carte-mere-pour-ordinateur-portable-dell-latitude-12-7204-6346h-cn-06346h-processeur-i5-4310u-entierement-teste\/","title":{"rendered":"Carte m\u00e8re pour ordinateur portable Dell Latitude 12 7204 6346H CN-06346H, processeur I5-4310u enti\u00e8rement test\u00e9"},"content":{"rendered":"<p>Am\u00e9liorez les performances et la fiabilit\u00e9 de votre ordinateur portable Dell Latitude 12 7204 E7204 avec la carte m\u00e8re d&rsquo;origine (r\u00e9f\u00e9rence 6346H 06346H CN-06346H TW-06346H) avec processeur I5 4310u. Con\u00e7ue pour garantir la compatibilit\u00e9 et la fiabilit\u00e9, cette pi\u00e8ce de rechange authentique garantit des performances optimales.<\/p>\n<p>Principales caract\u00e9ristiques\u00a0:<\/p>\n<p>&#8211; Pi\u00e8ce de rechange Dell d&rsquo;origine\u00a0: Compatibilit\u00e9 et fiabilit\u00e9 garanties avec une pi\u00e8ce de rechange authentique.<\/p>\n<p>&#8211; Test\u00e9 \u00e0 100\u00a0%\u00a0: Fiabilit\u00e9 et performances garanties.<\/p>\n<p>&#8211; Performances am\u00e9lior\u00e9es\u00a0: Am\u00e9liorez les performances de votre ordinateur portable avec cette carte m\u00e8re de haute qualit\u00e9.<\/p>\n<p>&#8211; Compatibilit\u00e9\u00a0: Con\u00e7ue pour fonctionner parfaitement avec les ordinateurs portables Dell Latitude 12 7204 E7204.<\/p>\n<p>&#8211; Prise en charge DDR3\u00a0: Compatible avec la m\u00e9moire DDR3 pour un fonctionnement fluide et efficace.<\/p>\n<p>Mettez \u00e0 niveau votre ordinateur portable Dell Latitude 12 7204 E7204 d\u00e8s aujourd&rsquo;hui avec la carte m\u00e8re d&rsquo;origine. Achetez en toute confiance, sachant que vous investissez dans une pi\u00e8ce de rechange de qualit\u00e9. Pour toute question ou besoin d&rsquo;aide, n&rsquo;h\u00e9sitez pas \u00e0 nous contacter. Nous sommes l\u00e0 pour vous aider \u00e0 am\u00e9liorer les performances de votre ordinateur portable.<\/p>\n","protected":false},"excerpt":{"rendered":"<p>Am\u00e9liorez votre ordinateur portable Dell Latitude 12 7204 E7204 avec cette carte m\u00e8re d&rsquo;origine. Compatible avec la r\u00e9f\u00e9rence 6346H 06346H CN-06346H TW-06346H, sa fiabilit\u00e9 a \u00e9t\u00e9 enti\u00e8rement test\u00e9e. Optimisez les performances de votre ordinateur portable d\u00e8s aujourd&rsquo;hui\u00a0!<\/p>\n","protected":false},"featured_media":13783,"template":"","meta":[],"product_brand":[],"product_cat":[63],"product_tag":[53],"class_list":{"0":"post-13711","1":"product","2":"type-product","3":"status-publish","4":"has-post-thumbnail","6":"product_cat-motherboards-board-parts","7":"product_tag-dell","9":"first","10":"instock","11":"taxable","12":"shipping-taxable","13":"purchasable","14":"product-type-simple"},"_links":{"self":[{"href":"https:\/\/boreait.com\/fr\/wp-json\/wp\/v2\/product\/13711","targetHints":{"allow":["GET"]}}],"collection":[{"href":"https:\/\/boreait.com\/fr\/wp-json\/wp\/v2\/product"}],"about":[{"href":"https:\/\/boreait.com\/fr\/wp-json\/wp\/v2\/types\/product"}],"wp:featuredmedia":[{"embeddable":true,"href":"https:\/\/boreait.com\/fr\/wp-json\/wp\/v2\/media\/13783"}],"wp:attachment":[{"href":"https:\/\/boreait.com\/fr\/wp-json\/wp\/v2\/media?parent=13711"}],"wp:term":[{"taxonomy":"product_brand","embeddable":true,"href":"https:\/\/boreait.com\/fr\/wp-json\/wp\/v2\/product_brand?post=13711"},{"taxonomy":"product_cat","embeddable":true,"href":"https:\/\/boreait.com\/fr\/wp-json\/wp\/v2\/product_cat?post=13711"},{"taxonomy":"product_tag","embeddable":true,"href":"https:\/\/boreait.com\/fr\/wp-json\/wp\/v2\/product_tag?post=13711"}],"curies":[{"name":"wp","href":"https:\/\/api.w.org\/{rel}","templated":true}]}}