{"id":13707,"date":"2025-09-15T16:45:16","date_gmt":"2025-09-15T14:45:16","guid":{"rendered":"https:\/\/boreait.com\/fr\/?post_type=product&#038;p=13707"},"modified":"2025-09-15T16:46:21","modified_gmt":"2025-09-15T14:46:21","slug":"carte-daccueil-de-remplacement-oem-pour-dell-latitude-rugged-extreme-12-7204-dpn0800_jb1e00-2","status":"publish","type":"product","link":"https:\/\/boreait.com\/fr\/produit\/carte-daccueil-de-remplacement-oem-pour-dell-latitude-rugged-extreme-12-7204-dpn0800_jb1e00-2\/","title":{"rendered":"Carte d&rsquo;accueil de remplacement OEM pour Dell Latitude Rugged Extreme 12 7204 DPN0800_JB1E00"},"content":{"rendered":"<p>Am\u00e9liorez la connectivit\u00e9 et les fonctionnalit\u00e9s de votre Dell Latitude Rugged Extreme 12 7204 avec la carte d&rsquo;accueil de remplacement d&rsquo;origine, r\u00e9f\u00e9rence DP\/N\u00a0: 0800_JB1E00. Con\u00e7ue pour la durabilit\u00e9 et la compatibilit\u00e9, cette pi\u00e8ce de rechange authentique garantit des performances fiables et une installation facile.<\/p>\n<p>Principales caract\u00e9ristiques\u00a0:<\/p>\n<p>&#8211; Pi\u00e8ce de rechange Dell authentique\u00a0: Compatibilit\u00e9 et fiabilit\u00e9 garanties avec une pi\u00e8ce de rechange authentique.<\/p>\n<p>&#8211; Installation facile\u00a0: Am\u00e9liorez la connectivit\u00e9 de votre appareil sans effort gr\u00e2ce \u00e0 une installation simple.<\/p>\n<p>&#8211; Connectivit\u00e9 am\u00e9lior\u00e9e\u00a0: Augmentez les options de connectivit\u00e9 de votre ordinateur portable pour des fonctionnalit\u00e9s am\u00e9lior\u00e9es.<\/p>\n<p>&#8211; Construction durable\u00a0: Con\u00e7ue pour r\u00e9sister \u00e0 une utilisation intensive, elle garantit long\u00e9vit\u00e9 et fiabilit\u00e9.<\/p>\n<p>Mettez \u00e0 niveau votre Dell Latitude Rugged Extreme 12 7204 d\u00e8s aujourd&rsquo;hui avec la carte d&rsquo;accueil de remplacement d&rsquo;origine. Achetez en toute confiance, sachant que vous investissez dans une pi\u00e8ce de rechange de qualit\u00e9 pour votre appareil. Pour toute question ou besoin d&rsquo;aide, n&rsquo;h\u00e9sitez pas \u00e0 nous contacter. Nous sommes l\u00e0 pour vous aider \u00e0 am\u00e9liorer les fonctionnalit\u00e9s de votre appareil.<\/p>\n","protected":false},"excerpt":{"rendered":"<p>Am\u00e9liorez les fonctionnalit\u00e9s de votre Dell Latitude Rugged Extreme 12 7204 avec cette carte de station d&rsquo;accueil de remplacement d&rsquo;origine. Facile \u00e0 installer et compatible avec la r\u00e9f\u00e9rence DP\/N\u00a0: 0800_JB1E00. Am\u00e9liorez la connectivit\u00e9 de votre appareil d\u00e8s aujourd&rsquo;hui\u00a0!<\/p>\n","protected":false},"featured_media":13762,"template":"","meta":[],"product_brand":[],"product_cat":[63],"product_tag":[53],"class_list":{"0":"post-13707","1":"product","2":"type-product","3":"status-publish","4":"has-post-thumbnail","6":"product_cat-motherboards-board-parts","7":"product_tag-dell","9":"first","10":"instock","11":"taxable","12":"shipping-taxable","13":"purchasable","14":"product-type-simple"},"_links":{"self":[{"href":"https:\/\/boreait.com\/fr\/wp-json\/wp\/v2\/product\/13707","targetHints":{"allow":["GET"]}}],"collection":[{"href":"https:\/\/boreait.com\/fr\/wp-json\/wp\/v2\/product"}],"about":[{"href":"https:\/\/boreait.com\/fr\/wp-json\/wp\/v2\/types\/product"}],"wp:featuredmedia":[{"embeddable":true,"href":"https:\/\/boreait.com\/fr\/wp-json\/wp\/v2\/media\/13762"}],"wp:attachment":[{"href":"https:\/\/boreait.com\/fr\/wp-json\/wp\/v2\/media?parent=13707"}],"wp:term":[{"taxonomy":"product_brand","embeddable":true,"href":"https:\/\/boreait.com\/fr\/wp-json\/wp\/v2\/product_brand?post=13707"},{"taxonomy":"product_cat","embeddable":true,"href":"https:\/\/boreait.com\/fr\/wp-json\/wp\/v2\/product_cat?post=13707"},{"taxonomy":"product_tag","embeddable":true,"href":"https:\/\/boreait.com\/fr\/wp-json\/wp\/v2\/product_tag?post=13707"}],"curies":[{"name":"wp","href":"https:\/\/api.w.org\/{rel}","templated":true}]}}