{"id":13692,"date":"2025-09-15T16:44:52","date_gmt":"2025-09-15T14:44:52","guid":{"rendered":"https:\/\/boreait.com\/fr\/?post_type=product&#038;p=13692"},"modified":"2025-09-15T16:46:11","modified_gmt":"2025-09-15T14:46:11","slug":"cadre-decran-dangle-arriere-droit-en-caoutchouc-pour-dell-latitude-12-rugged-extreme-7204-3","status":"publish","type":"product","link":"https:\/\/boreait.com\/fr\/produit\/cadre-decran-dangle-arriere-droit-en-caoutchouc-pour-dell-latitude-12-rugged-extreme-7204-3\/","title":{"rendered":"Cadre d&rsquo;\u00e9cran d&rsquo;angle arri\u00e8re droit en caoutchouc pour Dell Latitude 12 Rugged Extreme 7204"},"content":{"rendered":"<p>Am\u00e9liorez la durabilit\u00e9 et la protection de votre Dell Latitude 12 Rugged Extreme 7204 gr\u00e2ce au caoutchouc de remplacement pour le cadre d&rsquo;\u00e9cran arri\u00e8re droit. Con\u00e7ue pour la pr\u00e9cision et la compatibilit\u00e9, cette pi\u00e8ce d&rsquo;origine Dell garantit un ajustement parfait et des performances fiables.<\/p>\n<p>Principales caract\u00e9ristiques\u00a0:<\/p>\n<p>&#8211; Pi\u00e8ce de rechange Dell d&rsquo;origine\u00a0: Compatibilit\u00e9 et fiabilit\u00e9 garanties avec une pi\u00e8ce de rechange authentique.<\/p>\n<p>&#8211; Installation facile\u00a0: Remplacez facilement le caoutchouc du cadre d&rsquo;\u00e9cran arri\u00e8re droit pour une durabilit\u00e9 et une protection accrues.<\/p>\n<p>&#8211; Stabilit\u00e9 am\u00e9lior\u00e9e de l&rsquo;appareil\u00a0: Pr\u00e9servez l&rsquo;int\u00e9grit\u00e9 structurelle de votre Dell Latitude 12 Rugged Extreme 7204 gr\u00e2ce \u00e0 cette pi\u00e8ce de rechange.<\/p>\n<p>&#8211; Construction durable\u00a0: Con\u00e7ue pour r\u00e9sister \u00e0 une utilisation intensive, elle offre une protection durable \u00e0 votre appareil.<\/p>\n<p>Am\u00e9liorez votre Dell Latitude 12 Rugged Extreme 7204 d\u00e8s aujourd&rsquo;hui avec le caoutchouc de remplacement pour le cadre d&rsquo;\u00e9cran arri\u00e8re droit d&rsquo;origine. Achetez en toute confiance, sachant que vous investissez dans une pi\u00e8ce de rechange de qualit\u00e9. Pour toute question ou assistance, n&rsquo;h\u00e9sitez pas \u00e0 nous contacter. Nous sommes l\u00e0 pour vous aider \u00e0 am\u00e9liorer la durabilit\u00e9 et la protection de votre appareil.<\/p>\n","protected":false},"excerpt":{"rendered":"<p>Remplacez le caoutchouc du cadre arri\u00e8re droit de l&rsquo;\u00e9cran de votre Dell Latitude 12 Rugged Extreme 7204 pour un maintien parfait. Prot\u00e9gez votre appareil avec cette pi\u00e8ce de rechange d&rsquo;origine.<\/p>\n","protected":false},"featured_media":13754,"template":"","meta":[],"product_brand":[],"product_cat":[52],"product_tag":[53],"class_list":{"0":"post-13692","1":"product","2":"type-product","3":"status-publish","4":"has-post-thumbnail","6":"product_cat-laptop-housing","7":"product_tag-dell","9":"first","10":"instock","11":"taxable","12":"shipping-taxable","13":"purchasable","14":"product-type-simple"},"_links":{"self":[{"href":"https:\/\/boreait.com\/fr\/wp-json\/wp\/v2\/product\/13692","targetHints":{"allow":["GET"]}}],"collection":[{"href":"https:\/\/boreait.com\/fr\/wp-json\/wp\/v2\/product"}],"about":[{"href":"https:\/\/boreait.com\/fr\/wp-json\/wp\/v2\/types\/product"}],"wp:featuredmedia":[{"embeddable":true,"href":"https:\/\/boreait.com\/fr\/wp-json\/wp\/v2\/media\/13754"}],"wp:attachment":[{"href":"https:\/\/boreait.com\/fr\/wp-json\/wp\/v2\/media?parent=13692"}],"wp:term":[{"taxonomy":"product_brand","embeddable":true,"href":"https:\/\/boreait.com\/fr\/wp-json\/wp\/v2\/product_brand?post=13692"},{"taxonomy":"product_cat","embeddable":true,"href":"https:\/\/boreait.com\/fr\/wp-json\/wp\/v2\/product_cat?post=13692"},{"taxonomy":"product_tag","embeddable":true,"href":"https:\/\/boreait.com\/fr\/wp-json\/wp\/v2\/product_tag?post=13692"}],"curies":[{"name":"wp","href":"https:\/\/api.w.org\/{rel}","templated":true}]}}