{"id":13655,"date":"2025-09-15T16:43:59","date_gmt":"2025-09-15T14:43:59","guid":{"rendered":"https:\/\/boreait.com\/fr\/?post_type=product&#038;p=13655"},"modified":"2025-09-15T16:45:23","modified_gmt":"2025-09-15T14:45:23","slug":"poignee-avant-robuste-dell-latitude-14-7404-authentique-avec-verrou-g-d","status":"publish","type":"product","link":"https:\/\/boreait.com\/fr\/produit\/poignee-avant-robuste-dell-latitude-14-7404-authentique-avec-verrou-g-d\/","title":{"rendered":"Poign\u00e9e avant robuste Dell Latitude 14 7404 authentique avec verrou G + D"},"content":{"rendered":"<p>Am\u00e9liorez la s\u00e9curit\u00e9 et la durabilit\u00e9 de votre ordinateur portable Dell Latitude 14 7404 Rugged Extreme gr\u00e2ce \u00e0 cet ensemble de verrous de poign\u00e9e avant gauche et droite d&rsquo;origine. Con\u00e7ues pour la pr\u00e9cision et la fiabilit\u00e9, ces pi\u00e8ces de rechange authentiques garantissent une fermeture s\u00e9curis\u00e9e et la protection de votre appareil robuste.<\/p>\n<p>Principales caract\u00e9ristiques\u00a0:<\/p>\n<p>&#8211; Pi\u00e8ce de rechange Dell d&rsquo;origine\u00a0: Compatibilit\u00e9 et fiabilit\u00e9 garanties avec des pi\u00e8ces de rechange authentiques.<\/p>\n<p>&#8211; Installation facile\u00a0: Am\u00e9liorez la s\u00e9curit\u00e9 de votre appareil sans effort gr\u00e2ce \u00e0 une installation simple.<\/p>\n<p>&#8211; S\u00e9curit\u00e9 renforc\u00e9e\u00a0: Verrouillez les poign\u00e9es avant de votre ordinateur portable pour une protection accrue contre le vol ou l&rsquo;ouverture accidentelle.<\/p>\n<p>&#8211; Construction robuste\u00a0: Con\u00e7ue pour r\u00e9sister \u00e0 une utilisation intensive, elle garantit long\u00e9vit\u00e9 et fiabilit\u00e9.<\/p>\n<p>Am\u00e9liorez votre ordinateur portable Dell Latitude 14 7404 Rugged Extreme d\u00e8s aujourd&rsquo;hui avec cet ensemble de verrous de poign\u00e9e avant d&rsquo;origine. Achetez en toute confiance, sachant que vous investissez dans des pi\u00e8ces de rechange de qualit\u00e9 pour votre appareil. Pour toute question ou besoin d&rsquo;aide, n&rsquo;h\u00e9sitez pas \u00e0 nous contacter. Nous sommes l\u00e0 pour vous aider \u00e0 am\u00e9liorer la s\u00e9curit\u00e9 et les fonctionnalit\u00e9s de votre appareil.<\/p>\n","protected":false},"excerpt":{"rendered":"<p>Am\u00e9liorez le verrou de poign\u00e9e avant de votre Dell Latitude 14 7404 Rugged Extreme avec cet ensemble de verrous gauche et droit d&rsquo;origine. Facile \u00e0 installer et compatible avec votre appareil, il vous permettra d&rsquo;am\u00e9liorer la s\u00e9curit\u00e9 et la durabilit\u00e9 de votre ordinateur portable robuste d\u00e8s aujourd&rsquo;hui\u00a0!<\/p>\n","protected":false},"featured_media":13715,"template":"","meta":[],"product_brand":[],"product_cat":[55],"product_tag":[53],"class_list":{"0":"post-13655","1":"product","2":"type-product","3":"status-publish","4":"has-post-thumbnail","6":"product_cat-screen-hinge","7":"product_tag-dell","9":"first","10":"instock","11":"taxable","12":"shipping-taxable","13":"purchasable","14":"product-type-simple"},"_links":{"self":[{"href":"https:\/\/boreait.com\/fr\/wp-json\/wp\/v2\/product\/13655","targetHints":{"allow":["GET"]}}],"collection":[{"href":"https:\/\/boreait.com\/fr\/wp-json\/wp\/v2\/product"}],"about":[{"href":"https:\/\/boreait.com\/fr\/wp-json\/wp\/v2\/types\/product"}],"wp:featuredmedia":[{"embeddable":true,"href":"https:\/\/boreait.com\/fr\/wp-json\/wp\/v2\/media\/13715"}],"wp:attachment":[{"href":"https:\/\/boreait.com\/fr\/wp-json\/wp\/v2\/media?parent=13655"}],"wp:term":[{"taxonomy":"product_brand","embeddable":true,"href":"https:\/\/boreait.com\/fr\/wp-json\/wp\/v2\/product_brand?post=13655"},{"taxonomy":"product_cat","embeddable":true,"href":"https:\/\/boreait.com\/fr\/wp-json\/wp\/v2\/product_cat?post=13655"},{"taxonomy":"product_tag","embeddable":true,"href":"https:\/\/boreait.com\/fr\/wp-json\/wp\/v2\/product_tag?post=13655"}],"curies":[{"name":"wp","href":"https:\/\/api.w.org\/{rel}","templated":true}]}}