{"id":13653,"date":"2025-09-15T16:43:59","date_gmt":"2025-09-15T14:43:59","guid":{"rendered":"https:\/\/boreait.com\/fr\/?post_type=product&#038;p=13653"},"modified":"2025-09-15T16:45:19","modified_gmt":"2025-09-15T14:45:19","slug":"connecteur-de-cable-lan-dorigine-hp-compaq-8710p-dc301001g00-2417","status":"publish","type":"product","link":"https:\/\/boreait.com\/fr\/produit\/connecteur-de-cable-lan-dorigine-hp-compaq-8710p-dc301001g00-2417\/","title":{"rendered":"Connecteur de c\u00e2ble LAN d&rsquo;origine HP Compaq 8710p DC301001G00 #2417"},"content":{"rendered":"<p>Am\u00e9liorez la connectivit\u00e9 LAN de votre ordinateur portable HP Compaq 8710p avec le connecteur de c\u00e2ble LAN d&rsquo;origine, r\u00e9f\u00e9rence DC301001G00 #2417. Con\u00e7ue pour la compatibilit\u00e9 et la fiabilit\u00e9, cette pi\u00e8ce de rechange authentique garantit une connectivit\u00e9 fluide et une installation facile.<\/p>\n<p>Principales caract\u00e9ristiques\u00a0:<\/p>\n<p>&#8211; Pi\u00e8ce de rechange HP d&rsquo;origine\u00a0: Compatibilit\u00e9 et fiabilit\u00e9 garanties gr\u00e2ce \u00e0 une pi\u00e8ce de rechange authentique.<\/p>\n<p>&#8211; Installation facile\u00a0: Am\u00e9liorez la connectivit\u00e9 LAN de votre ordinateur portable sans effort gr\u00e2ce \u00e0 une installation simple.<\/p>\n<p>&#8211; Connectivit\u00e9 am\u00e9lior\u00e9e\u00a0: Am\u00e9liorez la connectivit\u00e9 de votre appareil pour une mise en r\u00e9seau fluide.<\/p>\n<p>&#8211; Construction durable\u00a0: Con\u00e7ue pour r\u00e9sister \u00e0 l&rsquo;usure, elle garantit long\u00e9vit\u00e9 et fiabilit\u00e9.<\/p>\n<p>Am\u00e9liorez votre ordinateur portable HP Compaq 8710p d\u00e8s aujourd&rsquo;hui avec le connecteur de c\u00e2ble LAN d&rsquo;origine. Achetez en toute confiance, sachant que vous investissez dans une pi\u00e8ce de rechange de qualit\u00e9 pour votre appareil. Pour toute question ou besoin d&rsquo;aide, n&rsquo;h\u00e9sitez pas \u00e0 nous contacter. Nous sommes l\u00e0 pour vous aider \u00e0 am\u00e9liorer les fonctionnalit\u00e9s de votre appareil.<\/p>\n","protected":false},"excerpt":{"rendered":"<p>Am\u00e9liorez la connectivit\u00e9 LAN de votre HP Compaq 8710p avec ce connecteur de c\u00e2ble LAN d&rsquo;origine. Facile \u00e0 installer et compatible avec la r\u00e9f\u00e9rence DC301001G00 #2417. Am\u00e9liorez la connectivit\u00e9 de votre ordinateur portable d\u00e8s aujourd&rsquo;hui\u00a0!<\/p>\n","protected":false},"featured_media":13712,"template":"","meta":[],"product_brand":[],"product_cat":[56],"product_tag":[53],"class_list":{"0":"post-13653","1":"product","2":"type-product","3":"status-publish","4":"has-post-thumbnail","6":"product_cat-cables","7":"product_tag-dell","9":"first","10":"instock","11":"taxable","12":"shipping-taxable","13":"purchasable","14":"product-type-simple"},"_links":{"self":[{"href":"https:\/\/boreait.com\/fr\/wp-json\/wp\/v2\/product\/13653","targetHints":{"allow":["GET"]}}],"collection":[{"href":"https:\/\/boreait.com\/fr\/wp-json\/wp\/v2\/product"}],"about":[{"href":"https:\/\/boreait.com\/fr\/wp-json\/wp\/v2\/types\/product"}],"wp:featuredmedia":[{"embeddable":true,"href":"https:\/\/boreait.com\/fr\/wp-json\/wp\/v2\/media\/13712"}],"wp:attachment":[{"href":"https:\/\/boreait.com\/fr\/wp-json\/wp\/v2\/media?parent=13653"}],"wp:term":[{"taxonomy":"product_brand","embeddable":true,"href":"https:\/\/boreait.com\/fr\/wp-json\/wp\/v2\/product_brand?post=13653"},{"taxonomy":"product_cat","embeddable":true,"href":"https:\/\/boreait.com\/fr\/wp-json\/wp\/v2\/product_cat?post=13653"},{"taxonomy":"product_tag","embeddable":true,"href":"https:\/\/boreait.com\/fr\/wp-json\/wp\/v2\/product_tag?post=13653"}],"curies":[{"name":"wp","href":"https:\/\/api.w.org\/{rel}","templated":true}]}}