{"id":13630,"date":"2025-09-15T16:43:29","date_gmt":"2025-09-15T14:43:29","guid":{"rendered":"https:\/\/boreait.com\/fr\/?post_type=product&#038;p=13630"},"modified":"2025-09-15T16:44:53","modified_gmt":"2025-09-15T14:44:53","slug":"cadre-decran-dangle-avant-droit-en-caoutchouc-pour-dell-latitude-12-rugged-extreme-7204-2","status":"publish","type":"product","link":"https:\/\/boreait.com\/fr\/produit\/cadre-decran-dangle-avant-droit-en-caoutchouc-pour-dell-latitude-12-rugged-extreme-7204-2\/","title":{"rendered":"Cadre d&rsquo;\u00e9cran d&rsquo;angle avant droit en caoutchouc pour Dell Latitude 12 Rugged Extreme 7204"},"content":{"rendered":"<p>Am\u00e9liorez la durabilit\u00e9 de votre Dell Latitude 12 Rugged Extreme 7204 gr\u00e2ce au caoutchouc avant droit du cadre d&rsquo;\u00e9cran d&rsquo;angle. Con\u00e7ue pour la pr\u00e9cision et la compatibilit\u00e9, cette pi\u00e8ce d&rsquo;origine Dell garantit une installation facile et un ajustement parfait \u00e0 votre appareil.<\/p>\n<p>Principales caract\u00e9ristiques\u00a0:<\/p>\n<p>&#8211; Pi\u00e8ce de rechange Dell d&rsquo;origine\u00a0: Compatibilit\u00e9 et fiabilit\u00e9 garanties avec une pi\u00e8ce de rechange authentique.<\/p>\n<p>&#8211; Installation facile\u00a0: Am\u00e9liorez la durabilit\u00e9 de votre appareil sans effort gr\u00e2ce \u00e0 une installation simple.<\/p>\n<p>&#8211; Ajustement parfait\u00a0: Con\u00e7u sp\u00e9cifiquement pour le Dell Latitude 12 Rugged Extreme 7204 pour une int\u00e9gration parfaite.<\/p>\n<p>&#8211; Durabilit\u00e9 accrue\u00a0: Prot\u00e9gez votre appareil des dommages gr\u00e2ce \u00e0 ce caoutchouc d&rsquo;angle durable pour cadre d&rsquo;\u00e9cran d&rsquo;angle.<\/p>\n<p>Am\u00e9liorez votre Dell Latitude 12 Rugged Extreme 7204 d\u00e8s aujourd&rsquo;hui avec le caoutchouc avant droit du cadre d&rsquo;\u00e9cran d&rsquo;angle d&rsquo;origine. Achetez en toute confiance, sachant que vous investissez dans une pi\u00e8ce de rechange de qualit\u00e9. Pour toute question ou besoin d&rsquo;aide, n&rsquo;h\u00e9sitez pas \u00e0 nous contacter. Nous sommes l\u00e0 pour vous aider \u00e0 am\u00e9liorer la durabilit\u00e9 de votre appareil.<\/p>\n","protected":false},"excerpt":{"rendered":"<p>Am\u00e9liorez la durabilit\u00e9 de votre Dell Latitude 12 Rugged Extreme 7204 gr\u00e2ce \u00e0 ce caoutchouc d&rsquo;angle avant droit pour cadre d&rsquo;\u00e9cran. Pi\u00e8ce d&rsquo;origine Dell con\u00e7ue pour une installation facile et un ajustement parfait. Am\u00e9liorez votre appareil d\u00e8s aujourd&rsquo;hui\u00a0!<\/p>\n","protected":false},"featured_media":13694,"template":"","meta":[],"product_brand":[],"product_cat":[52],"product_tag":[53],"class_list":{"0":"post-13630","1":"product","2":"type-product","3":"status-publish","4":"has-post-thumbnail","6":"product_cat-laptop-housing","7":"product_tag-dell","9":"first","10":"instock","11":"taxable","12":"shipping-taxable","13":"purchasable","14":"product-type-simple"},"_links":{"self":[{"href":"https:\/\/boreait.com\/fr\/wp-json\/wp\/v2\/product\/13630","targetHints":{"allow":["GET"]}}],"collection":[{"href":"https:\/\/boreait.com\/fr\/wp-json\/wp\/v2\/product"}],"about":[{"href":"https:\/\/boreait.com\/fr\/wp-json\/wp\/v2\/types\/product"}],"wp:featuredmedia":[{"embeddable":true,"href":"https:\/\/boreait.com\/fr\/wp-json\/wp\/v2\/media\/13694"}],"wp:attachment":[{"href":"https:\/\/boreait.com\/fr\/wp-json\/wp\/v2\/media?parent=13630"}],"wp:term":[{"taxonomy":"product_brand","embeddable":true,"href":"https:\/\/boreait.com\/fr\/wp-json\/wp\/v2\/product_brand?post=13630"},{"taxonomy":"product_cat","embeddable":true,"href":"https:\/\/boreait.com\/fr\/wp-json\/wp\/v2\/product_cat?post=13630"},{"taxonomy":"product_tag","embeddable":true,"href":"https:\/\/boreait.com\/fr\/wp-json\/wp\/v2\/product_tag?post=13630"}],"curies":[{"name":"wp","href":"https:\/\/api.w.org\/{rel}","templated":true}]}}