{"id":13623,"date":"2025-09-15T16:43:28","date_gmt":"2025-09-15T14:43:28","guid":{"rendered":"https:\/\/boreait.com\/fr\/?post_type=product&#038;p=13623"},"modified":"2026-01-27T11:00:44","modified_gmt":"2026-01-27T10:00:44","slug":"carte-reseau-sans-fil-intel-7260ngw-802-11ac-ngff-wi-fi-bluetooth-bt-4-0-mini-0gpfnk","status":"publish","type":"product","link":"https:\/\/boreait.com\/fr\/produit\/carte-reseau-sans-fil-intel-7260ngw-802-11ac-ngff-wi-fi-bluetooth-bt-4-0-mini-0gpfnk\/","title":{"rendered":"Carte r\u00e9seau sans fil Intel 7260NGW 802.11AC NGFF Wi-Fi + Bluetooth BT 4.0 Mini 0GPFNK"},"content":{"rendered":"<p>Am\u00e9liorez les capacit\u00e9s sans fil de votre ordinateur portable avec la mini-carte WLAN Intel 7260NGW. Cette carte hautes performances est con\u00e7ue pour offrir une connectivit\u00e9 sans fil rapide et fiable, id\u00e9ale pour la navigation, le streaming, les jeux et bien plus encore. R\u00e9f\u00e9rence Dell\u00a0: 0GPFNK \/ GPFNK.<\/p>\n<p>La mini-carte WLAN Intel 7260NGW prend en charge la norme 802.11ac et offre un Wi-Fi haut d\u00e9bit avec une port\u00e9e et des performances am\u00e9lior\u00e9es par rapport aux anciennes normes. Avec des vitesses allant jusqu&rsquo;au Gigabit, profitez d&rsquo;un streaming vid\u00e9o HD fluide, de jeux en ligne sans latence et de t\u00e9l\u00e9chargements et t\u00e9l\u00e9versements plus rapides. La carte fonctionne sur les bandes de fr\u00e9quences 2,4\u00a0GHz et 5\u00a0GHz, vous permettant de choisir le meilleur r\u00e9seau Wi-Fi disponible.<\/p>\n<p>Outre la connectivit\u00e9 Wi-Fi, la mini-carte WLAN Intel 7260NGW int\u00e8gre la technologie Bluetooth 4.0. Celle-ci vous permet de connecter et d&rsquo;appairer des p\u00e9riph\u00e9riques sans fil tels que des claviers, des souris, des casques et des enceintes sans avoir besoin de dongles ou de c\u00e2bles suppl\u00e9mentaires. <\/p>\n<p>L&rsquo;installation de la carte Intel 7260NGW Mini WLAN est relativement simple. Assurez-vous que votre ordinateur portable est \u00e9teint et d\u00e9branch\u00e9 de toute source d&rsquo;alimentation. Ouvrez le panneau d&rsquo;acc\u00e8s situ\u00e9 sous votre ordinateur portable pour localiser l&#8217;emplacement de la carte Mini WLAN. Retirez la carte existante (le cas \u00e9ch\u00e9ant) et ins\u00e9rez la carte Intel 7260NGW dans l&#8217;emplacement. Fixez-la correctement et remontez votre ordinateur portable.<\/p>\n<p>Am\u00e9liorez les capacit\u00e9s sans fil de votre ordinateur portable avec la carte Intel 7260NGW Mini WLAN. B\u00e9n\u00e9ficiez d&rsquo;une connectivit\u00e9 Wi-Fi rapide et fiable gr\u00e2ce \u00e0 la norme 802.11ac et connectez vos p\u00e9riph\u00e9riques sans fil en toute simplicit\u00e9 gr\u00e2ce \u00e0 la technologie Bluetooth 4.0. Profitez de performances accrues, d&rsquo;une port\u00e9e \u00e9tendue et d&rsquo;une connectivit\u00e9 fluide avec cette carte Intel Mini WLAN.<\/p>\n","protected":false},"excerpt":{"rendered":"<p>Am\u00e9liorez les capacit\u00e9s sans fil de votre ordinateur portable avec la carte Intel Mini WLAN 7260NGW. Cette carte associe le Wi-Fi haut d\u00e9bit \u00e0 la derni\u00e8re technologie 802.11ac pour une connectivit\u00e9 sans fil rapide et fiable. Elle int\u00e8gre \u00e9galement la technologie Bluetooth 4.0 pour connecter des p\u00e9riph\u00e9riques et appareils sans fil. Optimisez les performances de votre ordinateur portable avec cette carte Intel Mini WLAN.<\/p>\n","protected":false},"featured_media":13677,"template":"","meta":[],"product_brand":[],"product_cat":[63],"product_tag":[],"class_list":{"0":"post-13623","1":"product","2":"type-product","3":"status-publish","4":"has-post-thumbnail","6":"product_cat-motherboards-board-parts","8":"first","9":"instock","10":"taxable","11":"shipping-taxable","12":"purchasable","13":"product-type-simple"},"_links":{"self":[{"href":"https:\/\/boreait.com\/fr\/wp-json\/wp\/v2\/product\/13623","targetHints":{"allow":["GET"]}}],"collection":[{"href":"https:\/\/boreait.com\/fr\/wp-json\/wp\/v2\/product"}],"about":[{"href":"https:\/\/boreait.com\/fr\/wp-json\/wp\/v2\/types\/product"}],"wp:featuredmedia":[{"embeddable":true,"href":"https:\/\/boreait.com\/fr\/wp-json\/wp\/v2\/media\/13677"}],"wp:attachment":[{"href":"https:\/\/boreait.com\/fr\/wp-json\/wp\/v2\/media?parent=13623"}],"wp:term":[{"taxonomy":"product_brand","embeddable":true,"href":"https:\/\/boreait.com\/fr\/wp-json\/wp\/v2\/product_brand?post=13623"},{"taxonomy":"product_cat","embeddable":true,"href":"https:\/\/boreait.com\/fr\/wp-json\/wp\/v2\/product_cat?post=13623"},{"taxonomy":"product_tag","embeddable":true,"href":"https:\/\/boreait.com\/fr\/wp-json\/wp\/v2\/product_tag?post=13623"}],"curies":[{"name":"wp","href":"https:\/\/api.w.org\/{rel}","templated":true}]}}