{"id":13622,"date":"2025-09-15T16:43:27","date_gmt":"2025-09-15T14:43:27","guid":{"rendered":"https:\/\/boreait.com\/fr\/?post_type=product&#038;p=13622"},"modified":"2025-09-15T16:44:36","modified_gmt":"2025-09-15T14:44:36","slug":"carte-de-jonction-de-clavier-robuste-dorigine-pour-dell-latitude-7214-aa002a-2","status":"publish","type":"product","link":"https:\/\/boreait.com\/fr\/produit\/carte-de-jonction-de-clavier-robuste-dorigine-pour-dell-latitude-7214-aa002a-2\/","title":{"rendered":"Carte de jonction de clavier robuste d&rsquo;origine pour Dell Latitude 7214 AA002A"},"content":{"rendered":"<p>Am\u00e9liorez les fonctionnalit\u00e9s de votre ordinateur portable Dell Latitude 7214 Rugged avec la carte de jonction de clavier AA002A de remplacement d&rsquo;origine. Con\u00e7ue pour la durabilit\u00e9 et la compatibilit\u00e9, cette pi\u00e8ce de rechange authentique garantit des performances fiables et une installation facile.<\/p>\n<p>Principales caract\u00e9ristiques\u00a0:<\/p>\n<p>&#8211; Pi\u00e8ce de rechange Dell authentique\u00a0: Compatibilit\u00e9 et fiabilit\u00e9 garanties avec une pi\u00e8ce de rechange authentique.<\/p>\n<p>&#8211; Installation facile\u00a0: Am\u00e9liorez les fonctionnalit\u00e9s de votre appareil sans effort gr\u00e2ce \u00e0 une installation simple.<\/p>\n<p>&#8211; Compatibilit\u00e9\u00a0: Con\u00e7u pour fonctionner parfaitement avec une vari\u00e9t\u00e9 de mod\u00e8les Dell Latitude 7214 Rugged.<\/p>\n<p>&#8211; Construction durable\u00a0: Con\u00e7u pour r\u00e9sister \u00e0 une utilisation intensive, garantissant long\u00e9vit\u00e9 et fiabilit\u00e9.<\/p>\n<p>Am\u00e9liorez votre ordinateur portable Dell Latitude 7214 Rugged d\u00e8s aujourd&rsquo;hui avec la carte de jonction de clavier AA002A de remplacement d&rsquo;origine. Achetez en toute confiance, sachant que vous investissez dans une pi\u00e8ce de rechange de qualit\u00e9 pour votre appareil. Pour toute question ou besoin d&rsquo;aide, n&rsquo;h\u00e9sitez pas \u00e0 nous contacter. Nous sommes l\u00e0 pour vous aider \u00e0 am\u00e9liorer les fonctionnalit\u00e9s de votre appareil.<\/p>\n","protected":false},"excerpt":{"rendered":"<p>Am\u00e9liorez votre Dell Latitude 7214 Rugged avec cette carte de jonction de clavier AA002A de remplacement d&rsquo;origine. Facile \u00e0 installer et compatible avec de nombreux mod\u00e8les, elle optimisera les fonctionnalit\u00e9s de votre appareil d\u00e8s aujourd&rsquo;hui\u00a0!<\/p>\n","protected":false},"featured_media":13675,"template":"","meta":[],"product_brand":[],"product_cat":[63],"product_tag":[],"class_list":{"0":"post-13622","1":"product","2":"type-product","3":"status-publish","4":"has-post-thumbnail","6":"product_cat-motherboards-board-parts","8":"first","9":"instock","10":"taxable","11":"shipping-taxable","12":"purchasable","13":"product-type-simple"},"_links":{"self":[{"href":"https:\/\/boreait.com\/fr\/wp-json\/wp\/v2\/product\/13622","targetHints":{"allow":["GET"]}}],"collection":[{"href":"https:\/\/boreait.com\/fr\/wp-json\/wp\/v2\/product"}],"about":[{"href":"https:\/\/boreait.com\/fr\/wp-json\/wp\/v2\/types\/product"}],"wp:featuredmedia":[{"embeddable":true,"href":"https:\/\/boreait.com\/fr\/wp-json\/wp\/v2\/media\/13675"}],"wp:attachment":[{"href":"https:\/\/boreait.com\/fr\/wp-json\/wp\/v2\/media?parent=13622"}],"wp:term":[{"taxonomy":"product_brand","embeddable":true,"href":"https:\/\/boreait.com\/fr\/wp-json\/wp\/v2\/product_brand?post=13622"},{"taxonomy":"product_cat","embeddable":true,"href":"https:\/\/boreait.com\/fr\/wp-json\/wp\/v2\/product_cat?post=13622"},{"taxonomy":"product_tag","embeddable":true,"href":"https:\/\/boreait.com\/fr\/wp-json\/wp\/v2\/product_tag?post=13622"}],"curies":[{"name":"wp","href":"https:\/\/api.w.org\/{rel}","templated":true}]}}