{"id":13621,"date":"2025-09-15T16:43:27","date_gmt":"2025-09-15T14:43:27","guid":{"rendered":"https:\/\/boreait.com\/fr\/?post_type=product&#038;p=13621"},"modified":"2025-09-15T16:44:33","modified_gmt":"2025-09-15T14:44:33","slug":"bouton-dalimentation-dell-latitude-12-rugged-extreme-7204-authentique-avec-lecteur-dempreintes-digitales","status":"publish","type":"product","link":"https:\/\/boreait.com\/fr\/produit\/bouton-dalimentation-dell-latitude-12-rugged-extreme-7204-authentique-avec-lecteur-dempreintes-digitales\/","title":{"rendered":"Bouton d&rsquo;alimentation Dell Latitude 12 Rugged Extreme 7204 authentique avec lecteur d&#8217;empreintes digitales"},"content":{"rendered":"<p>Am\u00e9liorez la s\u00e9curit\u00e9 et les fonctionnalit\u00e9s de votre ordinateur portable Dell Latitude 12 Rugged Extreme 7204 gr\u00e2ce au bouton d&rsquo;alimentation d&rsquo;origine avec lecteur d&#8217;empreintes digitales. Cette pi\u00e8ce de rechange authentique garantit une installation facile et une compatibilit\u00e9 optimale avec votre appareil.<\/p>\n<p>Principales caract\u00e9ristiques\u00a0:<\/p>\n<p>&#8211; Pi\u00e8ce de rechange Dell d&rsquo;origine\u00a0: Compatibilit\u00e9 et fiabilit\u00e9 garanties gr\u00e2ce \u00e0 une pi\u00e8ce de rechange authentique.<\/p>\n<p>&#8211; Installation facile\u00a0: Mettez \u00e0 niveau votre ordinateur portable sans effort gr\u00e2ce \u00e0 une installation simple.<\/p>\n<p>&#8211; S\u00e9curit\u00e9 renforc\u00e9e\u00a0: Prot\u00e9gez votre appareil et vos donn\u00e9es gr\u00e2ce au lecteur d&#8217;empreintes digitales int\u00e9gr\u00e9.<\/p>\n<p>&#8211; Fonctionnalit\u00e9s am\u00e9lior\u00e9es\u00a0: Acc\u00e9dez facilement \u00e0 votre appareil gr\u00e2ce \u00e0 la combinaison pratique du bouton d&rsquo;alimentation et du lecteur d&#8217;empreintes digitales.<\/p>\n<p>Mettez \u00e0 niveau votre ordinateur portable Dell Latitude 12 Rugged Extreme 7204 d\u00e8s aujourd&rsquo;hui avec le bouton d&rsquo;alimentation d&rsquo;origine avec lecteur d&#8217;empreintes digitales. Achetez en toute confiance, sachant que vous investissez dans une pi\u00e8ce de rechange de qualit\u00e9. Pour toute question ou assistance, n&rsquo;h\u00e9sitez pas \u00e0 nous contacter. Nous sommes l\u00e0 pour vous aider \u00e0 am\u00e9liorer la s\u00e9curit\u00e9 et les fonctionnalit\u00e9s de votre appareil.<\/p>\n","protected":false},"excerpt":{"rendered":"<p>Am\u00e9liorez la s\u00e9curit\u00e9 et les fonctionnalit\u00e9s de votre Dell Latitude 12 Rugged Extreme 7204 avec ce bouton d&rsquo;alimentation d&rsquo;origine dot\u00e9 d&rsquo;un lecteur d&#8217;empreintes digitales. Facile \u00e0 installer et compatible avec votre appareil, il vous permet d&rsquo;am\u00e9liorer la s\u00e9curit\u00e9 et les fonctionnalit\u00e9s d\u00e8s aujourd&rsquo;hui\u00a0!<\/p>\n","protected":false},"featured_media":13674,"template":"","meta":[],"product_brand":[],"product_cat":[63],"product_tag":[],"class_list":{"0":"post-13621","1":"product","2":"type-product","3":"status-publish","4":"has-post-thumbnail","6":"product_cat-motherboards-board-parts","8":"first","9":"instock","10":"taxable","11":"shipping-taxable","12":"purchasable","13":"product-type-simple"},"_links":{"self":[{"href":"https:\/\/boreait.com\/fr\/wp-json\/wp\/v2\/product\/13621","targetHints":{"allow":["GET"]}}],"collection":[{"href":"https:\/\/boreait.com\/fr\/wp-json\/wp\/v2\/product"}],"about":[{"href":"https:\/\/boreait.com\/fr\/wp-json\/wp\/v2\/types\/product"}],"wp:featuredmedia":[{"embeddable":true,"href":"https:\/\/boreait.com\/fr\/wp-json\/wp\/v2\/media\/13674"}],"wp:attachment":[{"href":"https:\/\/boreait.com\/fr\/wp-json\/wp\/v2\/media?parent=13621"}],"wp:term":[{"taxonomy":"product_brand","embeddable":true,"href":"https:\/\/boreait.com\/fr\/wp-json\/wp\/v2\/product_brand?post=13621"},{"taxonomy":"product_cat","embeddable":true,"href":"https:\/\/boreait.com\/fr\/wp-json\/wp\/v2\/product_cat?post=13621"},{"taxonomy":"product_tag","embeddable":true,"href":"https:\/\/boreait.com\/fr\/wp-json\/wp\/v2\/product_tag?post=13621"}],"curies":[{"name":"wp","href":"https:\/\/api.w.org\/{rel}","templated":true}]}}