{"id":13620,"date":"2025-09-15T16:43:26","date_gmt":"2025-09-15T14:43:26","guid":{"rendered":"https:\/\/boreait.com\/fr\/?post_type=product&#038;p=13620"},"modified":"2025-09-15T16:44:31","modified_gmt":"2025-09-15T14:44:31","slug":"lecteur-de-carte-sd-usb-authentique-dell-latitude-12-rugged-extreme-7204-avec-cable-md1p8-0md1p8","status":"publish","type":"product","link":"https:\/\/boreait.com\/fr\/produit\/lecteur-de-carte-sd-usb-authentique-dell-latitude-12-rugged-extreme-7204-avec-cable-md1p8-0md1p8\/","title":{"rendered":"Lecteur de carte SD USB authentique Dell Latitude 12 Rugged Extreme 7204 avec c\u00e2ble MD1P8 0MD1P8"},"content":{"rendered":"<p>Am\u00e9liorez la connectivit\u00e9 de votre Dell Latitude 12 Rugged Extreme 7204 avec le lecteur de carte SD USB d&rsquo;origine, fourni avec le c\u00e2ble MD1P8 0MD1P8 pour une installation facile. Con\u00e7ue pour la durabilit\u00e9 et la compatibilit\u00e9, cette pi\u00e8ce de rechange authentique garantit des performances fiables et une connectivit\u00e9 ais\u00e9e.<\/p>\n<p>Principales caract\u00e9ristiques\u00a0:<\/p>\n<p>&#8211; Pi\u00e8ce de rechange Dell d&rsquo;origine\u00a0: Compatibilit\u00e9 et fiabilit\u00e9 garanties avec une pi\u00e8ce de rechange authentique.<\/p>\n<p>&#8211; Installation facile\u00a0: Am\u00e9liorez la connectivit\u00e9 de votre appareil sans effort gr\u00e2ce \u00e0 une installation simple.<\/p>\n<p>&#8211; Fonctionnalit\u00e9s am\u00e9lior\u00e9es\u00a0: \u00c9largissez les options de connectivit\u00e9 de votre ordinateur portable pour des fonctionnalit\u00e9s am\u00e9lior\u00e9es.<\/p>\n<p>&#8211; Construction durable\u00a0: Con\u00e7u pour r\u00e9sister \u00e0 une utilisation intensive, garantissant long\u00e9vit\u00e9 et fiabilit\u00e9.<\/p>\n<p>Mettez \u00e0 niveau votre Dell Latitude 12 Rugged Extreme 7204 d\u00e8s aujourd&rsquo;hui avec le lecteur de carte SD USB d&rsquo;origine. Achetez en toute confiance, sachant que vous investissez dans une pi\u00e8ce de rechange de qualit\u00e9 pour votre appareil. Pour toute question ou besoin d&rsquo;aide, n&rsquo;h\u00e9sitez pas \u00e0 nous contacter. Nous sommes l\u00e0 pour vous aider \u00e0 am\u00e9liorer les fonctionnalit\u00e9s de votre appareil.<\/p>\n","protected":false},"excerpt":{"rendered":"<p>Am\u00e9liorez la connectivit\u00e9 de votre Dell Latitude 12 Rugged Extreme 7204 avec ce lecteur de carte SD USB d&rsquo;origine. Livr\u00e9 avec un c\u00e2ble MD1P8 0MD1P8 pour une installation facile. Am\u00e9liorez les fonctionnalit\u00e9s de votre appareil d\u00e8s aujourd&rsquo;hui\u00a0!<\/p>\n","protected":false},"featured_media":13672,"template":"","meta":[],"product_brand":[],"product_cat":[63],"product_tag":[],"class_list":{"0":"post-13620","1":"product","2":"type-product","3":"status-publish","4":"has-post-thumbnail","6":"product_cat-motherboards-board-parts","8":"first","9":"instock","10":"taxable","11":"shipping-taxable","12":"purchasable","13":"product-type-simple"},"_links":{"self":[{"href":"https:\/\/boreait.com\/fr\/wp-json\/wp\/v2\/product\/13620","targetHints":{"allow":["GET"]}}],"collection":[{"href":"https:\/\/boreait.com\/fr\/wp-json\/wp\/v2\/product"}],"about":[{"href":"https:\/\/boreait.com\/fr\/wp-json\/wp\/v2\/types\/product"}],"wp:featuredmedia":[{"embeddable":true,"href":"https:\/\/boreait.com\/fr\/wp-json\/wp\/v2\/media\/13672"}],"wp:attachment":[{"href":"https:\/\/boreait.com\/fr\/wp-json\/wp\/v2\/media?parent=13620"}],"wp:term":[{"taxonomy":"product_brand","embeddable":true,"href":"https:\/\/boreait.com\/fr\/wp-json\/wp\/v2\/product_brand?post=13620"},{"taxonomy":"product_cat","embeddable":true,"href":"https:\/\/boreait.com\/fr\/wp-json\/wp\/v2\/product_cat?post=13620"},{"taxonomy":"product_tag","embeddable":true,"href":"https:\/\/boreait.com\/fr\/wp-json\/wp\/v2\/product_tag?post=13620"}],"curies":[{"name":"wp","href":"https:\/\/api.w.org\/{rel}","templated":true}]}}