{"id":13562,"date":"2025-09-15T16:41:37","date_gmt":"2025-09-15T14:41:37","guid":{"rendered":"https:\/\/boreait.com\/fr\/?post_type=product&#038;p=13562"},"modified":"2025-09-15T16:43:22","modified_gmt":"2025-09-15T14:43:22","slug":"carte-reseau-sans-fil-double-bande-wi-fi-bt-authentique-dell-xps-12-9q33-p205-cn-0kttyn-kttyn","status":"publish","type":"product","link":"https:\/\/boreait.com\/fr\/produit\/carte-reseau-sans-fil-double-bande-wi-fi-bt-authentique-dell-xps-12-9q33-p205-cn-0kttyn-kttyn\/","title":{"rendered":"Carte r\u00e9seau sans fil double bande Wi-Fi BT authentique Dell XPS 12 9Q33 P205 CN-0KTTYN KTTYN"},"content":{"rendered":"<p>Am\u00e9liorez la connectivit\u00e9 sans fil de votre ordinateur portable Dell XPS 12 9Q33 P205 avec la carte r\u00e9seau Wi-Fi BT double bande d&rsquo;origine, r\u00e9f\u00e9rence CN-0KTTYN KTTYN. Con\u00e7ue pour une compatibilit\u00e9 optimale et des performances fiables, cette pi\u00e8ce de rechange authentique garantit une installation facile et des capacit\u00e9s sans fil am\u00e9lior\u00e9es. \u00c9galement compatible avec le Dell Rugged 7204.<\/p>\n<p>Principales caract\u00e9ristiques\u00a0:<\/p>\n<p>&#8211; Pi\u00e8ce de rechange Dell d&rsquo;origine\u00a0: Compatibilit\u00e9 et fiabilit\u00e9 garanties avec une pi\u00e8ce de rechange authentique.<\/p>\n<p>&#8211; Installation facile\u00a0: Am\u00e9liorez la connectivit\u00e9 sans fil de votre appareil en toute simplicit\u00e9 gr\u00e2ce \u00e0 une installation simple.<\/p>\n<p>&#8211; Wi-Fi BT double bande\u00a0: B\u00e9n\u00e9ficiez de connexions sans fil plus rapides et plus stables gr\u00e2ce aux technologies Wi-Fi et Bluetooth double bande.<\/p>\n<p>&#8211; Compatibilit\u00e9\u00a0: Con\u00e7ue pour fonctionner parfaitement avec l&rsquo;ordinateur portable Dell XPS 12 9Q33 P205.<\/p>\n<p>&#8211; Performances fiables\u00a0: B\u00e9n\u00e9ficiez de performances et d&rsquo;une connectivit\u00e9 sans fil am\u00e9lior\u00e9es pour une exp\u00e9rience utilisateur plus fluide.<\/p>\n<p>Mettez \u00e0 niveau votre ordinateur portable Dell XPS 12 9Q33 P205 d\u00e8s aujourd&rsquo;hui avec la carte r\u00e9seau sans fil Bluetooth double bande d&rsquo;origine. Achetez en toute confiance, sachant que vous investissez dans une pi\u00e8ce de rechange de qualit\u00e9 pour votre appareil. Pour toute question ou besoin d&rsquo;aide, n&rsquo;h\u00e9sitez pas \u00e0 nous contacter. Nous sommes l\u00e0 pour vous aider \u00e0 am\u00e9liorer les fonctionnalit\u00e9s sans fil de votre appareil.<\/p>\n","protected":false},"excerpt":{"rendered":"<p>Am\u00e9liorez la connectivit\u00e9 sans fil de votre Dell XPS 12 9Q33 P205 avec cette carte Wi-Fi Bluetooth double bande d&rsquo;origine. Facile \u00e0 installer et compatible avec la r\u00e9f\u00e9rence CN-0KTTYN KTTYN. Optimisez les capacit\u00e9s sans fil de votre appareil d\u00e8s aujourd&rsquo;hui\u00a0!<\/p>\n","protected":false},"featured_media":13618,"template":"","meta":[],"product_brand":[],"product_cat":[63],"product_tag":[53],"class_list":{"0":"post-13562","1":"product","2":"type-product","3":"status-publish","4":"has-post-thumbnail","6":"product_cat-motherboards-board-parts","7":"product_tag-dell","9":"first","10":"instock","11":"taxable","12":"shipping-taxable","13":"purchasable","14":"product-type-simple"},"_links":{"self":[{"href":"https:\/\/boreait.com\/fr\/wp-json\/wp\/v2\/product\/13562","targetHints":{"allow":["GET"]}}],"collection":[{"href":"https:\/\/boreait.com\/fr\/wp-json\/wp\/v2\/product"}],"about":[{"href":"https:\/\/boreait.com\/fr\/wp-json\/wp\/v2\/types\/product"}],"wp:featuredmedia":[{"embeddable":true,"href":"https:\/\/boreait.com\/fr\/wp-json\/wp\/v2\/media\/13618"}],"wp:attachment":[{"href":"https:\/\/boreait.com\/fr\/wp-json\/wp\/v2\/media?parent=13562"}],"wp:term":[{"taxonomy":"product_brand","embeddable":true,"href":"https:\/\/boreait.com\/fr\/wp-json\/wp\/v2\/product_brand?post=13562"},{"taxonomy":"product_cat","embeddable":true,"href":"https:\/\/boreait.com\/fr\/wp-json\/wp\/v2\/product_cat?post=13562"},{"taxonomy":"product_tag","embeddable":true,"href":"https:\/\/boreait.com\/fr\/wp-json\/wp\/v2\/product_tag?post=13562"}],"curies":[{"name":"wp","href":"https:\/\/api.w.org\/{rel}","templated":true}]}}