{"id":13514,"date":"2025-09-15T16:40:23","date_gmt":"2025-09-15T14:40:23","guid":{"rendered":"https:\/\/boreait.com\/fr\/?post_type=product&#038;p=13514"},"modified":"2025-09-15T16:42:23","modified_gmt":"2025-09-15T14:42:23","slug":"repose-poignets-avec-pave-tactile-robuste-dell-oem-latitude-12-40m4v-040m4v","status":"publish","type":"product","link":"https:\/\/boreait.com\/fr\/produit\/repose-poignets-avec-pave-tactile-robuste-dell-oem-latitude-12-40m4v-040m4v\/","title":{"rendered":"Repose-poignets avec pav\u00e9 tactile robuste Dell OEM Latitude 12 40M4V 040M4V"},"content":{"rendered":"<p>Am\u00e9liorez les fonctionnalit\u00e9s et l&rsquo;apparence de votre Dell Latitude 12 Rugged avec le nouveau repose-poignets pour pav\u00e9 tactile OEM 40M4V. Fabriqu\u00e9e avec pr\u00e9cision et con\u00e7ue sp\u00e9cifiquement pour votre appareil, cette pi\u00e8ce de rechange d&rsquo;origine garantit une int\u00e9gration parfaite et des performances optimales.<\/p>\n<p>Principales caract\u00e9ristiques\u00a0:<\/p>\n<ul>\n<li>Pi\u00e8ce de rechange Dell d&rsquo;origine\u00a0: Compatibilit\u00e9 et fiabilit\u00e9 garanties avec une pi\u00e8ce de rechange OEM authentique.<\/li>\n<li>Installation facile\u00a0: Mettez \u00e0 niveau votre appareil sans effort gr\u00e2ce \u00e0 une installation simple, sans intervention professionnelle.<\/li>\n<li>Fonctionnalit\u00e9s am\u00e9lior\u00e9es\u00a0: Profitez d&rsquo;une navigation et d&rsquo;un contr\u00f4le am\u00e9lior\u00e9s gr\u00e2ce au pav\u00e9 tactile int\u00e9gr\u00e9.<\/li>\n<li>Esth\u00e9tique am\u00e9lior\u00e9e\u00a0: Sublimez l&rsquo;apparence de votre Dell Latitude 12 Rugged avec cet \u00e9l\u00e9gant repose-poignets pour pav\u00e9 tactile.<\/li>\n<\/ul>\n<p>Am\u00e9liorez votre Dell Latitude 12 Rugged d\u00e8s aujourd&rsquo;hui avec le nouveau repose-poignets pour pav\u00e9 tactile OEM 40M4V. Achetez en toute confiance, sachant que vous investissez dans une pi\u00e8ce de rechange de qualit\u00e9 pour votre appareil. Pour toute question ou besoin d&rsquo;aide, n&rsquo;h\u00e9sitez pas \u00e0 nous contacter. Nous sommes l\u00e0 pour vous aider \u00e0 am\u00e9liorer les fonctionnalit\u00e9s et l&rsquo;esth\u00e9tique de votre appareil.<\/p>\n","protected":false},"excerpt":{"rendered":"<p>Am\u00e9liorez votre Dell Latitude 12 Rugged avec ce nouveau repose-poignets OEM Touchpad 40M4V. Am\u00e9liorez les fonctionnalit\u00e9s et l&rsquo;esth\u00e9tique de votre appareil sans effort\u00a0!<\/p>\n","protected":false},"featured_media":13580,"template":"","meta":[],"product_brand":[],"product_cat":[52],"product_tag":[53],"class_list":{"0":"post-13514","1":"product","2":"type-product","3":"status-publish","4":"has-post-thumbnail","6":"product_cat-laptop-housing","7":"product_tag-dell","9":"first","10":"instock","11":"taxable","12":"shipping-taxable","13":"purchasable","14":"product-type-simple"},"_links":{"self":[{"href":"https:\/\/boreait.com\/fr\/wp-json\/wp\/v2\/product\/13514","targetHints":{"allow":["GET"]}}],"collection":[{"href":"https:\/\/boreait.com\/fr\/wp-json\/wp\/v2\/product"}],"about":[{"href":"https:\/\/boreait.com\/fr\/wp-json\/wp\/v2\/types\/product"}],"wp:featuredmedia":[{"embeddable":true,"href":"https:\/\/boreait.com\/fr\/wp-json\/wp\/v2\/media\/13580"}],"wp:attachment":[{"href":"https:\/\/boreait.com\/fr\/wp-json\/wp\/v2\/media?parent=13514"}],"wp:term":[{"taxonomy":"product_brand","embeddable":true,"href":"https:\/\/boreait.com\/fr\/wp-json\/wp\/v2\/product_brand?post=13514"},{"taxonomy":"product_cat","embeddable":true,"href":"https:\/\/boreait.com\/fr\/wp-json\/wp\/v2\/product_cat?post=13514"},{"taxonomy":"product_tag","embeddable":true,"href":"https:\/\/boreait.com\/fr\/wp-json\/wp\/v2\/product_tag?post=13514"}],"curies":[{"name":"wp","href":"https:\/\/api.w.org\/{rel}","templated":true}]}}