{"id":13475,"date":"2025-09-15T16:39:32","date_gmt":"2025-09-15T14:39:32","guid":{"rendered":"https:\/\/boreait.com\/fr\/?post_type=product&#038;p=13475"},"modified":"2026-01-27T10:46:24","modified_gmt":"2026-01-27T09:46:24","slug":"module-bluetooth-hp-compaq-bcm92045nmd-397922-001-dorigine-piece-de-rechange-pour-ordinateur-portable","status":"publish","type":"product","link":"https:\/\/boreait.com\/fr\/produit\/module-bluetooth-hp-compaq-bcm92045nmd-397922-001-dorigine-piece-de-rechange-pour-ordinateur-portable\/","title":{"rendered":"Module Bluetooth HP Compaq BCM92045NMD 397922-001 d&rsquo;origine \u2013 Pi\u00e8ce de rechange pour ordinateur portable"},"content":{"rendered":"<p>Am\u00e9liorez la connectivit\u00e9 de votre ordinateur portable HP Compaq avec le module Bluetooth d&rsquo;origine BCM92045NMD 397922-001. Con\u00e7ue avec pr\u00e9cision et fiabilit\u00e9, cette pi\u00e8ce de rechange authentique garantit une int\u00e9gration parfaite et des performances fiables. <\/p>\n<p>Principales caract\u00e9ristiques\u00a0:<\/p>\n<ul>\n<li>Pi\u00e8ce de rechange HP d&rsquo;origine\u00a0: Compatibilit\u00e9 et fiabilit\u00e9 garanties avec une pi\u00e8ce de rechange authentique.<\/li>\n<li>Installation facile\u00a0: Mettez \u00e0 niveau votre ordinateur portable sans effort gr\u00e2ce \u00e0 une installation simple, sans intervention d&rsquo;un professionnel.<\/li>\n<li>Connectivit\u00e9 am\u00e9lior\u00e9e\u00a0: B\u00e9n\u00e9ficiez d&rsquo;options de connectivit\u00e9 am\u00e9lior\u00e9es gr\u00e2ce \u00e0 la fonctionnalit\u00e9 Bluetooth.<\/li>\n<li>Compatibilit\u00e9\u00a0: Con\u00e7u pour fonctionner parfaitement avec une vari\u00e9t\u00e9 de mod\u00e8les d&rsquo;ordinateurs portables HP Compaq.<\/li>\n<li>Assurance qualit\u00e9\u00a0: Soyez assur\u00e9 d&rsquo;investir dans une pi\u00e8ce de rechange HP d&rsquo;origine de haute qualit\u00e9.<\/li>\n<\/ul>\n<p>Mettez \u00e0 niveau votre ordinateur portable HP Compaq d\u00e8s aujourd&rsquo;hui avec le module Bluetooth BCM92045NMD 397922-001 d&rsquo;origine. Achetez en toute confiance, sachant que vous investissez dans une pi\u00e8ce de rechange de qualit\u00e9 pour votre ordinateur portable. Pour toute question ou besoin d&rsquo;aide, n&rsquo;h\u00e9sitez pas \u00e0 nous contacter. Nous sommes l\u00e0 pour vous aider \u00e0 am\u00e9liorer la connectivit\u00e9 de votre appareil.<\/p>\n","protected":false},"excerpt":{"rendered":"<p>Am\u00e9liorez la connectivit\u00e9 de votre ordinateur portable HP Compaq avec ce module Bluetooth BCM92045NMD 397922-001 d&rsquo;origine. Sa facilit\u00e9 d&rsquo;installation et ses performances fiables en font une pi\u00e8ce de rechange id\u00e9ale. Am\u00e9liorez la connectivit\u00e9 de votre ordinateur portable d\u00e8s aujourd&rsquo;hui\u00a0!<\/p>\n","protected":false},"featured_media":13530,"template":"","meta":[],"product_brand":[],"product_cat":[63],"product_tag":[61],"class_list":{"0":"post-13475","1":"product","2":"type-product","3":"status-publish","4":"has-post-thumbnail","6":"product_cat-motherboards-board-parts","7":"product_tag-hp","9":"first","10":"instock","11":"taxable","12":"shipping-taxable","13":"purchasable","14":"product-type-simple"},"_links":{"self":[{"href":"https:\/\/boreait.com\/fr\/wp-json\/wp\/v2\/product\/13475","targetHints":{"allow":["GET"]}}],"collection":[{"href":"https:\/\/boreait.com\/fr\/wp-json\/wp\/v2\/product"}],"about":[{"href":"https:\/\/boreait.com\/fr\/wp-json\/wp\/v2\/types\/product"}],"wp:featuredmedia":[{"embeddable":true,"href":"https:\/\/boreait.com\/fr\/wp-json\/wp\/v2\/media\/13530"}],"wp:attachment":[{"href":"https:\/\/boreait.com\/fr\/wp-json\/wp\/v2\/media?parent=13475"}],"wp:term":[{"taxonomy":"product_brand","embeddable":true,"href":"https:\/\/boreait.com\/fr\/wp-json\/wp\/v2\/product_brand?post=13475"},{"taxonomy":"product_cat","embeddable":true,"href":"https:\/\/boreait.com\/fr\/wp-json\/wp\/v2\/product_cat?post=13475"},{"taxonomy":"product_tag","embeddable":true,"href":"https:\/\/boreait.com\/fr\/wp-json\/wp\/v2\/product_tag?post=13475"}],"curies":[{"name":"wp","href":"https:\/\/api.w.org\/{rel}","templated":true}]}}