{"id":13461,"date":"2025-09-15T16:39:30","date_gmt":"2025-09-15T14:39:30","guid":{"rendered":"https:\/\/boreait.com\/fr\/?post_type=product&#038;p=13461"},"modified":"2025-09-15T16:39:54","modified_gmt":"2025-09-15T14:39:54","slug":"piece-de-rechange-dorigine-pour-lenovo-thinkpad-e550-e555-e560-e565-00hn43","status":"publish","type":"product","link":"https:\/\/boreait.com\/fr\/produit\/piece-de-rechange-dorigine-pour-lenovo-thinkpad-e550-e555-e560-e565-00hn43\/","title":{"rendered":"Pi\u00e8ce de rechange d&rsquo;origine pour Lenovo ThinkPad E550 E555 E560 E565 00HN43"},"content":{"rendered":"<p>Relookez votre ThinkPad E550 avec ce cache de remplacement d&rsquo;origine. Con\u00e7u sp\u00e9cifiquement pour le mod\u00e8le ThinkPad E550 E555 E560 E565 00HN43, ce cache est fabriqu\u00e9 avec pr\u00e9cision pour garantir un ajustement parfait et une int\u00e9gration parfaite \u00e0 votre ordinateur portable. <\/p>\n<p>Principales caract\u00e9ristiques\u00a0:<\/p>\n<ul>\n<li>Pi\u00e8ce de rechange ThinkPad d&rsquo;origine\u00a0: Compatibilit\u00e9 et fiabilit\u00e9 garanties gr\u00e2ce \u00e0 une pi\u00e8ce de rechange authentique.<\/li>\n<li>Installation facile\u00a0: Am\u00e9liorez l&rsquo;apparence de votre ordinateur portable sans effort gr\u00e2ce \u00e0 une installation simple.<\/li>\n<li>Apparence am\u00e9lior\u00e9e\u00a0: Transformez l&rsquo;apparence de votre ThinkPad E550 E555 E560 E565 00HN43 gr\u00e2ce \u00e0 ce cache \u00e9l\u00e9gant.<\/li>\n<li>Protection renforc\u00e9e\u00a0: Prot\u00e9gez les bords de l&rsquo;\u00e9cran et donnez \u00e0 votre ordinateur portable un aspect impeccable gr\u00e2ce \u00e0 ce cache durable.<\/li>\n<\/ul>\n<p>Veuillez noter que, bien que les instructions d&rsquo;installation d\u00e9taill\u00e9es ne soient pas fournies, n&rsquo;h\u00e9sitez pas \u00e0 nous contacter pour toute question ou assistance. Les photos du produit pr\u00e9sent\u00e9es dans la liste illustrent fid\u00e8lement le produit que vous recevrez, ce qui t\u00e9moigne de notre engagement envers la transparence et la satisfaction client.<\/p>\n<p>Am\u00e9liorez votre ordinateur portable ThinkPad E550 d\u00e8s aujourd&rsquo;hui avec ce cache de rechange d&rsquo;origine. Achetez en toute confiance, sachant que vous investissez dans une pi\u00e8ce de rechange de qualit\u00e9 pour votre ordinateur portable. Pour toute question ou besoin d&rsquo;aide, n&rsquo;h\u00e9sitez pas \u00e0 nous contacter. Nous sommes l\u00e0 pour vous aider \u00e0 am\u00e9liorer l&rsquo;esth\u00e9tique de votre appareil.<\/p>\n","protected":false},"excerpt":{"rendered":"<p>Sublimez l&rsquo;apparence de votre ThinkPad E550, E555, E560, E565 (00HN43) avec ce cache de remplacement d&rsquo;origine. Compatible avec le mod\u00e8le ThinkPad E550, ce cache est facile \u00e0 installer et donnera un nouveau look \u00e0 votre ordinateur portable. Am\u00e9liorez votre appareil d\u00e8s aujourd&rsquo;hui\u00a0!<\/p>\n","protected":false},"featured_media":13492,"template":"","meta":[],"product_brand":[],"product_cat":[52],"product_tag":[62],"class_list":{"0":"post-13461","1":"product","2":"type-product","3":"status-publish","4":"has-post-thumbnail","6":"product_cat-laptop-housing","7":"product_tag-lenovo","9":"first","10":"instock","11":"taxable","12":"shipping-taxable","13":"purchasable","14":"product-type-simple"},"_links":{"self":[{"href":"https:\/\/boreait.com\/fr\/wp-json\/wp\/v2\/product\/13461","targetHints":{"allow":["GET"]}}],"collection":[{"href":"https:\/\/boreait.com\/fr\/wp-json\/wp\/v2\/product"}],"about":[{"href":"https:\/\/boreait.com\/fr\/wp-json\/wp\/v2\/types\/product"}],"wp:featuredmedia":[{"embeddable":true,"href":"https:\/\/boreait.com\/fr\/wp-json\/wp\/v2\/media\/13492"}],"wp:attachment":[{"href":"https:\/\/boreait.com\/fr\/wp-json\/wp\/v2\/media?parent=13461"}],"wp:term":[{"taxonomy":"product_brand","embeddable":true,"href":"https:\/\/boreait.com\/fr\/wp-json\/wp\/v2\/product_brand?post=13461"},{"taxonomy":"product_cat","embeddable":true,"href":"https:\/\/boreait.com\/fr\/wp-json\/wp\/v2\/product_cat?post=13461"},{"taxonomy":"product_tag","embeddable":true,"href":"https:\/\/boreait.com\/fr\/wp-json\/wp\/v2\/product_tag?post=13461"}],"curies":[{"name":"wp","href":"https:\/\/api.w.org\/{rel}","templated":true}]}}