{"id":13442,"date":"2025-09-15T16:39:00","date_gmt":"2025-09-15T14:39:00","guid":{"rendered":"https:\/\/boreait.com\/fr\/?post_type=product&#038;p=13442"},"modified":"2025-09-15T16:39:34","modified_gmt":"2025-09-15T14:39:34","slug":"ecran-led-mat-ips-fhd-14-pour-lenovo-yoga-c740-14iml-fhd-non-tactile","status":"publish","type":"product","link":"https:\/\/boreait.com\/fr\/produit\/ecran-led-mat-ips-fhd-14-pour-lenovo-yoga-c740-14iml-fhd-non-tactile\/","title":{"rendered":"\u00c9cran LED mat IPS FHD 14&Prime; pour Lenovo Yoga C740-14IML, FHD, non tactile"},"content":{"rendered":"<p>Mod\u00e8le d&rsquo;\u00e9cran actuel\u00a0: B140HAN04.D \/ B140HA07.1 \/ NV140FHM-N4T V8.2 \/ N140HCA-EEK &#8211; Enti\u00e8rement compatible avec le Lenovo Yoga C740-14IML (non tactile)\u00a0!<\/p>\n<p>Transformez votre Lenovo Yoga C740-14IML (version non tactile) en une v\u00e9ritable merveille visuelle gr\u00e2ce \u00e0 notre \u00e9cran LED IPS Full HD mat haut de gamme de 14\u00a0pouces. Con\u00e7u pour \u00e9galer la pr\u00e9cision et la brillance de votre appareil, cet \u00e9cran offre une r\u00e9solution exceptionnelle de 1920\u00a0x\u00a01080 qui donne vie \u00e0 votre contenu avec des d\u00e9tails nets et des couleurs \u00e9clatantes. La technologie IPS garantit de larges angles de vision et une reproduction fid\u00e8le des couleurs, ce qui en fait un \u00e9cran id\u00e9al pour la conception graphique professionnelle, la retouche photo et la visualisation de contenus multim\u00e9dias. <\/p>\n<p><strong>Fonctionnalit\u00e9s exceptionnelles\u00a0:<\/strong><\/p>\n<ul>\n<li><strong>R\u00e9solution Full HD\u00a0:<\/strong> Profitez de la clart\u00e9 et des d\u00e9tails de la Full HD, am\u00e9liorant chaque t\u00e2che, des applications de productivit\u00e9 \u00e0 la diffusion de vos \u00e9missions pr\u00e9f\u00e9r\u00e9es.<\/li>\n<li><strong>Technologie IPS\u00a0:<\/strong> Avec des couleurs pr\u00e9cises et des angles de vision larges, l&rsquo;\u00e9cran garantit un affichage exceptionnel sous tous les angles, id\u00e9al pour partager votre \u00e9cran avec d&rsquo;autres personnes.<\/li>\n<li><strong>Surface mate antireflet\u00a0:<\/strong> La finition mate r\u00e9duit consid\u00e9rablement les reflets, vous permettant de travailler confortablement dans des environnements lumineux et de r\u00e9duire la fatigue oculaire en cas d&rsquo;utilisation prolong\u00e9e.<\/li>\n<li><strong>Connecteur 30 broches\u00a0:<\/strong> Con\u00e7u sp\u00e9cifiquement pour le Lenovo Yoga C740-14IML, cet \u00e9cran offre une compatibilit\u00e9 parfaite et une installation facile, garantissant un ajustement parfait \u00e0 votre appareil.<\/li>\n<\/ul>\n<p>Que vous souhaitiez am\u00e9liorer votre efficacit\u00e9 au travail ou votre divertissement, cet \u00e9cran est une v\u00e9ritable r\u00e9volution. Votre Lenovo Yoga C740-14IML. Ses propri\u00e9t\u00e9s antireflets et sa pr\u00e9cision des couleurs exceptionnelle en font un choix polyvalent pour tous vos besoins. Am\u00e9liorez votre exp\u00e9rience visuelle avec notre \u00e9cran LED FHD IPS mat de 14 pouces et profitez d&rsquo;une qualit\u00e9 visuelle in\u00e9gal\u00e9e qui s&rsquo;adapte \u00e0 votre style de vie.<\/p>\n","protected":false},"excerpt":{"rendered":"<p>Sublimez votre Lenovo Yoga C740-14IML avec notre \u00e9cran LED FHD IPS mat de 14 pouces. Dot\u00e9 d&rsquo;une r\u00e9solution \u00e9poustouflante de 1920 x 1080 et d&rsquo;un connecteur 30 broches, cet \u00e9cran offre des couleurs vives et de larges angles de vision, garantissant une exp\u00e9rience visuelle immersive sans reflets, id\u00e9ale pour travailler comme pour jouer.<\/p>\n","protected":false},"featured_media":13454,"template":"","meta":[],"product_brand":[],"product_cat":[98,95],"product_tag":[62],"class_list":{"0":"post-13442","1":"product","2":"type-product","3":"status-publish","4":"has-post-thumbnail","6":"product_cat-14-new-laptop-screens-lcd-panels","7":"product_cat-new-laptop-screens-lcd-panels","8":"product_tag-lenovo","10":"first","11":"instock","12":"taxable","13":"shipping-taxable","14":"purchasable","15":"product-type-simple"},"_links":{"self":[{"href":"https:\/\/boreait.com\/fr\/wp-json\/wp\/v2\/product\/13442","targetHints":{"allow":["GET"]}}],"collection":[{"href":"https:\/\/boreait.com\/fr\/wp-json\/wp\/v2\/product"}],"about":[{"href":"https:\/\/boreait.com\/fr\/wp-json\/wp\/v2\/types\/product"}],"wp:featuredmedia":[{"embeddable":true,"href":"https:\/\/boreait.com\/fr\/wp-json\/wp\/v2\/media\/13454"}],"wp:attachment":[{"href":"https:\/\/boreait.com\/fr\/wp-json\/wp\/v2\/media?parent=13442"}],"wp:term":[{"taxonomy":"product_brand","embeddable":true,"href":"https:\/\/boreait.com\/fr\/wp-json\/wp\/v2\/product_brand?post=13442"},{"taxonomy":"product_cat","embeddable":true,"href":"https:\/\/boreait.com\/fr\/wp-json\/wp\/v2\/product_cat?post=13442"},{"taxonomy":"product_tag","embeddable":true,"href":"https:\/\/boreait.com\/fr\/wp-json\/wp\/v2\/product_tag?post=13442"}],"curies":[{"name":"wp","href":"https:\/\/api.w.org\/{rel}","templated":true}]}}