{"id":13440,"date":"2025-09-15T16:38:59","date_gmt":"2025-09-15T14:38:59","guid":{"rendered":"https:\/\/boreait.com\/fr\/?post_type=product&#038;p=13440"},"modified":"2025-09-15T16:39:25","modified_gmt":"2025-09-15T14:39:25","slug":"ecran-led-mat-ips-fhd-14-n140hce-et2-g53-1920-x-1080-30-broches-affichage-eclatant","status":"publish","type":"product","link":"https:\/\/boreait.com\/fr\/produit\/ecran-led-mat-ips-fhd-14-n140hce-et2-g53-1920-x-1080-30-broches-affichage-eclatant\/","title":{"rendered":"\u00c9cran LED mat IPS FHD 14&Prime; N140HCE-ET2\/G53, 1920 x 1080, 30 broches, affichage \u00e9clatant"},"content":{"rendered":"<p>Mod\u00e8le d&rsquo;\u00e9cran actuel\u00a0: B140HAN04.D \/ B140HA07.1 \/ NV140FHM-N4T V8.2 \/ N140HCA-EEK &#8211; Enti\u00e8rement compatible avec les mod\u00e8les N140HCE-ET2 et N140HCE-G53.<\/p>\n<p>D\u00e9couvrez le N140HCE-ET2 \/ N140HCE-G53, un \u00e9cran IPS LED Full HD de 14 pouces de qualit\u00e9 sup\u00e9rieure con\u00e7u pour propulser votre exp\u00e9rience visuelle vers de nouveaux sommets. Avec son impressionnante r\u00e9solution de 1920 x 1080, cet \u00e9cran offre non seulement des images nettes et claires, mais aussi des couleurs \u00e9clatantes et profondes. Sa finition mate r\u00e9duit les reflets et les reflets, offrant un confort de vision optimal quelles que soient les conditions d&rsquo;\u00e9clairage. C&rsquo;est le choix id\u00e9al pour les environnements professionnels comme pour un usage personnel. <\/p>\n<p><strong>Fonctionnalit\u00e9s exceptionnelles\u00a0:<\/strong><\/p>\n<ul>\n<li><strong>R\u00e9solution Full HD\u00a0:<\/strong> D\u00e9couvrez la diff\u00e9rence avec des images nettes et d\u00e9taill\u00e9es qui subliment chaque t\u00e2che, de la conception graphique et du montage vid\u00e9o \u00e0 la diffusion de vos \u00e9missions pr\u00e9f\u00e9r\u00e9es et aux jeux.<\/li>\n<li><strong>Technologie IPS\u00a0:<\/strong> Profitez de couleurs homog\u00e8nes et pr\u00e9cises gr\u00e2ce \u00e0 de larges angles de vision, pour un rendu optimal de votre travail et de vos divertissements, o\u00f9 que vous soyez dans la pi\u00e8ce.<\/li>\n<li><strong>Rev\u00eatement antireflet mat\u00a0:<\/strong> Dites adieu aux reflets g\u00eanants et aux reflets gr\u00e2ce \u00e0 la finition mate, con\u00e7ue pour minimiser la fatigue oculaire et rendre votre exp\u00e9rience visuelle plus agr\u00e9able, m\u00eame apr\u00e8s des heures d&rsquo;utilisation.<\/li>\n<li><strong>Connecteur 30 broches\u00a0:<\/strong> L&rsquo;\u00e9cran est \u00e9quip\u00e9 d&rsquo;un connecteur 30 broches, offrant une compatibilit\u00e9 parfaite et une installation facile sur une large gamme d&rsquo;appareils.<\/li>\n<\/ul>\n<p>Que vous soyez un professionnel recherchant la pr\u00e9cision dans vos projets visuels, ou un \u00e9tudiant Que vous privil\u00e9giiez la clart\u00e9 et le confort pour \u00e9tudier ou que vous soyez un passionn\u00e9 de divertissement \u00e0 la recherche d&rsquo;une exp\u00e9rience visuelle plus immersive, l&rsquo;\u00e9cran N140HCE-ET2 \/ N140HCE-G53 est fait pour vous. Son design \u00e9l\u00e9gant et sa technologie avanc\u00e9e optimisent non seulement votre exp\u00e9rience visuelle, mais lui conf\u00e8rent \u00e9galement une polyvalence optimale, quel que soit l&rsquo;environnement. Mettez \u00e0 niveau votre appareil d\u00e8s aujourd&rsquo;hui et plongez dans un monde d&rsquo;images et de couleurs \u00e9clatantes.<\/p>\n","protected":false},"excerpt":{"rendered":"<p>Lib\u00e9rez tout le potentiel de vos images avec le N140HCE-ET2 \/ N140HCE-G53, un \u00e9cran LED FHD IPS mat de 14 pouces. Dot\u00e9 d&rsquo;une r\u00e9solution exceptionnelle de 1920 x 1080 et d&rsquo;un connecteur 30 broches, cet \u00e9cran offre des couleurs riches et des angles de vision larges, parfaits pour une exp\u00e9rience professionnelle et de divertissement immersive.<\/p>\n","protected":false},"featured_media":13454,"template":"","meta":[],"product_brand":[],"product_cat":[98,95],"product_tag":[],"class_list":{"0":"post-13440","1":"product","2":"type-product","3":"status-publish","4":"has-post-thumbnail","6":"product_cat-14-new-laptop-screens-lcd-panels","7":"product_cat-new-laptop-screens-lcd-panels","9":"first","10":"instock","11":"taxable","12":"shipping-taxable","13":"purchasable","14":"product-type-simple"},"_links":{"self":[{"href":"https:\/\/boreait.com\/fr\/wp-json\/wp\/v2\/product\/13440","targetHints":{"allow":["GET"]}}],"collection":[{"href":"https:\/\/boreait.com\/fr\/wp-json\/wp\/v2\/product"}],"about":[{"href":"https:\/\/boreait.com\/fr\/wp-json\/wp\/v2\/types\/product"}],"wp:featuredmedia":[{"embeddable":true,"href":"https:\/\/boreait.com\/fr\/wp-json\/wp\/v2\/media\/13454"}],"wp:attachment":[{"href":"https:\/\/boreait.com\/fr\/wp-json\/wp\/v2\/media?parent=13440"}],"wp:term":[{"taxonomy":"product_brand","embeddable":true,"href":"https:\/\/boreait.com\/fr\/wp-json\/wp\/v2\/product_brand?post=13440"},{"taxonomy":"product_cat","embeddable":true,"href":"https:\/\/boreait.com\/fr\/wp-json\/wp\/v2\/product_cat?post=13440"},{"taxonomy":"product_tag","embeddable":true,"href":"https:\/\/boreait.com\/fr\/wp-json\/wp\/v2\/product_tag?post=13440"}],"curies":[{"name":"wp","href":"https:\/\/api.w.org\/{rel}","templated":true}]}}