{"id":13439,"date":"2025-09-15T16:38:59","date_gmt":"2025-09-15T14:38:59","guid":{"rendered":"https:\/\/boreait.com\/fr\/?post_type=product&#038;p=13439"},"modified":"2025-09-15T16:39:25","modified_gmt":"2025-09-15T14:39:25","slug":"ecran-ips-led-fhd-mat-14-n140hca-e5b-1920-x-1080-30-broches-haute-clarte","status":"publish","type":"product","link":"https:\/\/boreait.com\/fr\/produit\/ecran-ips-led-fhd-mat-14-n140hca-e5b-1920-x-1080-30-broches-haute-clarte\/","title":{"rendered":"\u00c9cran IPS LED FHD mat 14\u00a0\u00bb N140HCA-E5B, 1920 x 1080, 30 broches, haute clart\u00e9"},"content":{"rendered":"<p>Mod\u00e8le d&rsquo;\u00e9cran actuel\u00a0: B140HAN04.D \/ B140HA07.1 \/ NV140FHM-N4T V8.2 \/ N140HCA-EEK &#8211; enti\u00e8rement compatible avec le N140HCA-E5B.<\/p>\n<p>D\u00e9couvrez une exp\u00e9rience visuelle sup\u00e9rieure avec le N140HCA-E5B, un \u00e9cran LED IPS Full HD de 14 pouces \u00e0 la pointe de la technologie, con\u00e7u pour donner vie \u00e0 votre univers num\u00e9rique. Avec sa r\u00e9solution de 1920 x 1080, cet \u00e9cran offre des images nettes et claires et des couleurs \u00e9clatantes, transformant chaque instant pass\u00e9 \u00e0 l&rsquo;\u00e9cran en un v\u00e9ritable plaisir visuel. La technologie IPS garantit des couleurs homog\u00e8nes sur de larges angles de vision, id\u00e9ale pour les professionnels de la cr\u00e9ation et les passionn\u00e9s de multim\u00e9dia recherchant pr\u00e9cision et d\u00e9tails visuels.<\/p>\n<p><strong>Caract\u00e9ristiques exceptionnelles\u00a0:<\/strong><\/p>\n<ul>\n<li><strong>R\u00e9solution Full HD\u00a0:<\/strong> Am\u00e9liorez votre exp\u00e9rience visuelle avec des images nettes et d\u00e9taill\u00e9es, \u00e9clatantes de vie. Qu&rsquo;il s&rsquo;agisse de conceptions complexes, d&rsquo;analyses d\u00e9taill\u00e9es ou de profiter de vos films et jeux pr\u00e9f\u00e9r\u00e9s, la clart\u00e9 et la profondeur de l&rsquo;\u00e9cran sont in\u00e9gal\u00e9es.<\/li>\n<li><strong>Technologie IPS<\/strong>\u00a0: Profitez de couleurs r\u00e9alistes et d&rsquo;angles de vision larges. La dalle IPS pr\u00e9serve l&rsquo;int\u00e9grit\u00e9 et la coh\u00e9rence des couleurs, ce qui en fait l&rsquo;\u00e9cran id\u00e9al pour partager votre \u00e9cran avec d&rsquo;autres personnes sans perte de qualit\u00e9.<\/li>\n<li><strong>Surface mate antireflet<\/strong>\u00a0: Dites adieu aux reflets g\u00eanants. La finition mate minimise non seulement les reflets, rendant l&rsquo;\u00e9cran plus agr\u00e9able pour les yeux dans les environnements lumineux, mais am\u00e9liore \u00e9galement l&rsquo;exp\u00e9rience visuelle globale en am\u00e9liorant la visibilit\u00e9.<\/li>\n<li><strong>Connecteur 30 broches<\/strong>\u00a0: Con\u00e7u pour une compatibilit\u00e9 optimale et une installation facile, le connecteur 30 broches simplifie la mise \u00e0 niveau de votre appareil, \u00e9largissant ainsi la gamme d&rsquo;appareils compatibles.<\/li>\n<\/ul>\n<p>L&rsquo;\u00e9cran N140HCA-E5B surpasse les capacit\u00e9s d&rsquo;affichage classiques, offrant non seulement une vue, mais aussi une vision. C&rsquo;est la mise \u00e0 niveau id\u00e9ale pour tous ceux qui recherchent une qualit\u00e9 visuelle sup\u00e9rieure, des professionnels qui comptent sur la pr\u00e9cision des couleurs pour leurs projets aux joueurs et cin\u00e9philes en qu\u00eate de divertissement immersif. Optimisez votre appareil avec le N140HCA-E5B et entrez dans un monde plus lumineux et plus color\u00e9.<\/p>\n","protected":false},"excerpt":{"rendered":"<p>B\u00e9n\u00e9ficiez d&rsquo;une clart\u00e9 in\u00e9gal\u00e9e avec le N140HCA-E5B, un \u00e9cran LED IPS FHD mat de 14 pouces. Cet \u00e9cran d&rsquo;une r\u00e9solution de 1920 x 1080, dot\u00e9 d&rsquo;un connecteur 30 broches, offre des couleurs \u00e9clatantes et de larges angles de vision, id\u00e9al pour les t\u00e2ches professionnelles exigeantes comme pour les divertissements de haute qualit\u00e9.<\/p>\n","protected":false},"featured_media":13454,"template":"","meta":[],"product_brand":[],"product_cat":[98,95],"product_tag":[],"class_list":{"0":"post-13439","1":"product","2":"type-product","3":"status-publish","4":"has-post-thumbnail","6":"product_cat-14-new-laptop-screens-lcd-panels","7":"product_cat-new-laptop-screens-lcd-panels","9":"first","10":"instock","11":"taxable","12":"shipping-taxable","13":"purchasable","14":"product-type-simple"},"_links":{"self":[{"href":"https:\/\/boreait.com\/fr\/wp-json\/wp\/v2\/product\/13439","targetHints":{"allow":["GET"]}}],"collection":[{"href":"https:\/\/boreait.com\/fr\/wp-json\/wp\/v2\/product"}],"about":[{"href":"https:\/\/boreait.com\/fr\/wp-json\/wp\/v2\/types\/product"}],"wp:featuredmedia":[{"embeddable":true,"href":"https:\/\/boreait.com\/fr\/wp-json\/wp\/v2\/media\/13454"}],"wp:attachment":[{"href":"https:\/\/boreait.com\/fr\/wp-json\/wp\/v2\/media?parent=13439"}],"wp:term":[{"taxonomy":"product_brand","embeddable":true,"href":"https:\/\/boreait.com\/fr\/wp-json\/wp\/v2\/product_brand?post=13439"},{"taxonomy":"product_cat","embeddable":true,"href":"https:\/\/boreait.com\/fr\/wp-json\/wp\/v2\/product_cat?post=13439"},{"taxonomy":"product_tag","embeddable":true,"href":"https:\/\/boreait.com\/fr\/wp-json\/wp\/v2\/product_tag?post=13439"}],"curies":[{"name":"wp","href":"https:\/\/api.w.org\/{rel}","templated":true}]}}