{"id":13420,"date":"2025-09-15T16:38:34","date_gmt":"2025-09-15T14:38:34","guid":{"rendered":"https:\/\/boreait.com\/fr\/?post_type=product&#038;p=13420"},"modified":"2025-09-15T16:39:24","modified_gmt":"2025-09-15T14:39:24","slug":"ecran-led-ips-mat-14-fhd-lp140wfa-spm1-1920-x-1080-30-broches-antireflet","status":"publish","type":"product","link":"https:\/\/boreait.com\/fr\/produit\/ecran-led-ips-mat-14-fhd-lp140wfa-spm1-1920-x-1080-30-broches-antireflet\/","title":{"rendered":"\u00c9cran LED IPS mat 14&Prime; FHD LP140WFA-SPM1, 1920 x 1080, 30 broches, antireflet"},"content":{"rendered":"<p>Mod\u00e8le d&rsquo;\u00e9cran actuel\u00a0: B140HAN04.D \/ B140HA07.1 \/ NV140FHM-N4T V8.2 \/ N140HCA-EEK &#8211; enti\u00e8rement compatible avec le LLP140WFA-SPM1.<\/p>\n<p>D\u00e9couvrez le LP140WFA-SPM1, un \u00e9cran IPS LED Full HD haut de gamme de 14 pouces con\u00e7u pour propulser votre exp\u00e9rience visuelle vers de nouveaux sommets. Avec sa r\u00e9solution de 1920 x 1080, cet \u00e9cran offre une clart\u00e9 in\u00e9gal\u00e9e et des couleurs \u00e9clatantes, ce qui en fait une solution id\u00e9ale pour les professionnels comme pour les passionn\u00e9s.<\/p>\n<p><strong>Caract\u00e9ristiques principales\u00a0:<\/strong><\/p>\n<ul>\n<li><strong>R\u00e9solution Full HD\u00a0:<\/strong> Profitez d&rsquo;une clart\u00e9 et d&rsquo;un niveau de d\u00e9tail \u00e9poustouflants, avec des couleurs \u00e9clatantes et des contrastes profonds. La r\u00e9solution Full HD garantit que chaque pixel compte, vous offrant une exp\u00e9rience visuelle immersive, que vous travailliez, jouiez ou regardiez du contenu.<\/li>\n<li><strong>Technologie IPS<\/strong>\u00a0: Profitez d&rsquo;une reproduction des couleurs homog\u00e8ne et de larges angles de vision. La technologie IPS vous permet de profiter d&rsquo;une qualit\u00e9 visuelle identique quel que soit l&rsquo;angle de vue, ce qui en fait un \u00e9cran id\u00e9al pour partager votre \u00e9cran avec d&rsquo;autres personnes.<\/li>\n<li><strong>Rev\u00eatement antireflet mat<\/strong>\u00a0: Dites adieu aux reflets g\u00eanants. La finition mate r\u00e9duit les reflets et vous permet de travailler confortablement dans toutes les conditions d&rsquo;\u00e9clairage, r\u00e9duisant ainsi la fatigue oculaire en cas d&rsquo;utilisation prolong\u00e9e.<\/li>\n<li><strong>Connecteur 30 broches<\/strong>\u00a0: La compatibilit\u00e9 est essentielle. Cet \u00e9cran est \u00e9quip\u00e9 d&rsquo;un connecteur 30 broches, ce qui facilite son installation et sa compatibilit\u00e9 avec une large gamme d&rsquo;appareils.<\/li>\n<\/ul>\n<p>Le LP140WFA-SPM1 n&rsquo;est pas qu&rsquo;un simple \u00e9cran\u00a0; c&rsquo;est un investissement pour votre productivit\u00e9 et votre divertissement. Que vous retouchiez des images haute r\u00e9solution, calculiez des chiffres ou vous plongeiez dans vos films et jeux pr\u00e9f\u00e9r\u00e9s, cet \u00e9cran est con\u00e7u pour vous offrir une exp\u00e9rience visuelle in\u00e9gal\u00e9e. Son design \u00e9l\u00e9gant et ses propri\u00e9t\u00e9s antireflets en font un choix polyvalent pour tous les environnements. Am\u00e9liorez votre appareil avec le LP140WFA-SPM1 et constatez la diff\u00e9rence \u00e0 chaque pixel.<\/p>\n","protected":false},"excerpt":{"rendered":"<p>Plongez dans un monde d&rsquo;images d&rsquo;une nettet\u00e9 exceptionnelle avec le LP140WFA-SPM1, un \u00e9cran LED FHD IPS mat de 14 pouces. Cet \u00e9cran d&rsquo;une r\u00e9solution de 1920 x 1080 est dot\u00e9 d&rsquo;un connecteur 30 broches et d&rsquo;une finition antireflet, id\u00e9al pour une exp\u00e9rience visuelle optimale quelles que soient les conditions d&rsquo;\u00e9clairage.<\/p>\n","protected":false},"featured_media":13454,"template":"","meta":[],"product_brand":[],"product_cat":[98,95],"product_tag":[],"class_list":{"0":"post-13420","1":"product","2":"type-product","3":"status-publish","4":"has-post-thumbnail","6":"product_cat-14-new-laptop-screens-lcd-panels","7":"product_cat-new-laptop-screens-lcd-panels","9":"first","10":"instock","11":"taxable","12":"shipping-taxable","13":"purchasable","14":"product-type-simple"},"_links":{"self":[{"href":"https:\/\/boreait.com\/fr\/wp-json\/wp\/v2\/product\/13420","targetHints":{"allow":["GET"]}}],"collection":[{"href":"https:\/\/boreait.com\/fr\/wp-json\/wp\/v2\/product"}],"about":[{"href":"https:\/\/boreait.com\/fr\/wp-json\/wp\/v2\/types\/product"}],"wp:featuredmedia":[{"embeddable":true,"href":"https:\/\/boreait.com\/fr\/wp-json\/wp\/v2\/media\/13454"}],"wp:attachment":[{"href":"https:\/\/boreait.com\/fr\/wp-json\/wp\/v2\/media?parent=13420"}],"wp:term":[{"taxonomy":"product_brand","embeddable":true,"href":"https:\/\/boreait.com\/fr\/wp-json\/wp\/v2\/product_brand?post=13420"},{"taxonomy":"product_cat","embeddable":true,"href":"https:\/\/boreait.com\/fr\/wp-json\/wp\/v2\/product_cat?post=13420"},{"taxonomy":"product_tag","embeddable":true,"href":"https:\/\/boreait.com\/fr\/wp-json\/wp\/v2\/product_tag?post=13420"}],"curies":[{"name":"wp","href":"https:\/\/api.w.org\/{rel}","templated":true}]}}