{"id":13418,"date":"2025-09-15T16:38:34","date_gmt":"2025-09-15T14:38:34","guid":{"rendered":"https:\/\/boreait.com\/fr\/?post_type=product&#038;p=13418"},"modified":"2025-09-15T16:39:23","modified_gmt":"2025-09-15T14:39:23","slug":"ecran-led-ips-mat-14-nv140fhm-n4f-1920-x-1080-fhd-30-broches-antireflet","status":"publish","type":"product","link":"https:\/\/boreait.com\/fr\/produit\/ecran-led-ips-mat-14-nv140fhm-n4f-1920-x-1080-fhd-30-broches-antireflet\/","title":{"rendered":"\u00c9cran LED IPS mat 14&Prime; NV140FHM-N4F 1920 x 1080 FHD, 30 broches, antireflet"},"content":{"rendered":"<p>Mod\u00e8le d&rsquo;\u00e9cran actuel\u00a0: B140HAN04.D \/ B140HA07.1 \/ NV140FHM-N4T V8.2 \/ N140HCA-EEK &#8211; enti\u00e8rement compatible avec le NV140FHM-N4F.<\/p>\n<p>D\u00e9couvrez le NV140FHM-N4F, un \u00e9cran de pointe, pour une exp\u00e9rience visuelle sup\u00e9rieure. Cet \u00e9cran LED de 14 pouces, dot\u00e9 d&rsquo;une r\u00e9solution Full HD (1920 x 1080), donne vie \u00e0 vos contenus avec des images nettes et \u00e9clatantes. La technologie IPS, int\u00e9gr\u00e9e \u00e0 son c\u0153ur, garantit de larges angles de vision et une pr\u00e9cision des couleurs exceptionnelle, ce qui en fait le choix id\u00e9al pour les professionnels du graphisme, de la photographie et du montage vid\u00e9o, ainsi que pour tous ceux qui appr\u00e9cient le streaming et les jeux vid\u00e9o de haute qualit\u00e9. <\/p>\n<p><strong>Caract\u00e9ristiques principales\u00a0:<\/strong><\/p>\n<ul>\n<li><strong>R\u00e9solution Full HD\u00a0:<\/strong> Offre des images nettes et d\u00e9taill\u00e9es et des couleurs \u00e9clatantes pour une exp\u00e9rience visuelle immersive.<\/li>\n<li><strong>Technologie IPS\u00a0:<\/strong> Offre de larges angles de vision et une reproduction des couleurs homog\u00e8ne, id\u00e9ale pour partager votre \u00e9cran.<\/li>\n<li><strong>Finition mate antireflet\u00a0:<\/strong> Profitez de votre \u00e9cran dans n&rsquo;importe quel environnement sans les inconv\u00e9nients des reflets.<\/li>\n<li><strong>Connectivit\u00e9 30 broches\u00a0:<\/strong> Installation facile avec les appareils compatibles, pour une mise \u00e0 niveau ais\u00e9e de votre syst\u00e8me.<\/li>\n<\/ul>\n<p>Le NV140FHM-N4F n&rsquo;est pas qu&rsquo;un simple \u00e9cran\u00a0; il am\u00e9liore consid\u00e9rablement vos besoins informatiques et de divertissement au quotidien. Sa finition mate et ses propri\u00e9t\u00e9s antireflets vous permettent de travailler confortablement pendant des heures ou de vous adonner \u00e0 vos s\u00e9ries et jeux pr\u00e9f\u00e9r\u00e9s sans fatigue oculaire. Am\u00e9liorez votre appareil avec cet \u00e9cran et entrez dans un monde d\u2019images claires et vives.<\/p>\n","protected":false},"excerpt":{"rendered":"<p>Am\u00e9liorez votre exp\u00e9rience visuelle avec le NV140FHM-N4F, un \u00e9cran LED IPS mat de 14 pouces offrant une clart\u00e9 Full HD exceptionnelle. Avec une r\u00e9solution de 1920 x 1080 et un connecteur 30 broches, cet \u00e9cran antireflet offre des images \u00e9clatantes sans reflets, id\u00e9al pour le travail comme pour le divertissement.<\/p>\n","protected":false},"featured_media":13454,"template":"","meta":[],"product_brand":[],"product_cat":[98,95],"product_tag":[],"class_list":{"0":"post-13418","1":"product","2":"type-product","3":"status-publish","4":"has-post-thumbnail","6":"product_cat-14-new-laptop-screens-lcd-panels","7":"product_cat-new-laptop-screens-lcd-panels","9":"first","10":"instock","11":"taxable","12":"shipping-taxable","13":"purchasable","14":"product-type-simple"},"_links":{"self":[{"href":"https:\/\/boreait.com\/fr\/wp-json\/wp\/v2\/product\/13418","targetHints":{"allow":["GET"]}}],"collection":[{"href":"https:\/\/boreait.com\/fr\/wp-json\/wp\/v2\/product"}],"about":[{"href":"https:\/\/boreait.com\/fr\/wp-json\/wp\/v2\/types\/product"}],"wp:featuredmedia":[{"embeddable":true,"href":"https:\/\/boreait.com\/fr\/wp-json\/wp\/v2\/media\/13454"}],"wp:attachment":[{"href":"https:\/\/boreait.com\/fr\/wp-json\/wp\/v2\/media?parent=13418"}],"wp:term":[{"taxonomy":"product_brand","embeddable":true,"href":"https:\/\/boreait.com\/fr\/wp-json\/wp\/v2\/product_brand?post=13418"},{"taxonomy":"product_cat","embeddable":true,"href":"https:\/\/boreait.com\/fr\/wp-json\/wp\/v2\/product_cat?post=13418"},{"taxonomy":"product_tag","embeddable":true,"href":"https:\/\/boreait.com\/fr\/wp-json\/wp\/v2\/product_tag?post=13418"}],"curies":[{"name":"wp","href":"https:\/\/api.w.org\/{rel}","templated":true}]}}